{"id":5814,"date":"2021-05-23T12:40:32","date_gmt":"2021-05-23T12:40:32","guid":{"rendered":"http:\/\/accursed-mountains.me\/nacionalni-parkovi\/prokletije-national-park-montenegro\/"},"modified":"2021-07-01T14:42:06","modified_gmt":"2021-07-01T14:42:06","slug":"np-prokletije-crna-gora","status":"publish","type":"page","link":"https:\/\/accursed-mountains.me\/bs\/nacionalni-parkovi\/np-prokletije-crna-gora\/","title":{"rendered":"NP Prokletije (Crna Gora)"},"content":{"rendered":"<section class=\"l-section wpb_row height_medium\"><div class=\"l-section-h i-cf\"><div class=\"g-cols cols_1 laptops-cols_inherit tablets-cols_1 mobiles-cols_1 valign_top\"><div class=\"vc_col-sm-12 wpb_column vc_column_container\"><div class=\"vc_column-inner\"><div class=\"wpb_wrapper\"><div class=\"wpb_text_column\"><div class=\"wpb_wrapper\"><p><span style=\"font-weight: 400;\">Nacionalni park Prokletije najmla\u0111i je park u Crnoj Gori ali i u dinarskom predjelu. Slu\u017ebeno je imenovan nacionalnim parkom 2009.godine, prvenstveno zbog bogatstva flore i faune koje ovo podru\u010dje karakteri\u0161u kao centar viskoplaninskog diverziteta. Osim toga, karakteristika Prokletija su i specifi\u010dan reljef i bogatstvo voda. U tom smislu izdvajaju se glacijalna jezera: <\/span><span style=\"font-weight: 400;\">Hridsko, Visitorsko, Ropojansko, Tatarijsko, Bjelajsko, jezerce na Vezirovoj Bradi, jezerce na Treskavcu, Koljindarsko, kao i ve\u0107i i manji vodotoci, vrela i izvori pitke i mineralne vode, rijeke, podzemni izdani i planinske lokve.<\/span><span style=\"font-weight: 400;\"> Reljef Prokletija je razu\u0111en, sa brojnim visovima, klisurama, strmim padinama, rije\u010dnim dolinama alpskog tipa i drugim prirodnim fenomenima.\u00a0<\/span><\/p>\n<p><span style=\"font-weight: 400;\">Zbog svoje ljepote, nepristupa\u010dnosti, bogatvsta biodiverziteta, Nacionalni park Prokletije postaje omiljena destinacija za sve ve\u0107i broj turista, ljubitelja prirode, naro\u010dito planinara i alpinista. Popularno odredi\u0161te i polazna ta\u010dka za gotovo sve markirane staze u parku su dvije prostrane i \u0161iroke doline oukvirane planinskim vrhovima \u2013 Grebaja i Ropojana. Pogledi i panorame u kojima mo\u017eete u\u017eivati kada dosegnete najvi\u0161e ta\u010dke Prokletija su jednostavno \u010dudesni. Najpopularnije planinarske staze vode do vrha Volu\u0161nice (1879 m), Talijanke (2056 m) i Popadije (2057 m). Sa druge strane, izazovne i atraktivne staze vode do najvi\u0161ih vrhova Prokletija u Crnoj Gori poput <\/span><i><span style=\"font-weight: 400;\">Zla kolate<\/span><\/i><span style=\"font-weight: 400;\">, Karanfila i O\u010dnjaka. Tako\u0111e, prilikom posjete Nacionalnom parku nezaobilazan je obilazak Hridskog jezera, Vodopada Grlje, Oka Skakavice koji se izdvajaju kao turisti\u010dki najposje\u0107enija mjesta.\u00a0<\/span><\/p>\n<p><span style=\"font-weight: 400;\">Kada je rije\u010d o bogatstvu biodiverziteta, impresionira \u010dinjenica da u NP Prokletije \u017eivi skoro 2000 razli\u010ditih biljnih vrsta \u0161to je polovina ukupne flore u Crnoj Gori i skoro petina ukupne balkanske flore. Nacionalni park obiluje bogatstvom \u0161uma pri \u010demu skoro polovina ima pra\u0161umski karakter. <\/span><span style=\"font-weight: 400;\">Tako\u0111e, na Prokletijama je zabilje\u017een veliki broj endema koji \u010dine zna\u010dajan dio endemi\u010dne flore Balkanskog poluostrva<\/span><span style=\"font-weight: 400;\">.\u00a0<\/span><\/p>\n<p><span style=\"font-weight: 400;\">\u017divotinjski svijet je tako\u0111e izuzetno raznovrstan. Nacionalni park Prokletije se izdvaja kao najzna\u010dajniji centar diverziteta herpetofaune. Kada je rije\u010d o ornitofauni, <\/span><span style=\"font-weight: 400;\">na ovom podru\u010dju je registrovano preko 180 vrsta ptica, \u0161to Prokletije opisuje kao planinaski masiv sa najbogatijom ornitofaunom u Crnoj Gori, pa i \u0161ire. Pa\u017enju privla\u010di i \u010dinjenica da na ovom podru\u010dju zabilje\u017eeno i prisustvo ugro\u017eenih i za\u0161ti\u0107enih vrsta sisara. Naj\u010de\u0161\u0107i stanovnici prokletijskih \u0161uma su<\/span><span style=\"font-weight: 400;\">: zec, vuk, mrki medvjed, divlja svinja, divokoza, srna. Njihova stani\u0161ta su visokoplaninski regioni, doline Ropojane i Grbaje, \u0161umski kompleksi, planinska jezera i rijeke.<\/span><\/p>\n<p style=\"text-align: justify;\"><span style=\"font-weight: 400;\">Na teritoriji parka nalaze se sva rezervata prirode, odnosno podru\u010dja sa izuzetnim prirodnim vrijednostima koja zavre\u0111uju posebnu floristi\u010dku i ambijentalno-estetsku pa\u017enju \u2013 Hridsko jezero i Volu\u0161nica<\/span><i><span style=\"font-weight: 400;\">. <\/span><\/i><\/p>\n<\/div><\/div><div class=\"w-separator size_small\"><\/div><div class=\"w-grid type_masonry layout_gallery_default cols_6 with_isotope with_css_animation\" id=\"us_grid_1\" data-filterable=\"true\"><style>#us_grid_1 .w-grid-item{padding:5px}#us_grid_1 .w-grid-list{margin:-5px -5px 5px}.w-grid + #us_grid_1 .w-grid-list{margin-top:5px}@media (max-width:1199px){#us_grid_1 .w-grid-item{width:33.3333%}}@media (max-width:899px){#us_grid_1 .w-grid-item{width:50.0000%}}@media (max-width:599px){#us_grid_1 .w-grid-list{margin:0}#us_grid_1 .w-grid-item{width:100.0000%;padding:0;margin-bottom:5px}}.layout_gallery_default .w-grid-item-h{}<\/style><div class=\"w-grid-list\">\t<article class=\"w-grid-item animate_fade off_autostart post-4935 attachment type-attachment status-inherit hentry\" data-id=\"4935\" style=\"animation-delay:0s\">\r\n\t\t<div class=\"w-grid-item-h\">\r\n\t\t\t\t\t\t\t<a class=\"w-grid-item-anchor\" href=\"https:\/\/accursed-mountains.me\/wp-content\/uploads\/2021\/06\/Hridsko-14.jpg\" ref=\"magnificPopupGrid\" title=\"Hridsko Lake &#8211; Montenegro\"><\/a>\r\n\t\t\t\t\t\t<div class=\"w-post-elm post_image usg_post_image_1 stretched\"><img loading=\"lazy\" decoding=\"async\" width=\"600\" height=\"600\" src=\"https:\/\/accursed-mountains.me\/wp-content\/uploads\/2021\/06\/Hridsko-14-600x600.jpg\" class=\"attachment-us_600_600_crop size-us_600_600_crop\" alt=\"\" \/><\/div>\t\t<\/div>\r\n\t<\/article>\r\n\t<article class=\"w-grid-item animate_fade off_autostart post-4941 attachment type-attachment status-inherit hentry\" data-id=\"4941\" style=\"animation-delay:0.1s\">\r\n\t\t<div class=\"w-grid-item-h\">\r\n\t\t\t\t\t\t\t<a class=\"w-grid-item-anchor\" href=\"https:\/\/accursed-mountains.me\/wp-content\/uploads\/2021\/06\/Hridsko-Vodenica-Pentax-K-5-25.09.2011-16-53-28-scaled.jpg\" ref=\"magnificPopupGrid\" title=\"Hridsko Lake &#8211; Montenegro\"><\/a>\r\n\t\t\t\t\t\t<div class=\"w-post-elm post_image usg_post_image_1 stretched\"><img loading=\"lazy\" decoding=\"async\" width=\"600\" height=\"600\" src=\"https:\/\/accursed-mountains.me\/wp-content\/uploads\/2021\/06\/Hridsko-Vodenica-Pentax-K-5-25.09.2011-16-53-28-600x600.jpg\" class=\"attachment-us_600_600_crop size-us_600_600_crop\" alt=\"\" \/><\/div>\t\t<\/div>\r\n\t<\/article>\r\n\t<article class=\"w-grid-item animate_fade off_autostart post-5609 attachment type-attachment status-inherit hentry\" data-id=\"5609\" style=\"animation-delay:0.2s\">\r\n\t\t<div class=\"w-grid-item-h\">\r\n\t\t\t\t\t\t\t<a class=\"w-grid-item-anchor\" href=\"https:\/\/accursed-mountains.me\/wp-content\/uploads\/2021\/06\/Dolina-Ropojane-2-photo-Igor-Stojovic-scaled.jpg\" ref=\"magnificPopupGrid\" title=\"Dolina Ropojane 2, photo Igor Stojovi\u0107\"><\/a>\r\n\t\t\t\t\t\t<div class=\"w-post-elm post_image usg_post_image_1 stretched\"><img loading=\"lazy\" decoding=\"async\" width=\"600\" height=\"600\" src=\"https:\/\/accursed-mountains.me\/wp-content\/uploads\/2021\/06\/Dolina-Ropojane-2-photo-Igor-Stojovic-600x600.jpg\" class=\"attachment-us_600_600_crop size-us_600_600_crop\" alt=\"\" \/><\/div>\t\t<\/div>\r\n\t<\/article>\r\n\t<article class=\"w-grid-item animate_fade off_autostart post-5151 attachment type-attachment status-inherit hentry\" data-id=\"5151\" style=\"animation-delay:0.3s\">\r\n\t\t<div class=\"w-grid-item-h\">\r\n\t\t\t\t\t\t\t<a class=\"w-grid-item-anchor\" href=\"https:\/\/accursed-mountains.me\/wp-content\/uploads\/2021\/06\/PENTAX-K-5-20-05-2012-12-07-47.jpg\" ref=\"magnificPopupGrid\" title=\"GREBAJE VALLEY\"><\/a>\r\n\t\t\t\t\t\t<div class=\"w-post-elm post_image usg_post_image_1 stretched\"><img loading=\"lazy\" decoding=\"async\" width=\"600\" height=\"600\" src=\"https:\/\/accursed-mountains.me\/wp-content\/uploads\/2021\/06\/PENTAX-K-5-20-05-2012-12-07-47-600x600.jpg\" class=\"attachment-us_600_600_crop size-us_600_600_crop\" alt=\"\" \/><\/div>\t\t<\/div>\r\n\t<\/article>\r\n\t<article class=\"w-grid-item animate_fade off_autostart post-5669 attachment type-attachment status-inherit hentry\" data-id=\"5669\" style=\"animation-delay:0.4s\">\r\n\t\t<div class=\"w-grid-item-h\">\r\n\t\t\t\t\t\t\t<a class=\"w-grid-item-anchor\" href=\"https:\/\/accursed-mountains.me\/wp-content\/uploads\/2021\/06\/misa-kamena-020.jpg\" ref=\"magnificPopupGrid\" title=\"Tatarija, Misa, Greben\"><\/a>\r\n\t\t\t\t\t\t<div class=\"w-post-elm post_image usg_post_image_1 stretched\"><img loading=\"lazy\" decoding=\"async\" width=\"600\" height=\"600\" src=\"https:\/\/accursed-mountains.me\/wp-content\/uploads\/2021\/06\/misa-kamena-020-600x600.jpg\" class=\"attachment-us_600_600_crop size-us_600_600_crop\" alt=\"\" \/><\/div>\t\t<\/div>\r\n\t<\/article>\r\n\t<article class=\"w-grid-item animate_fade off_autostart post-5149 attachment type-attachment status-inherit hentry\" data-id=\"5149\" style=\"animation-delay:0.5s\">\r\n\t\t<div class=\"w-grid-item-h\">\r\n\t\t\t\t\t\t\t<a class=\"w-grid-item-anchor\" href=\"https:\/\/accursed-mountains.me\/wp-content\/uploads\/2021\/06\/PENTAX-K-5-12-05-2012-16-37-51.jpg\" ref=\"magnificPopupGrid\" title=\"PENTAX K-5 12-05-2012 16-37-51\"><\/a>\r\n\t\t\t\t\t\t<div class=\"w-post-elm post_image usg_post_image_1 stretched\"><img loading=\"lazy\" decoding=\"async\" width=\"600\" height=\"600\" src=\"https:\/\/accursed-mountains.me\/wp-content\/uploads\/2021\/06\/PENTAX-K-5-12-05-2012-16-37-51-600x600.jpg\" class=\"attachment-us_600_600_crop size-us_600_600_crop\" alt=\"\" \/><\/div>\t\t<\/div>\r\n\t<\/article>\r\n<\/div><div class=\"w-grid-preloader\"><div class=\"g-preloader type_1\">\r\n\t<div><\/div>\r\n<\/div>\r\n<\/div>\t\t<div class=\"g-loadmore \">\r\n\t\t\t<div class=\"g-preloader type_1\">\r\n\t\t\t\t<div><\/div>\r\n\t\t\t<\/div>\r\n\t\t\t<a class=\"w-btn us-btn-style_1\" href=\"javascript:void(0)\">\r\n\t\t\t\t<span class=\"w-btn-label\">Load More<\/span>\r\n\t\t\t<\/a>\r\n\t\t<\/div>\r\n\t\t\t<div class=\"w-grid-json hidden\" onclick='return {&quot;action&quot;:&quot;us_ajax_grid&quot;,&quot;ajax_url&quot;:&quot;https:\\\/\\\/accursed-mountains.me\\\/wp-admin\\\/admin-ajax.php&quot;,&quot;infinite_scroll&quot;:true,&quot;max_num_pages&quot;:2,&quot;pagination&quot;:&quot;ajax&quot;,&quot;permalink_url&quot;:&quot;https:\\\/\\\/accursed-mountains.me\\\/bs\\\/wp-json\\\/wp\\\/v2\\\/pages\\\/5814\\\/&quot;,&quot;template_vars&quot;:{&quot;columns&quot;:&quot;6&quot;,&quot;exclude_items&quot;:&quot;none&quot;,&quot;img_size&quot;:&quot;default&quot;,&quot;ignore_items_size&quot;:false,&quot;items_layout&quot;:&quot;gallery_default&quot;,&quot;items_offset&quot;:&quot;1&quot;,&quot;load_animation&quot;:&quot;fade&quot;,&quot;overriding_link&quot;:&quot;popup_post_image&quot;,&quot;post_id&quot;:5814,&quot;query_args&quot;:{&quot;post_type&quot;:[&quot;attachment&quot;],&quot;post__in&quot;:[&quot;3702&quot;,&quot;3684&quot;,&quot;3536&quot;,&quot;4495&quot;,&quot;4491&quot;,&quot;4533&quot;,&quot;4044&quot;,&quot;4030&quot;,&quot;4029&quot;,&quot;3967&quot;,&quot;3694&quot;,&quot;3690&quot;],&quot;post_status&quot;:&quot;inherit&quot;,&quot;post_mime_type&quot;:&quot;image&quot;,&quot;posts_per_page&quot;:&quot;6&quot;},&quot;orderby_query_args&quot;:{&quot;orderby&quot;:&quot;RAND(2092997596)&quot;},&quot;type&quot;:&quot;masonry&quot;,&quot;us_grid_ajax_index&quot;:1,&quot;us_grid_filter_params&quot;:null,&quot;us_grid_index&quot;:1,&quot;_us_grid_post_type&quot;:&quot;attachment&quot;,&quot;lang&quot;:&quot;bs&quot;}}'><\/div>\r\n\t<\/div><\/div><\/div><\/div><\/div><\/div><\/section>\n","protected":false},"excerpt":{"rendered":"","protected":false},"author":1,"featured_media":4959,"parent":5810,"menu_order":0,"comment_status":"closed","ping_status":"closed","template":"","meta":{"footnotes":""},"class_list":["post-5814","page","type-page","status-publish","has-post-thumbnail","hentry"],"_links":{"self":[{"href":"https:\/\/accursed-mountains.me\/bs\/wp-json\/wp\/v2\/pages\/5814","targetHints":{"allow":["GET"]}}],"collection":[{"href":"https:\/\/accursed-mountains.me\/bs\/wp-json\/wp\/v2\/pages"}],"about":[{"href":"https:\/\/accursed-mountains.me\/bs\/wp-json\/wp\/v2\/types\/page"}],"author":[{"embeddable":true,"href":"https:\/\/accursed-mountains.me\/bs\/wp-json\/wp\/v2\/users\/1"}],"replies":[{"embeddable":true,"href":"https:\/\/accursed-mountains.me\/bs\/wp-json\/wp\/v2\/comments?post=5814"}],"version-history":[{"count":3,"href":"https:\/\/accursed-mountains.me\/bs\/wp-json\/wp\/v2\/pages\/5814\/revisions"}],"predecessor-version":[{"id":5817,"href":"https:\/\/accursed-mountains.me\/bs\/wp-json\/wp\/v2\/pages\/5814\/revisions\/5817"}],"up":[{"embeddable":true,"href":"https:\/\/accursed-mountains.me\/bs\/wp-json\/wp\/v2\/pages\/5810"}],"wp:featuredmedia":[{"embeddable":true,"href":"https:\/\/accursed-mountains.me\/bs\/wp-json\/wp\/v2\/media\/4959"}],"wp:attachment":[{"href":"https:\/\/accursed-mountains.me\/bs\/wp-json\/wp\/v2\/media?parent=5814"}],"curies":[{"name":"wp","href":"https:\/\/api.w.org\/{rel}","templated":true}]}}