{"id":5860,"date":"2021-05-23T13:00:37","date_gmt":"2021-05-23T13:00:37","guid":{"rendered":"http:\/\/accursed-mountains.me\/nacionalni-parkovi\/bjeshket-e-nemuna-national-park-kosovo\/"},"modified":"2021-07-01T15:46:37","modified_gmt":"2021-07-01T15:46:37","slug":"np-bjeshket-e-nemuna-kosovo","status":"publish","type":"page","link":"https:\/\/accursed-mountains.me\/bs\/nacionalni-parkovi\/np-bjeshket-e-nemuna-kosovo\/","title":{"rendered":"NP Bjeshk\u00ebt e Nemuna (Kosovo)"},"content":{"rendered":"<section class=\"l-section wpb_row height_medium\"><div class=\"l-section-h i-cf\"><div class=\"g-cols cols_1 laptops-cols_inherit tablets-cols_1 mobiles-cols_1 valign_top\"><div class=\"vc_col-sm-12 wpb_column vc_column_container\"><div class=\"vc_column-inner\"><div class=\"wpb_wrapper\"><div class=\"wpb_text_column\"><div class=\"wpb_wrapper\"><p><span style=\"font-weight: 400;\">Prokletije na Kosovu se prote\u017eu pravcem sjever-jug du\u017eine 50 km i \u0161irine 26 km. Na kosovskoj strani izdi\u017eu se prema kraju ravnice (500-600 m) i dose\u017eu nadmorsku visinu od preko 2000 m, sa dubokim rije\u010dnim dolinama <\/span><i><span style=\"font-weight: 400;\">Lumbardhi <\/span><\/i><span style=\"font-weight: 400;\">i <\/span><i><span style=\"font-weight: 400;\">Erenik<\/span><\/i><span style=\"font-weight: 400;\"> i na ju\u017enoj granici sa rijekom Drin.\u00a0<\/span><\/p>\n<p><span style=\"font-weight: 400;\">Planinski masiv Prokletija sastavljen je od tri dijela:<\/span><\/p>\n<p><span style=\"font-weight: 400;\">Sjeverni dio \u010dine planine smje\u0161tene na sjeveru i sjeveroistoku Bistrice (<\/span><i><span style=\"font-weight: 400;\">Lumbardh<\/span><\/i><span style=\"font-weight: 400;\">) iz Pe\u0107i, koje po\u010dinju od <\/span><i><span style=\"font-weight: 400;\">Mali <\/span><\/i><span style=\"font-weight: 400;\">i<\/span><i><span style=\"font-weight: 400;\"> That\u00eb<\/span><\/i><span style=\"font-weight: 400;\"> iznad doline <\/span><i><span style=\"font-weight: 400;\">Dukagjini<\/span><\/i><span style=\"font-weight: 400;\"> i Mokne. Od <\/span><i><span style=\"font-weight: 400;\">Mokne<\/span><\/i><span style=\"font-weight: 400;\">, ovaj planinski lanac skre\u0107e na jugozapad i ide do <\/span><i><span style=\"font-weight: 400;\">Maja e Re<\/span><\/i><span style=\"font-weight: 400;\"> (1812 m), a odavde se prote\u017ee na zapad i nastavlja kroz <\/span><i><span style=\"font-weight: 400;\">Maja Shiqimi<\/span><\/i><span style=\"font-weight: 400;\"> (2155 m) do <\/span><i><span style=\"font-weight: 400;\">Zleba<\/span><\/i><span style=\"font-weight: 400;\"> s vrhom <\/span><i><span style=\"font-weight: 400;\">Rusolie<\/span><\/i><span style=\"font-weight: 400;\"> (2381m). Ovoj skupini planina, dalje na zapad, pripadaju i <\/span><i><span style=\"font-weight: 400;\">Shtedimi<\/span><\/i><span style=\"font-weight: 400;\"> (2272 m), <\/span><i><span style=\"font-weight: 400;\">Hajla<\/span><\/i><span style=\"font-weight: 400;\"> (2400 m), <\/span><i><span style=\"font-weight: 400;\">Mali Shishka<\/span><\/i><span style=\"font-weight: 400;\">, s vrhom <\/span><i><span style=\"font-weight: 400;\">Maja e Hasanit<\/span><\/i><span style=\"font-weight: 400;\"> (1871 m), <\/span><i><span style=\"font-weight: 400;\">Mali<\/span><\/i><span style=\"font-weight: 400;\"> i <\/span><i><span style=\"font-weight: 400;\">Begut<\/span><\/i><span style=\"font-weight: 400;\"> s vrhom Velekut (2015 m) i Pokleni (1376 m) .<\/span><\/p>\n<p><span style=\"font-weight: 400;\">Sredi\u0161nji dio \u010dine planine izme\u0111u <\/span><i><span style=\"font-weight: 400;\">Lumbardhi<\/span><\/i><span style=\"font-weight: 400;\">, <\/span><i><span style=\"font-weight: 400;\">Koprivnik<\/span><\/i><span style=\"font-weight: 400;\"> sa <\/span><i><span style=\"font-weight: 400;\">Majen \u00c7vrlen<\/span><\/i><span style=\"font-weight: 400;\"> (2460 m), planine <\/span><i><span style=\"font-weight: 400;\">Strell<\/span><\/i><span style=\"font-weight: 400;\">c s vrhom <\/span><i><span style=\"font-weight: 400;\">Strellc<\/span><\/i><span style=\"font-weight: 400;\"> (2377 m), <\/span><i><span style=\"font-weight: 400;\">Qafa<\/span><\/i><span style=\"font-weight: 400;\"> e <\/span><i><span style=\"font-weight: 400;\">Nekut<\/span><\/i><span style=\"font-weight: 400;\">, i <\/span><i><span style=\"font-weight: 400;\">Mylishevci<\/span><\/i><span style=\"font-weight: 400;\">. Dalje prema zapadu, ovaj dio pripada planinama <\/span><i><span style=\"font-weight: 400;\">Lumbardh<\/span><\/i><span style=\"font-weight: 400;\"> s vrhom <\/span><i><span style=\"font-weight: 400;\">Guri<\/span><\/i><span style=\"font-weight: 400;\"> i <\/span><i><span style=\"font-weight: 400;\">Kuq<\/span><\/i><span style=\"font-weight: 400;\"> (2522 m), <\/span><i><span style=\"font-weight: 400;\">Malet Nexhinat<\/span><\/i><span style=\"font-weight: 400;\"> (2341 m) i <\/span><i><span style=\"font-weight: 400;\">Plaku<\/span><\/i><span style=\"font-weight: 400;\"> (2426 m).<\/span><\/p>\n<p><span style=\"font-weight: 400;\">Ju\u017eni dio le\u017ei jugozapadno od Bistrice u De\u010danu i sastoji se od planina <\/span><i><span style=\"font-weight: 400;\">De\u00e7an, Vokshi<\/span><\/i><span style=\"font-weight: 400;\"> (1641 m), planina <\/span><i><span style=\"font-weight: 400;\">Junik<\/span><\/i><span style=\"font-weight: 400;\"> s vrhom <\/span><i><span style=\"font-weight: 400;\">Rrasa e Zogu<\/span><\/i><span style=\"font-weight: 400;\"> (2296 m), <\/span><i><span style=\"font-weight: 400;\">Gjeravice<\/span><\/i><span style=\"font-weight: 400;\"> (2656 m), <\/span><i><span style=\"font-weight: 400;\">Bogi\u00e7evice<\/span><\/i><span style=\"font-weight: 400;\"> (2103 m) <\/span><i><span style=\"font-weight: 400;\">Maja e Rop\u00ebs<\/span><\/i><span style=\"font-weight: 400;\"> (2505 m), <\/span><i><span style=\"font-weight: 400;\">Maja e Qenit<\/span><\/i><span style=\"font-weight: 400;\"> (2406 m), i <\/span><i><span style=\"font-weight: 400;\">Marjashi<\/span><\/i><span style=\"font-weight: 400;\"> (2530 m).<\/span><\/p>\n<p><span style=\"font-weight: 400;\">Nacionalni park <\/span><i><span style=\"font-weight: 400;\">Bjeshk\u00ebt e Nemuna<\/span><\/i><span style=\"font-weight: 400;\"> karakteri\u0161e prisutnost 1000 vrsta reliktnih, endemoreli\u010dnih i endemskih autohtonih biljaka Balkana i Europe, isklju\u010duju\u0107i mahovine, li\u0161ajeve i gljive. Unutar alpskih i subalpskih podru\u010dja prisutne su 33 endemske vrste, 6 subendemijskih, 128 endemskih vrsta Balkana, koje imaju nau\u010dnu, ekonomsku i medicinsku vrijednost. Na teritoriji Kosova zabilje\u017eeno je ukupno 26 endemskih vrsta od kojih je se unutar parka mo\u017ee na\u0107i \u010dak 11. Endemskih vrsta Balkana ima 18. Na osnovu Crvene knjige vaskularne flore Republike Kosovo, 126 vrsta je ugro\u017eeno, a 6 vrsta je na Crvenoj listi UNESCO-a \u2013 Njujork, 1991. godine.<\/span><\/p>\n<p><span style=\"font-weight: 400;\">Kada je rije\u010d o bogatstvu flore Nacionalni park Prokletije karakteri\u0161e bogata fauna s endemskim vrstama i relikvijama. Sastoji se od: 8 vrsta riba, 13 vrste vodozemaca, 10 vrsta gmizavaca, 148 vrsta ptica, 37 vrsta sisara, kao i 129 vrsta leptira samo iz reda <\/span><i><span style=\"font-weight: 400;\">Lepidoptera<\/span><\/i><span style=\"font-weight: 400;\">. Do danas je primije\u0107eno 148 vrsta ptica, ali smatra se da postoji preko 200 vrsta od me\u0111unarodnog zna\u010daja i zbog toga su Prokletije identifikovane na me\u0111unarodnom popisu Zna\u010dajnih podru\u010dja za ptice (IBA).\u00a0<\/span><\/p>\n<p><b>Jezero <\/b><b><i>Gjeravica<\/i><\/b><\/p>\n<p><span style=\"font-weight: 400;\">Jezero Geravica nalazi se na vrhu <\/span><i><span style=\"font-weight: 400;\">Gjeravice<\/span><\/i><span style=\"font-weight: 400;\"> na oko 2200 m. Ima oblik zuba i izvor je rijeke <\/span><i><span style=\"font-weight: 400;\">Erenik<\/span><\/i><span style=\"font-weight: 400;\"> koja se spu\u0161ta u ravnicu <\/span><i><span style=\"font-weight: 400;\">Dukagjini<\/span><\/i><span style=\"font-weight: 400;\"> na zapadu Kosova. Jezero je poznato po da\u017edevnjacima koji se hrane insektima koji lete iznad povr\u0161ine jezerske vode sa maksimalnom dubinom od 3,8 metara i povr\u0161ine oko 2 hektara.<\/span><\/p>\n<\/div><\/div><div class=\"w-separator size_small\"><\/div><div class=\"w-grid type_masonry layout_gallery_default cols_6 with_isotope with_css_animation\" id=\"us_grid_1\" data-filterable=\"true\"><style>#us_grid_1 .w-grid-item{padding:5px}#us_grid_1 .w-grid-list{margin:-5px -5px 5px}.w-grid + #us_grid_1 .w-grid-list{margin-top:5px}@media (max-width:1199px){#us_grid_1 .w-grid-item{width:33.3333%}}@media (max-width:899px){#us_grid_1 .w-grid-item{width:50.0000%}}@media (max-width:599px){#us_grid_1 .w-grid-list{margin:0}#us_grid_1 .w-grid-item{width:100.0000%;padding:0;margin-bottom:5px}}.layout_gallery_default .w-grid-item-h{}<\/style><div class=\"w-grid-list\">\t<article class=\"w-grid-item animate_fade off_autostart post-5555 attachment type-attachment status-inherit hentry\" data-id=\"5555\" style=\"animation-delay:0s\">\r\n\t\t<div class=\"w-grid-item-h\">\r\n\t\t\t\t\t\t\t<a class=\"w-grid-item-anchor\" href=\"https:\/\/accursed-mountains.me\/wp-content\/uploads\/2021\/06\/North-to-West-56-scaled.jpg\" ref=\"magnificPopupGrid\" title=\"North to West (56)\"><\/a>\r\n\t\t\t\t\t\t<div class=\"w-post-elm post_image usg_post_image_1 stretched\"><img decoding=\"async\" width=\"600\" height=\"600\" src=\"https:\/\/accursed-mountains.me\/wp-content\/uploads\/2021\/06\/North-to-West-56-600x600.jpg\" class=\"attachment-us_600_600_crop size-us_600_600_crop\" alt=\"\" \/><\/div>\t\t<\/div>\r\n\t<\/article>\r\n\t<article class=\"w-grid-item animate_fade off_autostart post-5371 attachment type-attachment status-inherit hentry\" data-id=\"5371\" style=\"animation-delay:0.1s\">\r\n\t\t<div class=\"w-grid-item-h\">\r\n\t\t\t\t\t\t\t<a class=\"w-grid-item-anchor\" href=\"https:\/\/accursed-mountains.me\/wp-content\/uploads\/2021\/06\/DSC_5860-scaled.jpg\" ref=\"magnificPopupGrid\" title=\"South to West\"><\/a>\r\n\t\t\t\t\t\t<div class=\"w-post-elm post_image usg_post_image_1 stretched\"><img decoding=\"async\" width=\"600\" height=\"600\" src=\"https:\/\/accursed-mountains.me\/wp-content\/uploads\/2021\/06\/DSC_5860-600x600.jpg\" class=\"attachment-us_600_600_crop size-us_600_600_crop\" alt=\"\" \/><\/div>\t\t<\/div>\r\n\t<\/article>\r\n\t<article class=\"w-grid-item animate_fade off_autostart post-5487 attachment type-attachment status-inherit hentry\" data-id=\"5487\" style=\"animation-delay:0.2s\">\r\n\t\t<div class=\"w-grid-item-h\">\r\n\t\t\t\t\t\t\t<a class=\"w-grid-item-anchor\" href=\"https:\/\/accursed-mountains.me\/wp-content\/uploads\/2021\/06\/North-to-West-22.jpg\" ref=\"magnificPopupGrid\" title=\"North to West\"><\/a>\r\n\t\t\t\t\t\t<div class=\"w-post-elm post_image usg_post_image_1 stretched\"><img decoding=\"async\" width=\"600\" height=\"600\" src=\"https:\/\/accursed-mountains.me\/wp-content\/uploads\/2021\/06\/North-to-West-22-600x600.jpg\" class=\"attachment-us_600_600_crop size-us_600_600_crop\" alt=\"\" \/><\/div>\t\t<\/div>\r\n\t<\/article>\r\n\t<article class=\"w-grid-item animate_fade off_autostart post-5457 attachment type-attachment status-inherit hentry\" data-id=\"5457\" style=\"animation-delay:0.3s\">\r\n\t\t<div class=\"w-grid-item-h\">\r\n\t\t\t\t\t\t\t<a class=\"w-grid-item-anchor\" href=\"https:\/\/accursed-mountains.me\/wp-content\/uploads\/2021\/06\/North-to-West-7-scaled.jpg\" ref=\"magnificPopupGrid\" title=\"default\"><\/a>\r\n\t\t\t\t\t\t<div class=\"w-post-elm post_image usg_post_image_1 stretched\"><img decoding=\"async\" width=\"600\" height=\"600\" src=\"https:\/\/accursed-mountains.me\/wp-content\/uploads\/2021\/06\/North-to-West-7-600x600.jpg\" class=\"attachment-us_600_600_crop size-us_600_600_crop\" alt=\"\" \/><\/div>\t\t<\/div>\r\n\t<\/article>\r\n\t<article class=\"w-grid-item animate_fade off_autostart post-5419 attachment type-attachment status-inherit hentry\" data-id=\"5419\" style=\"animation-delay:0.4s\">\r\n\t\t<div class=\"w-grid-item-h\">\r\n\t\t\t\t\t\t\t<a class=\"w-grid-item-anchor\" href=\"https:\/\/accursed-mountains.me\/wp-content\/uploads\/2021\/06\/IMG_6661-scaled.jpg\" ref=\"magnificPopupGrid\" title=\"North to West\"><\/a>\r\n\t\t\t\t\t\t<div class=\"w-post-elm post_image usg_post_image_1 stretched\"><img decoding=\"async\" width=\"600\" height=\"600\" src=\"https:\/\/accursed-mountains.me\/wp-content\/uploads\/2021\/06\/IMG_6661-600x600.jpg\" class=\"attachment-us_600_600_crop size-us_600_600_crop\" alt=\"\" \/><\/div>\t\t<\/div>\r\n\t<\/article>\r\n\t<article class=\"w-grid-item animate_fade off_autostart post-5477 attachment type-attachment status-inherit hentry\" data-id=\"5477\" style=\"animation-delay:0.5s\">\r\n\t\t<div class=\"w-grid-item-h\">\r\n\t\t\t\t\t\t\t<a class=\"w-grid-item-anchor\" href=\"https:\/\/accursed-mountains.me\/wp-content\/uploads\/2021\/06\/North-to-West-17-scaled.jpg\" ref=\"magnificPopupGrid\" title=\"default\"><\/a>\r\n\t\t\t\t\t\t<div class=\"w-post-elm post_image usg_post_image_1 stretched\"><img decoding=\"async\" width=\"600\" height=\"600\" src=\"https:\/\/accursed-mountains.me\/wp-content\/uploads\/2021\/06\/North-to-West-17-600x600.jpg\" class=\"attachment-us_600_600_crop size-us_600_600_crop\" alt=\"\" \/><\/div>\t\t<\/div>\r\n\t<\/article>\r\n<\/div><div class=\"w-grid-preloader\"><div class=\"g-preloader type_1\">\r\n\t<div><\/div>\r\n<\/div>\r\n<\/div>\t\t<div class=\"g-loadmore \">\r\n\t\t\t<div class=\"g-preloader type_1\">\r\n\t\t\t\t<div><\/div>\r\n\t\t\t<\/div>\r\n\t\t\t<a class=\"w-btn us-btn-style_1\" href=\"javascript:void(0)\">\r\n\t\t\t\t<span class=\"w-btn-label\">Load More<\/span>\r\n\t\t\t<\/a>\r\n\t\t<\/div>\r\n\t\t\t<div class=\"w-grid-json hidden\" onclick='return {&quot;action&quot;:&quot;us_ajax_grid&quot;,&quot;ajax_url&quot;:&quot;https:\\\/\\\/accursed-mountains.me\\\/wp-admin\\\/admin-ajax.php&quot;,&quot;infinite_scroll&quot;:true,&quot;max_num_pages&quot;:2,&quot;pagination&quot;:&quot;ajax&quot;,&quot;permalink_url&quot;:&quot;https:\\\/\\\/accursed-mountains.me\\\/bs\\\/wp-json\\\/wp\\\/v2\\\/pages\\\/5860\\\/&quot;,&quot;template_vars&quot;:{&quot;columns&quot;:&quot;6&quot;,&quot;exclude_items&quot;:&quot;none&quot;,&quot;img_size&quot;:&quot;default&quot;,&quot;ignore_items_size&quot;:false,&quot;items_layout&quot;:&quot;gallery_default&quot;,&quot;items_offset&quot;:&quot;1&quot;,&quot;load_animation&quot;:&quot;fade&quot;,&quot;overriding_link&quot;:&quot;popup_post_image&quot;,&quot;post_id&quot;:5860,&quot;query_args&quot;:{&quot;post_type&quot;:[&quot;attachment&quot;],&quot;post__in&quot;:[&quot;4402&quot;,&quot;4397&quot;,&quot;4385&quot;,&quot;4438&quot;,&quot;4350&quot;,&quot;4342&quot;,&quot;4343&quot;,&quot;4336&quot;,&quot;4337&quot;,&quot;4331&quot;,&quot;4349&quot;,&quot;4366&quot;],&quot;post_status&quot;:&quot;inherit&quot;,&quot;post_mime_type&quot;:&quot;image&quot;,&quot;posts_per_page&quot;:&quot;6&quot;},&quot;orderby_query_args&quot;:{&quot;orderby&quot;:&quot;RAND(1319805114)&quot;},&quot;type&quot;:&quot;masonry&quot;,&quot;us_grid_ajax_index&quot;:1,&quot;us_grid_filter_params&quot;:null,&quot;us_grid_index&quot;:1,&quot;_us_grid_post_type&quot;:&quot;attachment&quot;,&quot;lang&quot;:&quot;bs&quot;}}'><\/div>\r\n\t<\/div><\/div><\/div><\/div><\/div><\/div><\/section>\n","protected":false},"excerpt":{"rendered":"","protected":false},"author":1,"featured_media":5367,"parent":5810,"menu_order":0,"comment_status":"closed","ping_status":"closed","template":"","meta":{"footnotes":""},"class_list":["post-5860","page","type-page","status-publish","has-post-thumbnail","hentry"],"_links":{"self":[{"href":"https:\/\/accursed-mountains.me\/bs\/wp-json\/wp\/v2\/pages\/5860","targetHints":{"allow":["GET"]}}],"collection":[{"href":"https:\/\/accursed-mountains.me\/bs\/wp-json\/wp\/v2\/pages"}],"about":[{"href":"https:\/\/accursed-mountains.me\/bs\/wp-json\/wp\/v2\/types\/page"}],"author":[{"embeddable":true,"href":"https:\/\/accursed-mountains.me\/bs\/wp-json\/wp\/v2\/users\/1"}],"replies":[{"embeddable":true,"href":"https:\/\/accursed-mountains.me\/bs\/wp-json\/wp\/v2\/comments?post=5860"}],"version-history":[{"count":3,"href":"https:\/\/accursed-mountains.me\/bs\/wp-json\/wp\/v2\/pages\/5860\/revisions"}],"predecessor-version":[{"id":5863,"href":"https:\/\/accursed-mountains.me\/bs\/wp-json\/wp\/v2\/pages\/5860\/revisions\/5863"}],"up":[{"embeddable":true,"href":"https:\/\/accursed-mountains.me\/bs\/wp-json\/wp\/v2\/pages\/5810"}],"wp:featuredmedia":[{"embeddable":true,"href":"https:\/\/accursed-mountains.me\/bs\/wp-json\/wp\/v2\/media\/5367"}],"wp:attachment":[{"href":"https:\/\/accursed-mountains.me\/bs\/wp-json\/wp\/v2\/media?parent=5860"}],"curies":[{"name":"wp","href":"https:\/\/api.w.org\/{rel}","templated":true}]}}