{"id":5878,"date":"2021-05-23T16:56:05","date_gmt":"2021-05-23T16:56:05","guid":{"rendered":"http:\/\/accursed-mountains.me\/o-prokletijama\/biodiversity\/"},"modified":"2021-07-01T21:17:12","modified_gmt":"2021-07-01T21:17:12","slug":"biodiverzitet","status":"publish","type":"page","link":"https:\/\/accursed-mountains.me\/bs\/o-prokletijama\/biodiverzitet\/","title":{"rendered":"Biodiverzitet"},"content":{"rendered":"<section class=\"l-section wpb_row height_medium\"><div class=\"l-section-h i-cf\"><div class=\"g-cols cols_1 laptops-cols_inherit tablets-cols_1 mobiles-cols_1 valign_top\"><div class=\"vc_col-sm-12 wpb_column vc_column_container\"><div class=\"vc_column-inner\"><div class=\"wpb_wrapper\"><div class=\"wpb_text_column\"><div class=\"wpb_wrapper\"><p><span style=\"font-weight: 400;\">Slo\u017eena geomorfologija terena, raznovrsni klimatski uslovi koji se kre\u0107u od submediteranske klime pa do visokoplaninske alpske klime, uslovili su veliku raznovrsnost \u017eivotnih zajednica sa bogatom florom, bujnom vegetacijom kao i bogat \u017eivotinjski svijet.\u00a0<\/span><\/p>\n<p><b>Flora\u00a0<\/b><\/p>\n<p><span style=\"font-weight: 400;\">Planinski masiv Prokletija svrstava se u floristi\u010dki i vegetacijski najbogatiju planinu na Balkanu. Ovdje je koncentrisano kao u nekom bogatom botani\u010dkom vrtu, skoro 2000 razli\u010ditih biljnih vrsta od kojih se po svom zna\u010daju izdvajaju endemi\u010dne, reliktne i rijetke vrste. Tako\u0111e, karakteristi\u010dna je zastupljenost ljekovitog, aromati\u010dnog, medonosnog i samoniklog jestivog bilja. <\/span><span style=\"font-weight: 400;\">Na popisu za\u0161ti\u0107enih biljnih vrsta u Crnoj Gori nalazi se njih 415, od kojih se \u010dak 60 nalazi na Prokletijama. Neke od vrsta koje se svojom ljepotom i zna\u010dajem izdvajaju su Pan\u010di\u0107ev maklen (<\/span><i><span style=\"font-weight: 400;\">Acer intermedium<\/span><\/i><span style=\"font-weight: 400;\">), vuflenija (<\/span><i><span style=\"font-weight: 400;\">Wulfenia blecic<\/span><\/i><span style=\"font-weight: 400;\">), runolist (<\/span><i><span style=\"font-weight: 400;\">Leontopodium alpinum<\/span><\/i><span style=\"font-weight: 400;\">), valerijana, (<\/span><span style=\"font-weight: 400;\">Valeriana pancicii), no\u0107ni pucavac (Silene macrantha), itd.\u00a0<\/span><\/p>\n<p><span style=\"font-weight: 400;\">Od biljnih zajednica, kao najva\u017eniji privredni ali i turisti\u010dki resurs izdvajaju se \u0161ume. One su neprocjenljiv izvor estetskih vrijednosti i nezamjenljiv faktor za\u0161tite \u010dovjekove sredine. Najtraktivnije su \u010detinarske \u0161ume u kojima dominiraju jedinstvene reliktne vrste bora molika (<\/span><i><span style=\"font-weight: 400;\">Pinus peuce<\/span><\/i><span style=\"font-weight: 400;\">) i munika (<\/span><i><span style=\"font-weight: 400;\">Pinus heldreichii<\/span><\/i><span style=\"font-weight: 400;\">). Najtipi\u010dnije i najkvalitetnije sastojine ove \u0161ume na Balkanskom poluostrvu, nalaze su upravo na Prokletijama.\u00a0<\/span><\/p>\n<p><span style=\"font-weight: 400;\">Molika i munika se na Prokletijama javljaju u \u010distim i mje\u0161ovitim sastojinama, sa smr\u010dom i bukvom gdje zauzimaju gornje djelove \u0161umske vegetacije. Molika se mo\u017ee na\u0107i na visini od 1000 pa do preko 2000 m, dok se munika srije\u0107e u pojasu od 1700 do 2000 m. Ove \u0161ume imaju svojstvo pra\u0161umskog tipa i predstavljaju pravu floristi\u010dku rijetkost.\u00a0<\/span><\/p>\n<p><b>Fauna<\/b><\/p>\n<p><span style=\"font-weight: 400;\">Prokletije obiluju bogatom i raznovrsnom faunom sisara, ptica, riba, vodozemaca i beski\u010dmenjaka. Brojne vrste su zakonom za\u0161ti\u0107ene. Kada je rije\u010d o insektima, karakteristi\u010dni predstavnici su \u0161umski mrav (<\/span><i><span style=\"font-weight: 400;\">Formica rufa<\/span><\/i><span style=\"font-weight: 400;\">), jelenak (<\/span><i><span style=\"font-weight: 400;\">Lacanus cervus<\/span><\/i><span style=\"font-weight: 400;\">) i leptiri \u2013 apolonov leptir (<\/span><i><span style=\"font-weight: 400;\">Paranassius apollo<\/span><\/i><span style=\"font-weight: 400;\">) i lastin repak (<\/span><i><span style=\"font-weight: 400;\">Papilio machaon<\/span><\/i><span style=\"font-weight: 400;\">).\u00a0<\/span><\/p>\n<p><span style=\"font-weight: 400;\">Prokletije su najzna\u010dajniji centar diverziteta herpetofaune. Na pojedinim lokalitetima nalaze se najve\u0107e populacije planinskog mrmoljka. Ako govorimo o endemizmu, od \u010detrdeset vrsta vodozemaca i gmizavaca na \u0161irem podru\u010dju Prokletija devet vrsta su endemi\u010dne. Prisutne su su vrste poput \u017eaba krasta\u010da (<\/span><i><span style=\"font-weight: 400;\">Bufo bufo<\/span><\/i><span style=\"font-weight: 400;\">), zelena krasta\u010da (<\/span><i><span style=\"font-weight: 400;\">Bufo viridis<\/span><\/i><span style=\"font-weight: 400;\">), na\u0161a najmanja \u017eaba gatalinka (<\/span><i><span style=\"font-weight: 400;\">Hyla arborea<\/span><\/i><span style=\"font-weight: 400;\">) dok obje vrste planinskih mrmoljaka (mali i planinski <\/span><i><span style=\"font-weight: 400;\">Triturus vulgaris, T. alpestris<\/span><\/i><span style=\"font-weight: 400;\">) \u017eive u planinskih jezerima, barama i lokvama.\u00a0<\/span><\/p>\n<p><span style=\"font-weight: 400;\">Ptice su najugro\u017eenija i najosjetljivija grupa \u017eivotinjskog svijeta na svjetskom nivou. Povoljni uslovi za ornitofaunu uslovili su bogatu i raznovrsnu faunu ptica. Na podru\u010dju Prokletija do sada je zabilje\u017eena 161 vrsta ptica. Spisku se mo\u017ee dodati jo\u0161 dvadesetak vrsta koje je mogu\u0107e registrovati, tako da se dolazi do podatka da su Prokletije najvjerovatnije masiv s najbogatijom ornitofaunom u Crnoj Gori. Prisutni su morski gnjurci, gnjurci, kormorani, \u010daplje, plovke, jastrebovi, sokolovi, koke, barske koke, zujavci, \u0161ljuke, galebovi, kukavice, sove, legnjevi, \u010diope, zlatovrane, vodomari, pupavicu, detlici, laste, \u0161eve, pliske, svra\u010dci, vuge, \u010dvorci, vrane&#8230;<\/span><\/p>\n<p><span style=\"font-weight: 400;\">Kada je rije\u010d o fauni sisara, medvjed (<\/span><i><span style=\"font-weight: 400;\">Ursus arctos<\/span><\/i><span style=\"font-weight: 400;\">), lisica (<\/span><i><span style=\"font-weight: 400;\">Vulpes vulpes<\/span><\/i><span style=\"font-weight: 400;\">) i vuk (<\/span><i><span style=\"font-weight: 400;\">Canis lupus<\/span><\/i><span style=\"font-weight: 400;\">), vrlo uobi\u010dajene \u017eivotinje ovih prostora. Srna (<\/span><i><span style=\"font-weight: 400;\">Capreolus capreolus<\/span><\/i><span style=\"font-weight: 400;\">) je veoma rijetka, dok je divokoza (<\/span><i><span style=\"font-weight: 400;\">Rupicapra rupicapra<\/span><\/i><span style=\"font-weight: 400;\">) uobi\u010dajena \u017eivotinja za ovaj prostor, kao i divlja svinja (<\/span><i><span style=\"font-weight: 400;\">Sus scrofa<\/span><\/i><span style=\"font-weight: 400;\">) i zec (<\/span><i><span style=\"font-weight: 400;\">Lepus europeus<\/span><\/i><span style=\"font-weight: 400;\">). Od sitnih sisara za ovo podru\u010dje navode se: \u0161umska rov\u010dica (<\/span><i><span style=\"font-weight: 400;\">Sorex araneus<\/span><\/i><span style=\"font-weight: 400;\">), alpska rov\u010dica (<\/span><i><span style=\"font-weight: 400;\">Sorex alpinus<\/span><\/i><span style=\"font-weight: 400;\">), vodena rov\u010dica (<\/span><i><span style=\"font-weight: 400;\">Neomys fodiens<\/span><\/i><span style=\"font-weight: 400;\">), mo\u010dvarna rov\u010dica (<\/span><i><span style=\"font-weight: 400;\">Neomys anomalus<\/span><\/i><span style=\"font-weight: 400;\">), slijepa krtica (<\/span><i><span style=\"font-weight: 400;\">Talpa coeca<\/span><\/i><span style=\"font-weight: 400;\">), kao me\u0111unarodno za\u0161ti\u0107ene vrste.<\/span><\/p>\n<\/div><\/div><div class=\"w-separator size_small\"><\/div><div class=\"w-grid type_masonry layout_gallery_default cols_6 with_isotope with_css_animation\" id=\"us_grid_1\" data-filterable=\"true\"><style>#us_grid_1 .w-grid-item{padding:5px}#us_grid_1 .w-grid-list{margin:-5px -5px 5px}.w-grid + #us_grid_1 .w-grid-list{margin-top:5px}@media (max-width:1199px){#us_grid_1 .w-grid-item{width:33.3333%}}@media (max-width:899px){#us_grid_1 .w-grid-item{width:50.0000%}}@media (max-width:599px){#us_grid_1 .w-grid-list{margin:0}#us_grid_1 .w-grid-item{width:100.0000%;padding:0;margin-bottom:5px}}.layout_gallery_default .w-grid-item-h{}<\/style><div class=\"w-grid-list\">\t<article class=\"w-grid-item animate_fade off_autostart post-5711 attachment type-attachment status-inherit hentry\" data-id=\"5711\" style=\"animation-delay:0s\">\r\n\t\t<div class=\"w-grid-item-h\">\r\n\t\t\t\t\t\t\t<a class=\"w-grid-item-anchor\" href=\"https:\/\/accursed-mountains.me\/wp-content\/uploads\/2021\/06\/Asphodelus-albus-capljen.jpg\" ref=\"magnificPopupGrid\" title=\"Asphodelus albus, \u010dapljen\"><\/a>\r\n\t\t\t\t\t\t<div class=\"w-post-elm post_image usg_post_image_1 stretched\"><img loading=\"lazy\" decoding=\"async\" width=\"600\" height=\"600\" src=\"https:\/\/accursed-mountains.me\/wp-content\/uploads\/2021\/06\/Asphodelus-albus-capljen-600x600.jpg\" class=\"attachment-us_600_600_crop size-us_600_600_crop\" alt=\"\" \/><\/div>\t\t<\/div>\r\n\t<\/article>\r\n\t<article class=\"w-grid-item animate_fade off_autostart post-5713 attachment type-attachment status-inherit hentry\" data-id=\"5713\" style=\"animation-delay:0.1s\">\r\n\t\t<div class=\"w-grid-item-h\">\r\n\t\t\t\t\t\t\t<a class=\"w-grid-item-anchor\" href=\"https:\/\/accursed-mountains.me\/wp-content\/uploads\/2021\/06\/Doronicum-austriacumaustrijski-divokozijak.jpg\" ref=\"magnificPopupGrid\" title=\"Doronicum austriacum,austrijski divokozijak\"><\/a>\r\n\t\t\t\t\t\t<div class=\"w-post-elm post_image usg_post_image_1 stretched\"><img loading=\"lazy\" decoding=\"async\" width=\"600\" height=\"600\" src=\"https:\/\/accursed-mountains.me\/wp-content\/uploads\/2021\/06\/Doronicum-austriacumaustrijski-divokozijak-600x600.jpg\" class=\"attachment-us_600_600_crop size-us_600_600_crop\" alt=\"\" \/><\/div>\t\t<\/div>\r\n\t<\/article>\r\n\t<article class=\"w-grid-item animate_fade off_autostart post-5719 attachment type-attachment status-inherit hentry\" data-id=\"5719\" style=\"animation-delay:0.2s\">\r\n\t\t<div class=\"w-grid-item-h\">\r\n\t\t\t\t\t\t\t<a class=\"w-grid-item-anchor\" href=\"https:\/\/accursed-mountains.me\/wp-content\/uploads\/2021\/06\/Patuljasta-sova-Glaucidium-passerinum-Marija-Soskic__-scaled.jpg\" ref=\"magnificPopupGrid\" title=\"Patuljasta sova (Glaucidium passerinum), Marija \u0160o\u0161ki\u0107__\"><\/a>\r\n\t\t\t\t\t\t<div class=\"w-post-elm post_image usg_post_image_1 stretched\"><img loading=\"lazy\" decoding=\"async\" width=\"600\" height=\"600\" src=\"https:\/\/accursed-mountains.me\/wp-content\/uploads\/2021\/06\/Patuljasta-sova-Glaucidium-passerinum-Marija-Soskic__-600x600.jpg\" class=\"attachment-us_600_600_crop size-us_600_600_crop\" alt=\"\" \/><\/div>\t\t<\/div>\r\n\t<\/article>\r\n\t<article class=\"w-grid-item animate_fade off_autostart post-5721 attachment type-attachment status-inherit hentry\" data-id=\"5721\" style=\"animation-delay:0.3s\">\r\n\t\t<div class=\"w-grid-item-h\">\r\n\t\t\t\t\t\t\t<a class=\"w-grid-item-anchor\" href=\"https:\/\/accursed-mountains.me\/wp-content\/uploads\/2021\/06\/Planinski-djetlic-Dendrocopos-leucotos-Marija-Soskic.jpg\" ref=\"magnificPopupGrid\" title=\"Processed with VSCO\"><\/a>\r\n\t\t\t\t\t\t<div class=\"w-post-elm post_image usg_post_image_1 stretched\"><img loading=\"lazy\" decoding=\"async\" width=\"600\" height=\"600\" src=\"https:\/\/accursed-mountains.me\/wp-content\/uploads\/2021\/06\/Planinski-djetlic-Dendrocopos-leucotos-Marija-Soskic-600x600.jpg\" class=\"attachment-us_600_600_crop size-us_600_600_crop\" alt=\"\" \/><\/div>\t\t<\/div>\r\n\t<\/article>\r\n\t<article class=\"w-grid-item animate_fade off_autostart post-5727 attachment type-attachment status-inherit hentry\" data-id=\"5727\" style=\"animation-delay:0.4s\">\r\n\t\t<div class=\"w-grid-item-h\">\r\n\t\t\t\t\t\t\t<a class=\"w-grid-item-anchor\" href=\"https:\/\/accursed-mountains.me\/wp-content\/uploads\/2021\/06\/Suri-orao-Aquila-chrysaetos-Borut-Rubinic-1-scaled.jpg\" ref=\"magnificPopupGrid\" title=\"Suri orao (Aquila chrysaetos), Borut Rubini\u0107\"><\/a>\r\n\t\t\t\t\t\t<div class=\"w-post-elm post_image usg_post_image_1 stretched\"><img loading=\"lazy\" decoding=\"async\" width=\"600\" height=\"600\" src=\"https:\/\/accursed-mountains.me\/wp-content\/uploads\/2021\/06\/Suri-orao-Aquila-chrysaetos-Borut-Rubinic-1-600x600.jpg\" class=\"attachment-us_600_600_crop size-us_600_600_crop\" alt=\"\" \/><\/div>\t\t<\/div>\r\n\t<\/article>\r\n\t<article class=\"w-grid-item animate_fade off_autostart post-5731 attachment type-attachment status-inherit hentry\" data-id=\"5731\" style=\"animation-delay:0.5s\">\r\n\t\t<div class=\"w-grid-item-h\">\r\n\t\t\t\t\t\t\t<a class=\"w-grid-item-anchor\" href=\"https:\/\/accursed-mountains.me\/wp-content\/uploads\/2021\/06\/Valeriana-officinalis-macina-trava.jpg\" ref=\"magnificPopupGrid\" title=\"Valeriana officinalis, macina trava\"><\/a>\r\n\t\t\t\t\t\t<div class=\"w-post-elm post_image usg_post_image_1 stretched\"><img loading=\"lazy\" decoding=\"async\" width=\"600\" height=\"600\" src=\"https:\/\/accursed-mountains.me\/wp-content\/uploads\/2021\/06\/Valeriana-officinalis-macina-trava-600x600.jpg\" class=\"attachment-us_600_600_crop size-us_600_600_crop\" alt=\"\" \/><\/div>\t\t<\/div>\r\n\t<\/article>\r\n<\/div><div class=\"w-grid-preloader\"><div class=\"g-preloader type_1\">\r\n\t<div><\/div>\r\n<\/div>\r\n<\/div>\t\t<div class=\"g-loadmore \">\r\n\t\t\t<div class=\"g-preloader type_1\">\r\n\t\t\t\t<div><\/div>\r\n\t\t\t<\/div>\r\n\t\t\t<a class=\"w-btn us-btn-style_1\" href=\"javascript:void(0)\">\r\n\t\t\t\t<span class=\"w-btn-label\">Load More<\/span>\r\n\t\t\t<\/a>\r\n\t\t<\/div>\r\n\t\t\t<div class=\"w-grid-json hidden\" onclick='return {&quot;action&quot;:&quot;us_ajax_grid&quot;,&quot;ajax_url&quot;:&quot;https:\\\/\\\/accursed-mountains.me\\\/wp-admin\\\/admin-ajax.php&quot;,&quot;infinite_scroll&quot;:true,&quot;max_num_pages&quot;:2,&quot;pagination&quot;:&quot;ajax&quot;,&quot;permalink_url&quot;:&quot;https:\\\/\\\/accursed-mountains.me\\\/bs\\\/wp-json\\\/wp\\\/v2\\\/pages\\\/5878\\\/&quot;,&quot;template_vars&quot;:{&quot;columns&quot;:&quot;6&quot;,&quot;exclude_items&quot;:&quot;none&quot;,&quot;img_size&quot;:&quot;default&quot;,&quot;ignore_items_size&quot;:false,&quot;items_layout&quot;:&quot;gallery_default&quot;,&quot;items_offset&quot;:&quot;1&quot;,&quot;load_animation&quot;:&quot;fade&quot;,&quot;overriding_link&quot;:&quot;popup_post_image&quot;,&quot;post_id&quot;:5878,&quot;query_args&quot;:{&quot;post_type&quot;:[&quot;attachment&quot;],&quot;post__in&quot;:[&quot;4603&quot;,&quot;4604&quot;,&quot;4605&quot;,&quot;4606&quot;,&quot;4607&quot;,&quot;4608&quot;,&quot;4609&quot;,&quot;4610&quot;,&quot;4611&quot;,&quot;4612&quot;,&quot;4613&quot;,&quot;3524&quot;],&quot;post_status&quot;:&quot;inherit&quot;,&quot;post_mime_type&quot;:&quot;image&quot;,&quot;posts_per_page&quot;:&quot;6&quot;},&quot;orderby_query_args&quot;:{&quot;orderby&quot;:&quot;RAND(1275757338)&quot;},&quot;type&quot;:&quot;masonry&quot;,&quot;us_grid_ajax_index&quot;:1,&quot;us_grid_filter_params&quot;:null,&quot;us_grid_index&quot;:1,&quot;_us_grid_post_type&quot;:&quot;attachment&quot;,&quot;lang&quot;:&quot;bs&quot;}}'><\/div>\r\n\t<\/div><\/div><\/div><\/div><\/div><\/div><\/section>\n","protected":false},"excerpt":{"rendered":"","protected":false},"author":1,"featured_media":5725,"parent":5800,"menu_order":0,"comment_status":"closed","ping_status":"closed","template":"","meta":{"footnotes":""},"class_list":["post-5878","page","type-page","status-publish","has-post-thumbnail","hentry"],"_links":{"self":[{"href":"https:\/\/accursed-mountains.me\/bs\/wp-json\/wp\/v2\/pages\/5878","targetHints":{"allow":["GET"]}}],"collection":[{"href":"https:\/\/accursed-mountains.me\/bs\/wp-json\/wp\/v2\/pages"}],"about":[{"href":"https:\/\/accursed-mountains.me\/bs\/wp-json\/wp\/v2\/types\/page"}],"author":[{"embeddable":true,"href":"https:\/\/accursed-mountains.me\/bs\/wp-json\/wp\/v2\/users\/1"}],"replies":[{"embeddable":true,"href":"https:\/\/accursed-mountains.me\/bs\/wp-json\/wp\/v2\/comments?post=5878"}],"version-history":[{"count":3,"href":"https:\/\/accursed-mountains.me\/bs\/wp-json\/wp\/v2\/pages\/5878\/revisions"}],"predecessor-version":[{"id":5881,"href":"https:\/\/accursed-mountains.me\/bs\/wp-json\/wp\/v2\/pages\/5878\/revisions\/5881"}],"up":[{"embeddable":true,"href":"https:\/\/accursed-mountains.me\/bs\/wp-json\/wp\/v2\/pages\/5800"}],"wp:featuredmedia":[{"embeddable":true,"href":"https:\/\/accursed-mountains.me\/bs\/wp-json\/wp\/v2\/media\/5725"}],"wp:attachment":[{"href":"https:\/\/accursed-mountains.me\/bs\/wp-json\/wp\/v2\/media?parent=5878"}],"curies":[{"name":"wp","href":"https:\/\/api.w.org\/{rel}","templated":true}]}}