{"id":5886,"date":"2021-05-24T06:40:21","date_gmt":"2021-05-24T06:40:21","guid":{"rendered":"http:\/\/accursed-mountains.me\/o-prokletijama\/nature-reserves\/"},"modified":"2021-07-01T21:24:49","modified_gmt":"2021-07-01T21:24:49","slug":"rezervati-prirode","status":"publish","type":"page","link":"https:\/\/accursed-mountains.me\/bs\/o-prokletijama\/rezervati-prirode\/","title":{"rendered":"Rezervati prirode"},"content":{"rendered":"<section class=\"l-section wpb_row height_medium\"><div class=\"l-section-h i-cf\"><div class=\"g-cols cols_1 laptops-cols_inherit tablets-cols_1 mobiles-cols_1 valign_top\"><div class=\"vc_col-sm-12 wpb_column vc_column_container\"><div class=\"vc_column-inner\"><div class=\"wpb_wrapper\">[vc_custom_heading text=&#8221;Hridsko jezero\u00a0 (Crna Gora)&#8221; font_container=&#8221;tag:h6|text_align:left&#8221; use_theme_fonts=&#8221;yes&#8221;]<div class=\"wpb_text_column\"><div class=\"wpb_wrapper\"><p><span style=\"font-weight: 400;\">Svojom slikovito\u0161\u0107u i specifi\u010dno\u0161\u0107u ekosistema, na podru\u010dju NP Prokletije izdvaja se Hridsko jezero. Ovo \u201egorsko oko\u201c nalazi se na 18 km od Plava, na 1970 m izme\u0111u Velikog i Malog Hrida. Njegova maksimalna dubina je oko 5 m. Jezero je veoma interesantno sa nau\u010dnog, privredno-turisti\u010dkog i edukativnog aspekta.<\/span><\/p>\n<p><span style=\"font-weight: 400;\">Rezervat prirode Hridsko jezero mo\u017ee se opisati kao spoj raznovrsnih prirodnih ekosistema, po\u010dev od samog jezera pa do jedinstvenih mje\u0161ovitih sastojina endemoreliktnih borova munike i molike kao i specifi\u010dnih botani\u010dkih i faunisti\u010dkih jedinki u neposrednoj okolini. Samo jezero je izuzetno bogatog biodiverziteta pa je tako dom za \u010dak 245 vrsta algi od kojih je \u010dak 78 po prvi put u Crnoj Gori registrovano upravo u ovom jezeru. Jo\u0161 zanimljivih stanovnika jezera dolaze iz klase vodozemaca me\u0111u kojima se izdvaja planinski mrmoljak. Relativno blizu, na planini Bogi\u0107evici je jedino mjesto u Crnoj Gori na kojem mo\u017eete videti crnog da\u017edevnjaka.<\/span><\/p>\n<p><span style=\"font-weight: 400;\">Zbog ve\u0107eg poniranja voda jezera od njihovog dotoka, ono polako odumire. Dio vode se u njemu samo privremeno akumulira, jer ona oti\u010de grade\u0107i potok od koga se nizvodnije formira Hridska. Ba\u0161 u slivu Hridske rijeke evidentirane su \u010diste i veoma stare sastojine \u0161uma molike.<\/span><\/p>\n<\/div><\/div><div class=\"w-separator size_small\"><\/div>[vc_custom_heading text=&#8221;Volu\u0161nica (Crna Gora)&#8221; font_container=&#8221;tag:h6|text_align:left&#8221; use_theme_fonts=&#8221;yes&#8221;]<div class=\"wpb_text_column\"><div class=\"wpb_wrapper\"><p><span style=\"font-weight: 400;\">Rezervat prirode Volu\u0161nica je podru\u010dje sa izuzetno specifi\u010dnim botani\u010dkim karakteristikama. Surovi klimatski uslovi u visokoplaninskoj oblasti, pogodovali su specifi\u010dno adaptiranim biljkama me\u0111u kojima je impresivan broj reliktnih, endemoreliktnih i rijetkih biljnih vrsta.\u00a0<\/span><\/p>\n<p><span style=\"font-weight: 400;\">Rezervat se prote\u017ee se od obronaka Vezirove brade, preko vrhova Maja Potkajs (2071 m), cirkova Donje i Gornje Kro\u0161nje, Ljuboku\u010da, O\u010dnjaka, Oble glave pa do najve\u0107ih vrhova Karanfila. Ovaj lanac razdvaja veli\u010danstvene doline Grbaju i Ropojanu. To je izuzetno \u0161arolik i impresivan planinski i visokoplaninski prostor sa kamenitim pa\u0161njacima, planinskim livadama, snije\u017enicima, stijenama i liticama.\u00a0<\/span><\/p>\n<\/div><\/div><div class=\"w-separator size_small\"><\/div><div class=\"w-grid type_masonry layout_gallery_default cols_6 with_isotope with_css_animation\" id=\"us_grid_1\" data-filterable=\"true\"><style>#us_grid_1 .w-grid-item{padding:5px}#us_grid_1 .w-grid-list{margin:-5px -5px 5px}.w-grid + #us_grid_1 .w-grid-list{margin-top:5px}@media (max-width:1199px){#us_grid_1 .w-grid-item{width:33.3333%}}@media (max-width:899px){#us_grid_1 .w-grid-item{width:50.0000%}}@media (max-width:599px){#us_grid_1 .w-grid-list{margin:0}#us_grid_1 .w-grid-item{width:100.0000%;padding:0;margin-bottom:5px}}.layout_gallery_default .w-grid-item-h{}<\/style><div class=\"w-grid-list\">\t<article class=\"w-grid-item animate_fade off_autostart post-4935 attachment type-attachment status-inherit hentry\" data-id=\"4935\" style=\"animation-delay:0s\">\r\n\t\t<div class=\"w-grid-item-h\">\r\n\t\t\t\t\t\t\t<a class=\"w-grid-item-anchor\" href=\"https:\/\/accursed-mountains.me\/wp-content\/uploads\/2021\/06\/Hridsko-14.jpg\" ref=\"magnificPopupGrid\" title=\"Hridsko Lake &#8211; Montenegro\"><\/a>\r\n\t\t\t\t\t\t<div class=\"w-post-elm post_image usg_post_image_1 stretched\"><img loading=\"lazy\" decoding=\"async\" width=\"600\" height=\"600\" src=\"https:\/\/accursed-mountains.me\/wp-content\/uploads\/2021\/06\/Hridsko-14-600x600.jpg\" class=\"attachment-us_600_600_crop size-us_600_600_crop\" alt=\"\" \/><\/div>\t\t<\/div>\r\n\t<\/article>\r\n\t<article class=\"w-grid-item animate_fade off_autostart post-4957 attachment type-attachment status-inherit hentry\" data-id=\"4957\" style=\"animation-delay:0.1s\">\r\n\t\t<div class=\"w-grid-item-h\">\r\n\t\t\t\t\t\t\t<a class=\"w-grid-item-anchor\" href=\"https:\/\/accursed-mountains.me\/wp-content\/uploads\/2021\/06\/PENTAX-K-5-20.08.14-13-57-31-Pano-scaled.jpg\" ref=\"magnificPopupGrid\" title=\"Hridsko Lake &#8211; Montenegro\"><\/a>\r\n\t\t\t\t\t\t<div class=\"w-post-elm post_image usg_post_image_1 stretched\"><img loading=\"lazy\" decoding=\"async\" width=\"600\" height=\"600\" src=\"https:\/\/accursed-mountains.me\/wp-content\/uploads\/2021\/06\/PENTAX-K-5-20.08.14-13-57-31-Pano-600x600.jpg\" class=\"attachment-us_600_600_crop size-us_600_600_crop\" alt=\"\" \/><\/div>\t\t<\/div>\r\n\t<\/article>\r\n\t<article class=\"w-grid-item animate_fade off_autostart post-4959 attachment type-attachment status-inherit hentry\" data-id=\"4959\" style=\"animation-delay:0.2s\">\r\n\t\t<div class=\"w-grid-item-h\">\r\n\t\t\t\t\t\t\t<a class=\"w-grid-item-anchor\" href=\"https:\/\/accursed-mountains.me\/wp-content\/uploads\/2021\/06\/PENTAX-K-5-20.08.14-14-21-23-scaled.jpg\" ref=\"magnificPopupGrid\" title=\"Hridsko Lake &#8211; Montenegro\"><\/a>\r\n\t\t\t\t\t\t<div class=\"w-post-elm post_image usg_post_image_1 stretched\"><img loading=\"lazy\" decoding=\"async\" width=\"600\" height=\"600\" src=\"https:\/\/accursed-mountains.me\/wp-content\/uploads\/2021\/06\/PENTAX-K-5-20.08.14-14-21-23-600x600.jpg\" class=\"attachment-us_600_600_crop size-us_600_600_crop\" alt=\"\" \/><\/div>\t\t<\/div>\r\n\t<\/article>\r\n\t<article class=\"w-grid-item animate_fade off_autostart post-4947 attachment type-attachment status-inherit hentry\" data-id=\"4947\" style=\"animation-delay:0.3s\">\r\n\t\t<div class=\"w-grid-item-h\">\r\n\t\t\t\t\t\t\t<a class=\"w-grid-item-anchor\" href=\"https:\/\/accursed-mountains.me\/wp-content\/uploads\/2021\/06\/Hridsko-Vodenica-Pentax-K-5-25.09.2011-16-58-30-scaled.jpg\" ref=\"magnificPopupGrid\" title=\"Hridsko Lake &#8211; Montenegro\"><\/a>\r\n\t\t\t\t\t\t<div class=\"w-post-elm post_image usg_post_image_1 stretched\"><img loading=\"lazy\" decoding=\"async\" width=\"600\" height=\"600\" src=\"https:\/\/accursed-mountains.me\/wp-content\/uploads\/2021\/06\/Hridsko-Vodenica-Pentax-K-5-25.09.2011-16-58-30-600x600.jpg\" class=\"attachment-us_600_600_crop size-us_600_600_crop\" alt=\"\" \/><\/div>\t\t<\/div>\r\n\t<\/article>\r\n\t<article class=\"w-grid-item animate_fade off_autostart post-4941 attachment type-attachment status-inherit hentry\" data-id=\"4941\" style=\"animation-delay:0.4s\">\r\n\t\t<div class=\"w-grid-item-h\">\r\n\t\t\t\t\t\t\t<a class=\"w-grid-item-anchor\" href=\"https:\/\/accursed-mountains.me\/wp-content\/uploads\/2021\/06\/Hridsko-Vodenica-Pentax-K-5-25.09.2011-16-53-28-scaled.jpg\" ref=\"magnificPopupGrid\" title=\"Hridsko Lake &#8211; Montenegro\"><\/a>\r\n\t\t\t\t\t\t<div class=\"w-post-elm post_image usg_post_image_1 stretched\"><img loading=\"lazy\" decoding=\"async\" width=\"600\" height=\"600\" src=\"https:\/\/accursed-mountains.me\/wp-content\/uploads\/2021\/06\/Hridsko-Vodenica-Pentax-K-5-25.09.2011-16-53-28-600x600.jpg\" class=\"attachment-us_600_600_crop size-us_600_600_crop\" alt=\"\" \/><\/div>\t\t<\/div>\r\n\t<\/article>\r\n\t<article class=\"w-grid-item animate_fade off_autostart post-4939 attachment type-attachment status-inherit hentry\" data-id=\"4939\" style=\"animation-delay:0.5s\">\r\n\t\t<div class=\"w-grid-item-h\">\r\n\t\t\t\t\t\t\t<a class=\"w-grid-item-anchor\" href=\"https:\/\/accursed-mountains.me\/wp-content\/uploads\/2021\/06\/Hridsko-Vodenica-Pentax-K-5-25.09.2011-16-38-58-scaled.jpg\" ref=\"magnificPopupGrid\" title=\"Hridsko Lake &#8211; Montenegro\"><\/a>\r\n\t\t\t\t\t\t<div class=\"w-post-elm post_image usg_post_image_1 stretched\"><img loading=\"lazy\" decoding=\"async\" width=\"600\" height=\"600\" src=\"https:\/\/accursed-mountains.me\/wp-content\/uploads\/2021\/06\/Hridsko-Vodenica-Pentax-K-5-25.09.2011-16-38-58-600x600.jpg\" class=\"attachment-us_600_600_crop size-us_600_600_crop\" alt=\"\" \/><\/div>\t\t<\/div>\r\n\t<\/article>\r\n<\/div><div class=\"w-grid-preloader\"><div class=\"g-preloader type_1\">\r\n\t<div><\/div>\r\n<\/div>\r\n<\/div>\t\t<div class=\"g-loadmore \">\r\n\t\t\t<div class=\"g-preloader type_1\">\r\n\t\t\t\t<div><\/div>\r\n\t\t\t<\/div>\r\n\t\t\t<a class=\"w-btn us-btn-style_1\" href=\"javascript:void(0)\">\r\n\t\t\t\t<span class=\"w-btn-label\">Load More<\/span>\r\n\t\t\t<\/a>\r\n\t\t<\/div>\r\n\t\t\t<div class=\"w-grid-json hidden\" onclick='return {&quot;action&quot;:&quot;us_ajax_grid&quot;,&quot;ajax_url&quot;:&quot;https:\\\/\\\/accursed-mountains.me\\\/wp-admin\\\/admin-ajax.php&quot;,&quot;infinite_scroll&quot;:true,&quot;max_num_pages&quot;:2,&quot;pagination&quot;:&quot;ajax&quot;,&quot;permalink_url&quot;:&quot;https:\\\/\\\/accursed-mountains.me\\\/bs\\\/wp-json\\\/wp\\\/v2\\\/pages\\\/5886\\\/&quot;,&quot;template_vars&quot;:{&quot;columns&quot;:&quot;6&quot;,&quot;exclude_items&quot;:&quot;none&quot;,&quot;img_size&quot;:&quot;default&quot;,&quot;ignore_items_size&quot;:false,&quot;items_layout&quot;:&quot;gallery_default&quot;,&quot;items_offset&quot;:&quot;1&quot;,&quot;load_animation&quot;:&quot;fade&quot;,&quot;overriding_link&quot;:&quot;popup_post_image&quot;,&quot;post_id&quot;:5886,&quot;query_args&quot;:{&quot;post_type&quot;:[&quot;attachment&quot;],&quot;post__in&quot;:[&quot;3734&quot;,&quot;3722&quot;,&quot;3721&quot;,&quot;3705&quot;,&quot;3702&quot;,&quot;3700&quot;,&quot;3694&quot;,&quot;3691&quot;,&quot;3683&quot;,&quot;3690&quot;,&quot;3684&quot;,&quot;3720&quot;],&quot;post_status&quot;:&quot;inherit&quot;,&quot;post_mime_type&quot;:&quot;image&quot;,&quot;posts_per_page&quot;:&quot;6&quot;},&quot;orderby_query_args&quot;:{&quot;orderby&quot;:&quot;RAND(649879520)&quot;},&quot;type&quot;:&quot;masonry&quot;,&quot;us_grid_ajax_index&quot;:1,&quot;us_grid_filter_params&quot;:null,&quot;us_grid_index&quot;:1,&quot;_us_grid_post_type&quot;:&quot;attachment&quot;,&quot;lang&quot;:&quot;bs&quot;}}'><\/div>\r\n\t<\/div><\/div><\/div><\/div><\/div><\/div><\/section>\n","protected":false},"excerpt":{"rendered":"","protected":false},"author":1,"featured_media":4939,"parent":5800,"menu_order":0,"comment_status":"closed","ping_status":"closed","template":"","meta":{"footnotes":""},"class_list":["post-5886","page","type-page","status-publish","has-post-thumbnail","hentry"],"_links":{"self":[{"href":"https:\/\/accursed-mountains.me\/bs\/wp-json\/wp\/v2\/pages\/5886","targetHints":{"allow":["GET"]}}],"collection":[{"href":"https:\/\/accursed-mountains.me\/bs\/wp-json\/wp\/v2\/pages"}],"about":[{"href":"https:\/\/accursed-mountains.me\/bs\/wp-json\/wp\/v2\/types\/page"}],"author":[{"embeddable":true,"href":"https:\/\/accursed-mountains.me\/bs\/wp-json\/wp\/v2\/users\/1"}],"replies":[{"embeddable":true,"href":"https:\/\/accursed-mountains.me\/bs\/wp-json\/wp\/v2\/comments?post=5886"}],"version-history":[{"count":3,"href":"https:\/\/accursed-mountains.me\/bs\/wp-json\/wp\/v2\/pages\/5886\/revisions"}],"predecessor-version":[{"id":5889,"href":"https:\/\/accursed-mountains.me\/bs\/wp-json\/wp\/v2\/pages\/5886\/revisions\/5889"}],"up":[{"embeddable":true,"href":"https:\/\/accursed-mountains.me\/bs\/wp-json\/wp\/v2\/pages\/5800"}],"wp:featuredmedia":[{"embeddable":true,"href":"https:\/\/accursed-mountains.me\/bs\/wp-json\/wp\/v2\/media\/4939"}],"wp:attachment":[{"href":"https:\/\/accursed-mountains.me\/bs\/wp-json\/wp\/v2\/media?parent=5886"}],"curies":[{"name":"wp","href":"https:\/\/api.w.org\/{rel}","templated":true}]}}