{"id":5894,"date":"2021-05-21T10:41:03","date_gmt":"2021-05-21T10:41:03","guid":{"rendered":"http:\/\/accursed-mountains.me\/rruget-e-hiking\/"},"modified":"2021-08-18T09:15:01","modified_gmt":"2021-08-18T09:15:01","slug":"pjesacke-rute","status":"publish","type":"page","link":"https:\/\/accursed-mountains.me\/bs\/outdoor-ponuda\/pjesacke-rute\/","title":{"rendered":"Pje\u0161a\u010dke rute"},"content":{"rendered":"<section class=\"l-section wpb_row height_medium color_alternate with_shape\"><div class=\"l-section-shape type_triangle-2 pos_bottom\" style=\"height:4vw;\"><svg xmlns=\"http:\/\/www.w3.org\/2000\/svg\" viewBox=\"0 0 64 8\" preserveAspectRatio=\"none\" width=\"100%\" height=\"100%\">\r\n\t<path fill=\"currentColor\" d=\"M64 8 L0 8 L0 0 L48 7.9 L64 0 Z\"\/>\r\n<\/svg><\/div><div class=\"l-section-h i-cf\"><div class=\"g-cols cols_1 laptops-cols_inherit tablets-cols_1 mobiles-cols_1 valign_top\"><div class=\"vc_col-sm-12 wpb_column vc_column_container\"><div class=\"vc_column-inner\"><div class=\"wpb_wrapper\"><div class=\"wpb_text_column\"><div class=\"wpb_wrapper\"><p><span style=\"font-weight: 400;\">Dokazano je da pje\u0161a\u010denje smanjuje stres, \u010disti um i pobolj\u0161ava kvalitet spavanja &#8211; generalno nas \u010dini srec\u0301nijima i mnoge osobe su kazale da im je pje\u0161a\u010denje pomoglo da se ponovo pove\u017eu sa sobom i majkom prirodom. A majka priroda bila je vi\u0161e nego velikodu\u0161na prema ovom regionu u pogledu moguc\u0301nosti planinarenja. Na na\u0161oj internet stranici mo\u017eete da odaberete razli\u010dite opcije, od popularnih, ali pomalo izazovnih staza <\/span><i><span style=\"font-weight: 400;\">Via Dinarica<\/span><\/i><span style=\"font-weight: 400;\"> i Vrhovi Balkana, do nekih manje zahtijevnih, ali ipak vrlo lijepih pje\u0161a\u010dkih staza, kao i novih pje\u0161a\u010dkih staza koje je razvio ovaj projekat.\u00a0\u00a0<\/span><b>NAPOMENA<\/b><span style=\"font-weight: 400;\">: Pa\u017eljivo pro\u010ditajte opis svih staza i odaberite onu koja vam se svi\u0111a a shodno va\u0161im fizi\u010dkim sposobnostima.<\/span><\/p>\n<\/div><\/div><div class=\"w-separator size_medium with_line width_default thick_1 style_solid color_border align_center\"><div class=\"w-separator-h\"><\/div><\/div><div class=\"w-grid type_grid layout_3807 cols_3 valign_center overflow_hidden with_filters with_css_animation\" id=\"us_grid_1\"><style>#us_grid_1 .w-grid-item{padding:1.5rem}#us_grid_1 .w-grid-list{margin:1.5rem -1.5rem}.w-grid + #us_grid_1 .w-grid-list{margin-top:1.5rem}@media (max-width:899px){#us_grid_1 .w-grid-item{width:50.0000%}}@media (max-width:599px){#us_grid_1 .w-grid-list{margin:0}#us_grid_1 .w-grid-item{width:100.0000%;padding:0;margin-bottom:1.5rem}}.layout_3807 .w-grid-item-h{background:#333;border-radius:0.6rem;z-index:3;box-shadow:0 0.03rem 0.06rem rgba(0,0,0,0.1),0 0.10rem 0.30rem rgba(0,0,0,0.1);transition-duration:0.3s}.no-touch .layout_3807 .w-grid-item-h:hover{box-shadow:0 0.12rem 0.24rem rgba(0,0,0,0.1),0 0.40rem 1.20rem rgba(0,0,0,0.15);z-index:4}.layout_3807 .usg_post_image_1{transition-duration:0.3s;transform-origin:50% 50%;transform:scale(1) translate(0%,0%)}.layout_3807 .w-grid-item-h:hover .usg_post_image_1{transform:scale(1.15) translate(0%,0%);opacity:0.7}.layout_3807 .usg_vwrapper_1{position:absolute!important;right:0!important;bottom:0!important;left:0!important;background:linear-gradient(transparent,rgba(30,30,30,0.8))!important;padding:15% 7% 7% 7%!important}.layout_3807 .usg_post_taxonomy_1{font-weight:700!important;text-transform:uppercase!important;font-size:9px!important;margin-bottom:0.5rem!important}.layout_3807 .usg_post_title_1{color:#ffffff!important;font-weight:700!important;font-size:1.2rem!important}<\/style><div class=\"g-filters style_2 align_center\"><a class=\"g-filters-item active\" href=\"javascript:void(0)\" data-taxonomy=\"*\"><span>All<\/span><\/a><a class=\"g-filters-item\" href=\"javascript:void(0)\" data-taxonomy=\"kosovo-bs\" data-amount=\"10\"><span>Kosovo<\/span><span class=\"g-filters-item-amount\">10<\/span><\/a><a class=\"g-filters-item\" href=\"javascript:void(0)\" data-taxonomy=\"montenegro-bs\" data-amount=\"5\"><span>Montenegro<\/span><span class=\"g-filters-item-amount\">5<\/span><\/a><\/div><div class=\"w-grid-list\" data-filter_taxonomy_name=\"category\" data-filter_default_taxonomies=\"kosovo-bs,montenegro-bs\">\t<article class=\"w-grid-item animate_fade size_1x1 post-7568 post type-post status-publish format-standard has-post-thumbnail hentry category-kosovo-bs\" data-id=\"7568\" style=\"animation-delay:0s\">\r\n\t\t<div class=\"w-grid-item-h\">\r\n\t\t\t\t\t\t<div class=\"w-post-elm post_image usg_post_image_1 stretched\"><a href=\"https:\/\/accursed-mountains.me\/bs\/vrh-guri-i-kuq\/\" aria-label=\"Vrh Guri i Kuq\"><img decoding=\"async\" width=\"600\" height=\"600\" src=\"https:\/\/accursed-mountains.me\/wp-content\/uploads\/2021\/06\/gopr3962-600x600.jpg\" class=\"attachment-thumbnail size-thumbnail wp-post-image\" alt=\"\" \/><\/a><\/div><div class=\"w-vwrapper usg_vwrapper_1 align_left valign_top\"><h6 class=\"w-post-elm post_title usg_post_title_1 entry-title color_link_inherit has_text_color\"><a href=\"https:\/\/accursed-mountains.me\/bs\/vrh-guri-i-kuq\/\">Vrh Guri i Kuq<\/a><\/h6><div class=\"w-post-elm post_taxonomy usg_post_taxonomy_1 style_badge color_link_inherit\"><a class=\"w-btn us-btn-style_badge\" href=\"https:\/\/accursed-mountains.me\/bs\/category\/kosovo-bs\/\"><span class=\"w-btn-label\">Kosovo<\/span><\/a><\/div><\/div>\t\t<\/div>\r\n\t<\/article>\r\n\t<article class=\"w-grid-item animate_fade size_1x1 post-7520 post type-post status-publish format-standard has-post-thumbnail hentry category-montenegro-bs\" data-id=\"7520\" style=\"animation-delay:0.1s\">\r\n\t\t<div class=\"w-grid-item-h\">\r\n\t\t\t\t\t\t<div class=\"w-post-elm post_image usg_post_image_1 stretched\"><a href=\"https:\/\/accursed-mountains.me\/bs\/cakor-babino-polje\/\" aria-label=\"\u010cakor &#8211; Starac &#8211; Babino Polje\"><img decoding=\"async\" width=\"600\" height=\"600\" src=\"https:\/\/accursed-mountains.me\/wp-content\/uploads\/2021\/06\/mokra-trip-001-1-600x600.jpg\" class=\"attachment-thumbnail size-thumbnail wp-post-image\" alt=\"\" \/><\/a><\/div><div class=\"w-vwrapper usg_vwrapper_1 align_left valign_top\"><h6 class=\"w-post-elm post_title usg_post_title_1 entry-title color_link_inherit has_text_color\"><a href=\"https:\/\/accursed-mountains.me\/bs\/cakor-babino-polje\/\">\u010cakor &#8211; Starac &#8211; Babino Polje<\/a><\/h6><div class=\"w-post-elm post_taxonomy usg_post_taxonomy_1 style_badge color_link_inherit\"><a class=\"w-btn us-btn-style_badge\" href=\"https:\/\/accursed-mountains.me\/bs\/category\/montenegro-bs\/\"><span class=\"w-btn-label\">Montenegro<\/span><\/a><\/div><\/div>\t\t<\/div>\r\n\t<\/article>\r\n\t<article class=\"w-grid-item animate_fade size_1x1 post-7511 post type-post status-publish format-standard has-post-thumbnail hentry category-kosovo-bs category-montenegro-bs tag-cross-border-routes-bs\" data-id=\"7511\" style=\"animation-delay:0.2s\">\r\n\t\t<div class=\"w-grid-item-h\">\r\n\t\t\t\t\t\t<div class=\"w-post-elm post_image usg_post_image_1 stretched\"><a href=\"https:\/\/accursed-mountains.me\/bs\/via-dinarica\/\" aria-label=\"Via Dinarica\"><img decoding=\"async\" width=\"600\" height=\"600\" src=\"https:\/\/accursed-mountains.me\/wp-content\/uploads\/2021\/06\/Via-Dinarica-7-600x600.jpg\" class=\"attachment-thumbnail size-thumbnail wp-post-image\" alt=\"\" \/><\/a><\/div><div class=\"w-vwrapper usg_vwrapper_1 align_left valign_top\"><h6 class=\"w-post-elm post_title usg_post_title_1 entry-title color_link_inherit has_text_color\"><a href=\"https:\/\/accursed-mountains.me\/bs\/via-dinarica\/\">Via Dinarica<\/a><\/h6><div class=\"w-post-elm post_taxonomy usg_post_taxonomy_1 style_badge color_link_inherit\"><div class=\"w-post-elm-list\"><a class=\"w-btn us-btn-style_badge\" href=\"https:\/\/accursed-mountains.me\/bs\/category\/kosovo-bs\/\"><span class=\"w-btn-label\">Kosovo<\/span><\/a><a class=\"w-btn us-btn-style_badge\" href=\"https:\/\/accursed-mountains.me\/bs\/category\/montenegro-bs\/\"><span class=\"w-btn-label\">Montenegro<\/span><\/a><\/div><\/div><\/div>\t\t<\/div>\r\n\t<\/article>\r\n\t<article class=\"w-grid-item animate_fade size_1x1 post-9334 post type-post status-publish format-standard has-post-thumbnail hentry category-kosovo-bs category-montenegro-bs tag-snowshoeing-and-backcountry-skiing-bs\" data-id=\"9334\" style=\"animation-delay:0.3s\">\r\n\t\t<div class=\"w-grid-item-h\">\r\n\t\t\t\t\t\t<div class=\"w-post-elm post_image usg_post_image_1 stretched\"><a href=\"https:\/\/accursed-mountains.me\/bs\/hodanje-na-krpljama-i-turno-skijanje-cg-kos\/\" aria-label=\"Hodanje na krpljama i turno skijanje CG -KOS\"><img decoding=\"async\" width=\"600\" height=\"600\" src=\"https:\/\/accursed-mountains.me\/wp-content\/uploads\/2021\/06\/Snowshoeing-3-600x600.jpg\" class=\"attachment-thumbnail size-thumbnail wp-post-image\" alt=\"\" \/><\/a><\/div><div class=\"w-vwrapper usg_vwrapper_1 align_left valign_top\"><h6 class=\"w-post-elm post_title usg_post_title_1 entry-title color_link_inherit has_text_color\"><a href=\"https:\/\/accursed-mountains.me\/bs\/hodanje-na-krpljama-i-turno-skijanje-cg-kos\/\">Hodanje na krpljama i turno skijanje CG -KOS<\/a><\/h6><div class=\"w-post-elm post_taxonomy usg_post_taxonomy_1 style_badge color_link_inherit\"><div class=\"w-post-elm-list\"><a class=\"w-btn us-btn-style_badge\" href=\"https:\/\/accursed-mountains.me\/bs\/category\/kosovo-bs\/\"><span class=\"w-btn-label\">Kosovo<\/span><\/a><a class=\"w-btn us-btn-style_badge\" href=\"https:\/\/accursed-mountains.me\/bs\/category\/montenegro-bs\/\"><span class=\"w-btn-label\">Montenegro<\/span><\/a><\/div><\/div><\/div>\t\t<\/div>\r\n\t<\/article>\r\n\t<article class=\"w-grid-item animate_fade size_1x1 post-9359 post type-post status-publish format-standard has-post-thumbnail hentry category-kosovo-bs category-montenegro-bs\" data-id=\"9359\" style=\"animation-delay:0.4s\">\r\n\t\t<div class=\"w-grid-item-h\">\r\n\t\t\t\t\t\t<div class=\"w-post-elm post_image usg_post_image_1 stretched\"><a href=\"https:\/\/accursed-mountains.me\/bs\/granicna-pjesacka-ruta-na-hajli\/\" aria-label=\"Grani\u010dna pje\u0161a\u010dka ruta na Hajli\"><img decoding=\"async\" width=\"600\" height=\"600\" src=\"https:\/\/accursed-mountains.me\/wp-content\/uploads\/2021\/06\/PENTAX-K-1-Mark-II-Sigma-70-300mm-F4-5.6-Macro-19-12-19-11-19-42-600x600.jpg\" class=\"attachment-thumbnail size-thumbnail wp-post-image\" alt=\"\" \/><\/a><\/div><div class=\"w-vwrapper usg_vwrapper_1 align_left valign_top\"><h6 class=\"w-post-elm post_title usg_post_title_1 entry-title color_link_inherit has_text_color\"><a href=\"https:\/\/accursed-mountains.me\/bs\/granicna-pjesacka-ruta-na-hajli\/\">Grani\u010dna pje\u0161a\u010dka ruta na Hajli<\/a><\/h6><div class=\"w-post-elm post_taxonomy usg_post_taxonomy_1 style_badge color_link_inherit\"><div class=\"w-post-elm-list\"><a class=\"w-btn us-btn-style_badge\" href=\"https:\/\/accursed-mountains.me\/bs\/category\/kosovo-bs\/\"><span class=\"w-btn-label\">Kosovo<\/span><\/a><a class=\"w-btn us-btn-style_badge\" href=\"https:\/\/accursed-mountains.me\/bs\/category\/montenegro-bs\/\"><span class=\"w-btn-label\">Montenegro<\/span><\/a><\/div><\/div><\/div>\t\t<\/div>\r\n\t<\/article>\r\n\t<article class=\"w-grid-item animate_fade size_1x1 post-9347 post type-post status-publish format-standard has-post-thumbnail hentry category-kosovo-bs category-montenegro-bs tag-cross-border-routes-bs\" data-id=\"9347\" style=\"animation-delay:0.5s\">\r\n\t\t<div class=\"w-grid-item-h\">\r\n\t\t\t\t\t\t<div class=\"w-post-elm post_image usg_post_image_1 stretched\"><a href=\"https:\/\/accursed-mountains.me\/bs\/vrhovi-balkana\/\" aria-label=\"Vrhovi Balkana\"><img decoding=\"async\" width=\"600\" height=\"600\" src=\"https:\/\/accursed-mountains.me\/wp-content\/uploads\/2021\/05\/SG106332-600x600.jpg\" class=\"attachment-thumbnail size-thumbnail wp-post-image\" alt=\"\" \/><\/a><\/div><div class=\"w-vwrapper usg_vwrapper_1 align_left valign_top\"><h6 class=\"w-post-elm post_title usg_post_title_1 entry-title color_link_inherit has_text_color\"><a href=\"https:\/\/accursed-mountains.me\/bs\/vrhovi-balkana\/\">Vrhovi Balkana<\/a><\/h6><div class=\"w-post-elm post_taxonomy usg_post_taxonomy_1 style_badge color_link_inherit\"><div class=\"w-post-elm-list\"><a class=\"w-btn us-btn-style_badge\" href=\"https:\/\/accursed-mountains.me\/bs\/category\/kosovo-bs\/\"><span class=\"w-btn-label\">Kosovo<\/span><\/a><a class=\"w-btn us-btn-style_badge\" href=\"https:\/\/accursed-mountains.me\/bs\/category\/montenegro-bs\/\"><span class=\"w-btn-label\">Montenegro<\/span><\/a><\/div><\/div><\/div>\t\t<\/div>\r\n\t<\/article>\r\n\t<article class=\"w-grid-item animate_fade size_1x1 post-9370 post type-post status-publish format-standard has-post-thumbnail hentry category-kosovo-bs\" data-id=\"9370\" style=\"animation-delay:0s\">\r\n\t\t<div class=\"w-grid-item-h\">\r\n\t\t\t\t\t\t<div class=\"w-post-elm post_image usg_post_image_1 stretched\"><a href=\"https:\/\/accursed-mountains.me\/bs\/staza-na-cferla-planini\/\" aria-label=\"Staza na \u00c7f\u00ebrla planini\"><img decoding=\"async\" width=\"600\" height=\"600\" src=\"https:\/\/accursed-mountains.me\/wp-content\/uploads\/2021\/05\/hiking-3-600x600.jpg\" class=\"attachment-thumbnail size-thumbnail wp-post-image\" alt=\"\" \/><\/a><\/div><div class=\"w-vwrapper usg_vwrapper_1 align_left valign_top\"><h6 class=\"w-post-elm post_title usg_post_title_1 entry-title color_link_inherit has_text_color\"><a href=\"https:\/\/accursed-mountains.me\/bs\/staza-na-cferla-planini\/\">Staza na \u00c7f\u00ebrla planini<\/a><\/h6><div class=\"w-post-elm post_taxonomy usg_post_taxonomy_1 style_badge color_link_inherit\"><a class=\"w-btn us-btn-style_badge\" href=\"https:\/\/accursed-mountains.me\/bs\/category\/kosovo-bs\/\"><span class=\"w-btn-label\">Kosovo<\/span><\/a><\/div><\/div>\t\t<\/div>\r\n\t<\/article>\r\n\t<article class=\"w-grid-item animate_fade size_1x1 post-7494 post type-post status-publish format-standard has-post-thumbnail hentry category-kosovo-bs\" data-id=\"7494\" style=\"animation-delay:0.1s\">\r\n\t\t<div class=\"w-grid-item-h\">\r\n\t\t\t\t\t\t<div class=\"w-post-elm post_image usg_post_image_1 stretched\"><a href=\"https:\/\/accursed-mountains.me\/bs\/sjeverozapadna-hiking-staza\/\" aria-label=\"Sjeverozapadna staza\"><img decoding=\"async\" width=\"600\" height=\"600\" src=\"https:\/\/accursed-mountains.me\/wp-content\/uploads\/2021\/06\/North-to-West-8-600x600.jpg\" class=\"attachment-thumbnail size-thumbnail wp-post-image\" alt=\"\" \/><\/a><\/div><div class=\"w-vwrapper usg_vwrapper_1 align_left valign_top\"><h6 class=\"w-post-elm post_title usg_post_title_1 entry-title color_link_inherit has_text_color\"><a href=\"https:\/\/accursed-mountains.me\/bs\/sjeverozapadna-hiking-staza\/\">Sjeverozapadna staza<\/a><\/h6><div class=\"w-post-elm post_taxonomy usg_post_taxonomy_1 style_badge color_link_inherit\"><a class=\"w-btn us-btn-style_badge\" href=\"https:\/\/accursed-mountains.me\/bs\/category\/kosovo-bs\/\"><span class=\"w-btn-label\">Kosovo<\/span><\/a><\/div><\/div>\t\t<\/div>\r\n\t<\/article>\r\n\t<article class=\"w-grid-item animate_fade size_1x1 post-7529 post type-post status-publish format-standard has-post-thumbnail hentry category-kosovo-bs\" data-id=\"7529\" style=\"animation-delay:0.2s\">\r\n\t\t<div class=\"w-grid-item-h\">\r\n\t\t\t\t\t\t<div class=\"w-post-elm post_image usg_post_image_1 stretched\"><a href=\"https:\/\/accursed-mountains.me\/bs\/vrh-hajla\/\" aria-label=\"Vrh Hajla\"><img decoding=\"async\" width=\"600\" height=\"600\" src=\"https:\/\/accursed-mountains.me\/wp-content\/uploads\/2021\/05\/IMG_8888-600x600.jpg\" class=\"attachment-thumbnail size-thumbnail wp-post-image\" alt=\"\" \/><\/a><\/div><div class=\"w-vwrapper usg_vwrapper_1 align_left valign_top\"><h6 class=\"w-post-elm post_title usg_post_title_1 entry-title color_link_inherit has_text_color\"><a href=\"https:\/\/accursed-mountains.me\/bs\/vrh-hajla\/\">Vrh Hajla<\/a><\/h6><div class=\"w-post-elm post_taxonomy usg_post_taxonomy_1 style_badge color_link_inherit\"><a class=\"w-btn us-btn-style_badge\" href=\"https:\/\/accursed-mountains.me\/bs\/category\/kosovo-bs\/\"><span class=\"w-btn-label\">Kosovo<\/span><\/a><\/div><\/div>\t\t<\/div>\r\n\t<\/article>\r\n\t<article class=\"w-grid-item animate_fade size_1x1 post-7503 post type-post status-publish format-standard has-post-thumbnail hentry category-kosovo-bs\" data-id=\"7503\" style=\"animation-delay:0.3s\">\r\n\t\t<div class=\"w-grid-item-h\">\r\n\t\t\t\t\t\t<div class=\"w-post-elm post_image usg_post_image_1 stretched\"><a href=\"https:\/\/accursed-mountains.me\/bs\/south-to-west-hiking-trail\/\" aria-label=\"Jugozapadna staza\"><img decoding=\"async\" width=\"600\" height=\"600\" src=\"https:\/\/accursed-mountains.me\/wp-content\/uploads\/2021\/06\/DSC_5882-600x600.jpg\" class=\"attachment-thumbnail size-thumbnail wp-post-image\" alt=\"\" \/><\/a><\/div><div class=\"w-vwrapper usg_vwrapper_1 align_left valign_top\"><h6 class=\"w-post-elm post_title usg_post_title_1 entry-title color_link_inherit has_text_color\"><a href=\"https:\/\/accursed-mountains.me\/bs\/south-to-west-hiking-trail\/\">Jugozapadna staza<\/a><\/h6><div class=\"w-post-elm post_taxonomy usg_post_taxonomy_1 style_badge color_link_inherit\"><a class=\"w-btn us-btn-style_badge\" href=\"https:\/\/accursed-mountains.me\/bs\/category\/kosovo-bs\/\"><span class=\"w-btn-label\">Kosovo<\/span><\/a><\/div><\/div>\t\t<\/div>\r\n\t<\/article>\r\n<\/div><div class=\"w-grid-preloader\"><div class=\"g-preloader type_1\">\r\n\t<div><\/div>\r\n<\/div>\r\n<\/div>\t\t<div class=\"g-loadmore \">\r\n\t\t\t<div class=\"g-preloader type_1\">\r\n\t\t\t\t<div><\/div>\r\n\t\t\t<\/div>\r\n\t\t\t<a class=\"w-btn us-btn-style_1\" href=\"javascript:void(0)\">\r\n\t\t\t\t<span class=\"w-btn-label\">Load More<\/span>\r\n\t\t\t<\/a>\r\n\t\t<\/div>\r\n\t\t\t<div class=\"w-grid-json hidden\" onclick='return {&quot;action&quot;:&quot;us_ajax_grid&quot;,&quot;ajax_url&quot;:&quot;https:\\\/\\\/accursed-mountains.me\\\/wp-admin\\\/admin-ajax.php&quot;,&quot;infinite_scroll&quot;:true,&quot;max_num_pages&quot;:2,&quot;pagination&quot;:&quot;ajax&quot;,&quot;permalink_url&quot;:&quot;https:\\\/\\\/accursed-mountains.me\\\/bs\\\/wp-json\\\/wp\\\/v2\\\/pages\\\/5894\\\/&quot;,&quot;template_vars&quot;:{&quot;columns&quot;:&quot;3&quot;,&quot;exclude_items&quot;:&quot;none&quot;,&quot;img_size&quot;:&quot;default&quot;,&quot;ignore_items_size&quot;:false,&quot;items_layout&quot;:&quot;3807&quot;,&quot;items_offset&quot;:&quot;1&quot;,&quot;load_animation&quot;:&quot;fade&quot;,&quot;overriding_link&quot;:&quot;none&quot;,&quot;post_id&quot;:5894,&quot;query_args&quot;:{&quot;post_type&quot;:[&quot;post&quot;],&quot;tax_query&quot;:[{&quot;taxonomy&quot;:&quot;category&quot;,&quot;field&quot;:&quot;slug&quot;,&quot;terms&quot;:[&quot;kosovo-bs&quot;,&quot;montenegro-bs&quot;]}],&quot;post_status&quot;:[&quot;publish&quot;],&quot;posts_per_page&quot;:&quot;10&quot;},&quot;orderby_query_args&quot;:{&quot;orderby&quot;:&quot;RAND(1776593531)&quot;},&quot;type&quot;:&quot;grid&quot;,&quot;us_grid_ajax_index&quot;:1,&quot;us_grid_filter_params&quot;:null,&quot;us_grid_index&quot;:1,&quot;_us_grid_post_type&quot;:&quot;post&quot;,&quot;lang&quot;:&quot;bs&quot;}}'><\/div>\r\n\t<\/div><\/div><\/div><\/div><\/div><\/div><\/section>\n","protected":false},"excerpt":{"rendered":"Na jugozapadnu stazu mo\u017eete u\u0107i direktno iz grada Pe\u0107i, tako \u0161to \u0107ete prvo krenuti rekreativnom pje\u0161a\u010dkom stazom poznatom pod imenom \u201eStaza zdravlja\u201c, zatim skrenete na stazu koja se zove Sakina livada, koja prolazi du\u017e brda koja se nadvijaju nad Pe\u0107i na jugu i pru\u017eaju spektakularan pogled na sami grad i njegovu kulturnu ba\u0161tinu, koja uklju\u010duje...","protected":false},"author":1,"featured_media":4771,"parent":5890,"menu_order":0,"comment_status":"closed","ping_status":"closed","template":"","meta":{"footnotes":""},"class_list":["post-5894","page","type-page","status-publish","has-post-thumbnail","hentry"],"_links":{"self":[{"href":"https:\/\/accursed-mountains.me\/bs\/wp-json\/wp\/v2\/pages\/5894","targetHints":{"allow":["GET"]}}],"collection":[{"href":"https:\/\/accursed-mountains.me\/bs\/wp-json\/wp\/v2\/pages"}],"about":[{"href":"https:\/\/accursed-mountains.me\/bs\/wp-json\/wp\/v2\/types\/page"}],"author":[{"embeddable":true,"href":"https:\/\/accursed-mountains.me\/bs\/wp-json\/wp\/v2\/users\/1"}],"replies":[{"embeddable":true,"href":"https:\/\/accursed-mountains.me\/bs\/wp-json\/wp\/v2\/comments?post=5894"}],"version-history":[{"count":4,"href":"https:\/\/accursed-mountains.me\/bs\/wp-json\/wp\/v2\/pages\/5894\/revisions"}],"predecessor-version":[{"id":9333,"href":"https:\/\/accursed-mountains.me\/bs\/wp-json\/wp\/v2\/pages\/5894\/revisions\/9333"}],"up":[{"embeddable":true,"href":"https:\/\/accursed-mountains.me\/bs\/wp-json\/wp\/v2\/pages\/5890"}],"wp:featuredmedia":[{"embeddable":true,"href":"https:\/\/accursed-mountains.me\/bs\/wp-json\/wp\/v2\/media\/4771"}],"wp:attachment":[{"href":"https:\/\/accursed-mountains.me\/bs\/wp-json\/wp\/v2\/media?parent=5894"}],"curies":[{"name":"wp","href":"https:\/\/api.w.org\/{rel}","templated":true}]}}