{"id":5900,"date":"2021-05-23T11:11:32","date_gmt":"2021-05-23T11:11:32","guid":{"rendered":"http:\/\/accursed-mountains.me\/outdoor-ponuda\/thematic-routes\/"},"modified":"2021-08-18T10:55:34","modified_gmt":"2021-08-18T10:55:34","slug":"tematske-rute","status":"publish","type":"page","link":"https:\/\/accursed-mountains.me\/bs\/outdoor-ponuda\/tematske-rute\/","title":{"rendered":"Tematske rute"},"content":{"rendered":"<section class=\"l-section wpb_row height_medium\"><div class=\"l-section-h i-cf\"><div class=\"g-cols cols_1 laptops-cols_inherit tablets-cols_1 mobiles-cols_1 valign_top\"><div class=\"vc_col-sm-12 wpb_column vc_column_container\"><div class=\"vc_column-inner\"><div class=\"wpb_wrapper\"><div class=\"wpb_text_column\"><div class=\"wpb_wrapper\"><p><span style=\"font-weight: 400;\">Buduc\u0301i da je ovaj region bio pod ve\u0107im brojem razli\u010ditih istorijskih i kulturnih uticaja koji se preklapaju na maloj povr\u0161ini, moguc\u0301e je birati izme\u0111u razli\u010ditih tematskih ruta. Na na\u0161oj internet stranici nudimo razli\u010dite standardizovane staze koje c\u0301e pomoc\u0301i u boljem razumijevanju razli\u010ditih perioda, na\u010dina \u017eivota ili drugih uticaja koji su ovaj dio Balkana pretvorili u ono \u0161to je on danas.<\/span><\/p>\n<\/div><\/div><div class=\"w-separator size_medium with_line width_default thick_1 style_solid color_border align_center\"><div class=\"w-separator-h\"><\/div><\/div><div class=\"w-grid type_grid layout_3807 cols_3 valign_center overflow_hidden with_css_animation\" id=\"us_grid_1\" data-filterable=\"true\"><style>#us_grid_1 .w-grid-item{padding:1.5rem}#us_grid_1 .w-grid-list{margin:-1.5rem -1.5rem 1.5rem}.w-grid + #us_grid_1 .w-grid-list{margin-top:1.5rem}@media (max-width:899px){#us_grid_1 .w-grid-item{width:50.0000%}}@media (max-width:599px){#us_grid_1 .w-grid-list{margin:0}#us_grid_1 .w-grid-item{width:100.0000%;padding:0;margin-bottom:1.5rem}}.layout_3807 .w-grid-item-h{background:#333;border-radius:0.6rem;z-index:3;box-shadow:0 0.03rem 0.06rem rgba(0,0,0,0.1),0 0.10rem 0.30rem rgba(0,0,0,0.1);transition-duration:0.3s}.no-touch .layout_3807 .w-grid-item-h:hover{box-shadow:0 0.12rem 0.24rem rgba(0,0,0,0.1),0 0.40rem 1.20rem rgba(0,0,0,0.15);z-index:4}.layout_3807 .usg_post_image_1{transition-duration:0.3s;transform-origin:50% 50%;transform:scale(1) translate(0%,0%)}.layout_3807 .w-grid-item-h:hover .usg_post_image_1{transform:scale(1.15) translate(0%,0%);opacity:0.7}.layout_3807 .usg_vwrapper_1{position:absolute!important;right:0!important;bottom:0!important;left:0!important;background:linear-gradient(transparent,rgba(30,30,30,0.8))!important;padding:15% 7% 7% 7%!important}.layout_3807 .usg_post_taxonomy_1{font-weight:700!important;text-transform:uppercase!important;font-size:9px!important;margin-bottom:0.5rem!important}.layout_3807 .usg_post_title_1{color:#ffffff!important;font-weight:700!important;font-size:1.2rem!important}<\/style><div class=\"w-grid-list\">\t<article class=\"w-grid-item animate_fade size_1x1 post-9389 post type-post status-publish format-standard has-post-thumbnail hentry category-montenegro-tr-bs tag-thematic-routes-in-montenegro-bs\" data-id=\"9389\" style=\"animation-delay:0s\">\r\n\t\t<div class=\"w-grid-item-h\">\r\n\t\t\t\t\t\t<div class=\"w-post-elm post_image usg_post_image_1 stretched\"><a href=\"https:\/\/accursed-mountains.me\/bs\/katunski-put-tatarija-misa-i-greben\/\" aria-label=\"Katunski put Tatarija, Misa i Greben\"><img loading=\"lazy\" decoding=\"async\" width=\"600\" height=\"600\" src=\"https:\/\/accursed-mountains.me\/wp-content\/uploads\/2021\/06\/kr2-0100-600x600.jpg\" class=\"attachment-thumbnail size-thumbnail wp-post-image\" alt=\"\" \/><\/a><\/div><div class=\"w-vwrapper usg_vwrapper_1 align_left valign_top\"><h6 class=\"w-post-elm post_title usg_post_title_1 entry-title color_link_inherit has_text_color\"><a href=\"https:\/\/accursed-mountains.me\/bs\/katunski-put-tatarija-misa-i-greben\/\">Katunski put Tatarija, Misa i Greben<\/a><\/h6><div class=\"w-post-elm post_taxonomy usg_post_taxonomy_1 style_badge color_link_inherit\"><a class=\"w-btn us-btn-style_badge\" href=\"https:\/\/accursed-mountains.me\/bs\/category\/montenegro-tr-bs\/\"><span class=\"w-btn-label\">Montenegro<\/span><\/a><\/div><\/div>\t\t<\/div>\r\n\t<\/article>\r\n\t<article class=\"w-grid-item animate_fade size_1x1 post-9385 post type-post status-publish format-standard has-post-thumbnail hentry category-montenegro-tr-bs tag-thematic-routes-in-montenegro-bs\" data-id=\"9385\" style=\"animation-delay:0.1s\">\r\n\t\t<div class=\"w-grid-item-h\">\r\n\t\t\t\t\t\t<div class=\"w-post-elm post_image usg_post_image_1 stretched\"><a href=\"https:\/\/accursed-mountains.me\/bs\/katunski-put-granicni-visovi\/\" aria-label=\"Katunski put Grani\u010dni visovi\"><img loading=\"lazy\" decoding=\"async\" width=\"600\" height=\"600\" src=\"https:\/\/accursed-mountains.me\/wp-content\/uploads\/2021\/06\/Katun-Roads-9-600x600.jpg\" class=\"attachment-thumbnail size-thumbnail wp-post-image\" alt=\"\" \/><\/a><\/div><div class=\"w-vwrapper usg_vwrapper_1 align_left valign_top\"><h6 class=\"w-post-elm post_title usg_post_title_1 entry-title color_link_inherit has_text_color\"><a href=\"https:\/\/accursed-mountains.me\/bs\/katunski-put-granicni-visovi\/\">Katunski put Grani\u010dni visovi<\/a><\/h6><div class=\"w-post-elm post_taxonomy usg_post_taxonomy_1 style_badge color_link_inherit\"><a class=\"w-btn us-btn-style_badge\" href=\"https:\/\/accursed-mountains.me\/bs\/category\/montenegro-tr-bs\/\"><span class=\"w-btn-label\">Montenegro<\/span><\/a><\/div><\/div>\t\t<\/div>\r\n\t<\/article>\r\n<\/div><div class=\"w-grid-preloader\"><div class=\"g-preloader type_1\">\r\n\t<div><\/div>\r\n<\/div>\r\n<\/div>\t<div class=\"w-grid-json hidden\" onclick='return {&quot;action&quot;:&quot;us_ajax_grid&quot;,&quot;ajax_url&quot;:&quot;https:\\\/\\\/accursed-mountains.me\\\/wp-admin\\\/admin-ajax.php&quot;,&quot;infinite_scroll&quot;:0,&quot;max_num_pages&quot;:1,&quot;pagination&quot;:&quot;infinite&quot;,&quot;permalink_url&quot;:&quot;https:\\\/\\\/accursed-mountains.me\\\/bs\\\/wp-json\\\/wp\\\/v2\\\/pages\\\/5900\\\/&quot;,&quot;template_vars&quot;:{&quot;columns&quot;:&quot;3&quot;,&quot;exclude_items&quot;:&quot;none&quot;,&quot;img_size&quot;:&quot;default&quot;,&quot;ignore_items_size&quot;:false,&quot;items_layout&quot;:&quot;3807&quot;,&quot;items_offset&quot;:&quot;1&quot;,&quot;load_animation&quot;:&quot;fade&quot;,&quot;overriding_link&quot;:&quot;none&quot;,&quot;post_id&quot;:5900,&quot;query_args&quot;:{&quot;post_type&quot;:[&quot;post&quot;],&quot;tax_query&quot;:[{&quot;taxonomy&quot;:&quot;category&quot;,&quot;field&quot;:&quot;slug&quot;,&quot;terms&quot;:[&quot;montenegro-tr-bs&quot;]}],&quot;post_status&quot;:[&quot;publish&quot;],&quot;posts_per_page&quot;:&quot;10&quot;},&quot;orderby_query_args&quot;:{&quot;orderby&quot;:&quot;RAND(1786844663)&quot;},&quot;type&quot;:&quot;grid&quot;,&quot;us_grid_ajax_index&quot;:1,&quot;us_grid_filter_params&quot;:null,&quot;us_grid_index&quot;:1,&quot;_us_grid_post_type&quot;:&quot;post&quot;,&quot;lang&quot;:&quot;bs&quot;}}'><\/div>\r\n\t<\/div><\/div><\/div><\/div><\/div><\/div><\/section>\n","protected":false},"excerpt":{"rendered":"Katunski put Grani\u010dni visovi je tematska katunska staza du\u017eine preko 160 km koja povezuje vi\u0161e od 30 katuna na planinama du\u017e granice sa Kosovom i predstavlja prvi turisti\u010dki proizvod Crne Gore koji se u potpunosti oslanja na kulturno naslje\u0111e i tradiciju koju predstavljaju katuni. Podru\u010dje Katunskog puta obuhvata vi\u0161e planina \u2013 \u010cakor, Mokru, Smiljevicu, Hajlu,...","protected":false},"author":1,"featured_media":5641,"parent":5890,"menu_order":0,"comment_status":"closed","ping_status":"closed","template":"","meta":{"footnotes":""},"class_list":["post-5900","page","type-page","status-publish","has-post-thumbnail","hentry"],"_links":{"self":[{"href":"https:\/\/accursed-mountains.me\/bs\/wp-json\/wp\/v2\/pages\/5900","targetHints":{"allow":["GET"]}}],"collection":[{"href":"https:\/\/accursed-mountains.me\/bs\/wp-json\/wp\/v2\/pages"}],"about":[{"href":"https:\/\/accursed-mountains.me\/bs\/wp-json\/wp\/v2\/types\/page"}],"author":[{"embeddable":true,"href":"https:\/\/accursed-mountains.me\/bs\/wp-json\/wp\/v2\/users\/1"}],"replies":[{"embeddable":true,"href":"https:\/\/accursed-mountains.me\/bs\/wp-json\/wp\/v2\/comments?post=5900"}],"version-history":[{"count":4,"href":"https:\/\/accursed-mountains.me\/bs\/wp-json\/wp\/v2\/pages\/5900\/revisions"}],"predecessor-version":[{"id":9393,"href":"https:\/\/accursed-mountains.me\/bs\/wp-json\/wp\/v2\/pages\/5900\/revisions\/9393"}],"up":[{"embeddable":true,"href":"https:\/\/accursed-mountains.me\/bs\/wp-json\/wp\/v2\/pages\/5890"}],"wp:featuredmedia":[{"embeddable":true,"href":"https:\/\/accursed-mountains.me\/bs\/wp-json\/wp\/v2\/media\/5641"}],"wp:attachment":[{"href":"https:\/\/accursed-mountains.me\/bs\/wp-json\/wp\/v2\/media?parent=5900"}],"curies":[{"name":"wp","href":"https:\/\/api.w.org\/{rel}","templated":true}]}}