{"id":5906,"date":"2021-05-23T10:49:53","date_gmt":"2021-05-23T10:49:53","guid":{"rendered":"http:\/\/accursed-mountains.me\/outdoor-ponuda\/rock-climbing\/"},"modified":"2021-07-01T21:39:24","modified_gmt":"2021-07-01T21:39:24","slug":"penjanje-na-stijenama","status":"publish","type":"page","link":"https:\/\/accursed-mountains.me\/bs\/outdoor-ponuda\/penjanje-na-stijenama\/","title":{"rendered":"Penjanje na stijenama"},"content":{"rendered":"<section class=\"l-section wpb_row height_medium color_alternate with_shape\"><div class=\"l-section-shape type_triangle-2 pos_bottom\" style=\"height:4vw;\"><svg xmlns=\"http:\/\/www.w3.org\/2000\/svg\" viewBox=\"0 0 64 8\" preserveAspectRatio=\"none\" width=\"100%\" height=\"100%\">\r\n\t<path fill=\"currentColor\" d=\"M64 8 L0 8 L0 0 L48 7.9 L64 0 Z\"\/>\r\n<\/svg><\/div><div class=\"l-section-h i-cf\"><div class=\"g-cols cols_1 laptops-cols_inherit tablets-cols_1 mobiles-cols_1 valign_top\"><div class=\"vc_col-sm-12 wpb_column vc_column_container\"><div class=\"vc_column-inner\"><div class=\"wpb_wrapper\"><div class=\"wpb_text_column\"><div class=\"wpb_wrapper\"><p><span style=\"font-weight: 400;\">Kada se planinski lanac naziva Prokletije, mo\u017eda c\u0301ete druga\u010dije razmi\u0161ljati o ideji da se tamo penjete na stijene. Ali istina je da ove planine nude brojne moguc\u0301nosti za planinarenje. Ako ste ljubitelj planinarenja, ovaj prostrani planinski teren nudi nekoliko mjesta za ovu aktivnost. Na na\u0161oj internet stranici mo\u017eete da birate izme\u0111u razli\u010ditih opcija, a tako\u0111e mo\u017eete pronac\u0301i i korisne informacije u vezi sa smje\u0161tajem, instruktorima i opremom u blizini.\u00a0<\/span><b>NAPOMENA<\/b><span style=\"font-weight: 400;\">: Pa\u017eljivo pro\u010ditajte opis svih staza i odaberite onu koja vam se svi\u0111a a shodno va\u0161im fizi\u010dkim sposobnostima.<\/span><\/p>\n<\/div><\/div><div class=\"w-separator size_medium with_line width_default thick_1 style_solid color_border align_center\"><div class=\"w-separator-h\"><\/div><\/div><div class=\"w-grid type_grid layout_3807 cols_3 valign_center overflow_hidden with_filters with_css_animation\" id=\"us_grid_1\"><style>#us_grid_1 .w-grid-item{padding:1.5rem}#us_grid_1 .w-grid-list{margin:1.5rem -1.5rem}.w-grid + #us_grid_1 .w-grid-list{margin-top:1.5rem}@media (max-width:899px){#us_grid_1 .w-grid-item{width:50.0000%}}@media (max-width:599px){#us_grid_1 .w-grid-list{margin:0}#us_grid_1 .w-grid-item{width:100.0000%;padding:0;margin-bottom:1.5rem}}.layout_3807 .w-grid-item-h{background:#333;border-radius:0.6rem;z-index:3;box-shadow:0 0.03rem 0.06rem rgba(0,0,0,0.1),0 0.10rem 0.30rem rgba(0,0,0,0.1);transition-duration:0.3s}.no-touch .layout_3807 .w-grid-item-h:hover{box-shadow:0 0.12rem 0.24rem rgba(0,0,0,0.1),0 0.40rem 1.20rem rgba(0,0,0,0.15);z-index:4}.layout_3807 .usg_post_image_1{transition-duration:0.3s;transform-origin:50% 50%;transform:scale(1) translate(0%,0%)}.layout_3807 .w-grid-item-h:hover .usg_post_image_1{transform:scale(1.15) translate(0%,0%);opacity:0.7}.layout_3807 .usg_vwrapper_1{position:absolute!important;right:0!important;bottom:0!important;left:0!important;background:linear-gradient(transparent,rgba(30,30,30,0.8))!important;padding:15% 7% 7% 7%!important}.layout_3807 .usg_post_taxonomy_1{font-weight:700!important;text-transform:uppercase!important;font-size:9px!important;margin-bottom:0.5rem!important}.layout_3807 .usg_post_title_1{color:#ffffff!important;font-weight:700!important;font-size:1.2rem!important}<\/style><div class=\"g-filters style_2 align_center\"><a class=\"g-filters-item active\" href=\"javascript:void(0)\" data-taxonomy=\"*\"><span>All<\/span><\/a><a class=\"g-filters-item\" href=\"javascript:void(0)\" data-taxonomy=\"kosovo-rock-climbing-sq-bs\" data-amount=\"1\"><span>Kosovo<\/span><span class=\"g-filters-item-amount\">1<\/span><\/a><a class=\"g-filters-item\" href=\"javascript:void(0)\" data-taxonomy=\"montenegro-rock-climbing-bs\" data-amount=\"1\"><span>Montenegro<\/span><span class=\"g-filters-item-amount\">1<\/span><\/a><\/div><div class=\"w-grid-list\" data-filter_taxonomy_name=\"category\" data-filter_default_taxonomies=\"montenegro-rock-climbing,kosovo-rock-climbing\">\t<article class=\"w-grid-item animate_fade size_1x1 post-9441 post type-post status-publish format-standard has-post-thumbnail hentry category-kosovo-rock-climbing-sq-bs\" data-id=\"9441\" style=\"animation-delay:0s\">\r\n\t\t<div class=\"w-grid-item-h\">\r\n\t\t\t\t\t\t<div class=\"w-post-elm post_image usg_post_image_1 stretched\"><a href=\"https:\/\/accursed-mountains.me\/bs\/nove-linije-za-slobodno-penjanje-na-prokletijama\/\" aria-label=\"Nove linije za slobodno penjanje na Prokletijama\"><img decoding=\"async\" width=\"600\" height=\"600\" src=\"https:\/\/accursed-mountains.me\/wp-content\/uploads\/2021\/06\/New-Rock-climbing-site-2-600x600.jpg\" class=\"attachment-thumbnail size-thumbnail wp-post-image\" alt=\"\" \/><\/a><\/div><div class=\"w-vwrapper usg_vwrapper_1 align_left valign_top\"><h6 class=\"w-post-elm post_title usg_post_title_1 entry-title color_link_inherit has_text_color\"><a href=\"https:\/\/accursed-mountains.me\/bs\/nove-linije-za-slobodno-penjanje-na-prokletijama\/\">Nove linije za slobodno penjanje na Prokletijama<\/a><\/h6><div class=\"w-post-elm post_taxonomy usg_post_taxonomy_1 style_badge color_link_inherit\"><a class=\"w-btn us-btn-style_badge\" href=\"https:\/\/accursed-mountains.me\/bs\/category\/kosovo-rock-climbing-sq-bs\/\"><span class=\"w-btn-label\">Kosovo<\/span><\/a><\/div><\/div>\t\t<\/div>\r\n\t<\/article>\r\n\t<article class=\"w-grid-item animate_fade size_1x1 post-9445 post type-post status-publish format-standard has-post-thumbnail hentry category-montenegro-rock-climbing-bs tag-rock-climbing-in-berane-bs\" data-id=\"9445\" style=\"animation-delay:0.1s\">\r\n\t\t<div class=\"w-grid-item-h\">\r\n\t\t\t\t\t\t<div class=\"w-post-elm post_image usg_post_image_1 stretched\"><a href=\"https:\/\/accursed-mountains.me\/bs\/slobodno-penjanje-u-beranama-i-gusinju\/\" aria-label=\"Slobodno penjanje u Beranama i Gusinju\"><img decoding=\"async\" width=\"600\" height=\"600\" src=\"https:\/\/accursed-mountains.me\/wp-content\/uploads\/2021\/06\/outdoor-mountain-rope-girl-sport-adventure-773208-pxhere.com_-600x600.jpg\" class=\"attachment-thumbnail size-thumbnail wp-post-image\" alt=\"\" \/><\/a><\/div><div class=\"w-vwrapper usg_vwrapper_1 align_left valign_top\"><h6 class=\"w-post-elm post_title usg_post_title_1 entry-title color_link_inherit has_text_color\"><a href=\"https:\/\/accursed-mountains.me\/bs\/slobodno-penjanje-u-beranama-i-gusinju\/\">Slobodno penjanje u Beranama i Gusinju<\/a><\/h6><div class=\"w-post-elm post_taxonomy usg_post_taxonomy_1 style_badge color_link_inherit\"><a class=\"w-btn us-btn-style_badge\" href=\"https:\/\/accursed-mountains.me\/bs\/category\/montenegro-rock-climbing-bs\/\"><span class=\"w-btn-label\">Montenegro<\/span><\/a><\/div><\/div>\t\t<\/div>\r\n\t<\/article>\r\n<\/div><div class=\"w-grid-preloader\"><div class=\"g-preloader type_1\">\r\n\t<div><\/div>\r\n<\/div>\r\n<\/div>\t<div class=\"w-grid-json hidden\" onclick='return {&quot;action&quot;:&quot;us_ajax_grid&quot;,&quot;ajax_url&quot;:&quot;https:\\\/\\\/accursed-mountains.me\\\/wp-admin\\\/admin-ajax.php&quot;,&quot;infinite_scroll&quot;:0,&quot;max_num_pages&quot;:1,&quot;pagination&quot;:&quot;infinite&quot;,&quot;permalink_url&quot;:&quot;https:\\\/\\\/accursed-mountains.me\\\/bs\\\/wp-json\\\/wp\\\/v2\\\/pages\\\/5906\\\/&quot;,&quot;template_vars&quot;:{&quot;columns&quot;:&quot;3&quot;,&quot;exclude_items&quot;:&quot;none&quot;,&quot;img_size&quot;:&quot;default&quot;,&quot;ignore_items_size&quot;:false,&quot;items_layout&quot;:&quot;3807&quot;,&quot;items_offset&quot;:&quot;1&quot;,&quot;load_animation&quot;:&quot;fade&quot;,&quot;overriding_link&quot;:&quot;none&quot;,&quot;post_id&quot;:5906,&quot;query_args&quot;:{&quot;post_type&quot;:[&quot;post&quot;],&quot;tax_query&quot;:[{&quot;taxonomy&quot;:&quot;category&quot;,&quot;field&quot;:&quot;slug&quot;,&quot;terms&quot;:[&quot;montenegro-rock-climbing&quot;,&quot;kosovo-rock-climbing&quot;]}],&quot;post_status&quot;:[&quot;publish&quot;],&quot;posts_per_page&quot;:&quot;10&quot;},&quot;orderby_query_args&quot;:{&quot;orderby&quot;:&quot;RAND(296522102)&quot;},&quot;type&quot;:&quot;grid&quot;,&quot;us_grid_ajax_index&quot;:1,&quot;us_grid_filter_params&quot;:null,&quot;us_grid_index&quot;:1,&quot;_us_grid_post_type&quot;:&quot;post&quot;,&quot;lang&quot;:&quot;bs&quot;}}'><\/div>\r\n\t<\/div><\/div><\/div><\/div><\/div><\/div><\/section>\n","protected":false},"excerpt":{"rendered":"Free climbing se u Crnoj Gori tek razvija. Me\u0111utim, ljubitelji ove avanturisti\u010dke sportske discipline u svijetu ve\u0107 znaju za na\u0161a opremljena penjali\u0161ta, na atraktivnim lokacijama. Svi koji se bave slobodnim penjanjem i u stalnoj su potrazi za novim izazovima, imaju priliku da upoznaju veliki broj smjerova za penjanje u Gusinju i Beranama.\u00a0 Lokacije ovih penjali\u0161ta...","protected":false},"author":1,"featured_media":5333,"parent":5890,"menu_order":0,"comment_status":"closed","ping_status":"closed","template":"","meta":{"footnotes":""},"class_list":["post-5906","page","type-page","status-publish","has-post-thumbnail","hentry"],"_links":{"self":[{"href":"https:\/\/accursed-mountains.me\/bs\/wp-json\/wp\/v2\/pages\/5906","targetHints":{"allow":["GET"]}}],"collection":[{"href":"https:\/\/accursed-mountains.me\/bs\/wp-json\/wp\/v2\/pages"}],"about":[{"href":"https:\/\/accursed-mountains.me\/bs\/wp-json\/wp\/v2\/types\/page"}],"author":[{"embeddable":true,"href":"https:\/\/accursed-mountains.me\/bs\/wp-json\/wp\/v2\/users\/1"}],"replies":[{"embeddable":true,"href":"https:\/\/accursed-mountains.me\/bs\/wp-json\/wp\/v2\/comments?post=5906"}],"version-history":[{"count":3,"href":"https:\/\/accursed-mountains.me\/bs\/wp-json\/wp\/v2\/pages\/5906\/revisions"}],"predecessor-version":[{"id":5909,"href":"https:\/\/accursed-mountains.me\/bs\/wp-json\/wp\/v2\/pages\/5906\/revisions\/5909"}],"up":[{"embeddable":true,"href":"https:\/\/accursed-mountains.me\/bs\/wp-json\/wp\/v2\/pages\/5890"}],"wp:featuredmedia":[{"embeddable":true,"href":"https:\/\/accursed-mountains.me\/bs\/wp-json\/wp\/v2\/media\/5333"}],"wp:attachment":[{"href":"https:\/\/accursed-mountains.me\/bs\/wp-json\/wp\/v2\/media?parent=5906"}],"curies":[{"name":"wp","href":"https:\/\/api.w.org\/{rel}","templated":true}]}}