{"id":7704,"date":"2021-05-20T12:29:03","date_gmt":"2021-05-20T12:29:03","guid":{"rendered":"http:\/\/accursed-mountains.me\/home\/"},"modified":"2021-08-18T17:53:09","modified_gmt":"2021-08-18T17:53:09","slug":"home","status":"publish","type":"page","link":"https:\/\/accursed-mountains.me\/bs\/","title":{"rendered":"Home"},"content":{"rendered":"<section class=\"l-section wpb_row height_medium\"><div class=\"l-section-h i-cf\"><div class=\"g-cols cols_1 laptops-cols_inherit tablets-cols_1 mobiles-cols_1 valign_top\"><div class=\"vc_col-sm-12 wpb_column vc_column_container\"><div class=\"vc_column-inner\"><div class=\"wpb_wrapper\">[vc_custom_heading text=&#8221;PROMOTIVNI VIDEO&#8221; font_container=&#8221;tag:h2|text_align:center&#8221; use_theme_fonts=&#8221;yes&#8221;][vc_custom_heading text=&#8221;Pogledajte kakve vas ljepote o\u010dekuju&#8221; font_container=&#8221;tag:h5|text_align:center&#8221; use_theme_fonts=&#8221;yes&#8221;]<div class=\"w-separator size_small\"><\/div><div class=\"wpb_text_column\"><div class=\"wpb_wrapper\"><p>Visoki planinski vijenac Prokletije nalazi se na dodiru Dinarskog planinskog sistema i \u0160arskih planina, na granici tri Balkanske zemlje \u2013 Crne Gore, Kosova i Albanije. Prostire se na vi\u0161e od 3500 m2\u00a0povr\u0161ine i 650 km du\u017eine. Prokletije predstavljaju jedan od najzamr\u0161enijih, najnepristupa\u010dnijih ali ujedno i najdivnijih planinskih masiva na Balkanskom poluostrvu. \u010cini ga preko 40 planinaskih venaca koji se preplicu i ukr\u0161taju, ispunjavaju\u0107i prostor izme\u0111u Zetske kotline na jugu, doline Drima na istoku, Metohijske kotline na severu i Plavsko \u2013 gusinjske kotline i doline gornjeg Ibra na zapadu.<\/p>\n<\/div><\/div><div class=\"w-separator size_small\"><\/div><div class=\"g-cols cols_2 laptops-cols_inherit tablets-cols_1 mobiles-cols_1 valign_top\"><div class=\"vc_col-sm-6 wpb_column vc_column_container\"><div class=\"vc_column-inner\"><div class=\"wpb_wrapper\">[vc_custom_heading text=&#8221;Crna Gora&#8221; font_container=&#8221;tag:h5|text_align:center&#8221; use_theme_fonts=&#8221;yes&#8221;]<div class=\"w-separator size_small\"><\/div><div class=\"w-video align_center ratio_16x9 with_overlay\" style=\"background-image:url(https:\/\/accursed-mountains.me\/wp-content\/uploads\/2021\/06\/Popadija-Talijanka-photo-Igor-Stojovic-scaled.jpg);\"><div class=\"w-video-h\"><script type=\"us-template\/html\"><iframe src=\"\/\/www.youtube.com\/embed\/btfmORCLh44?autoplay=1&controls=0&origin=https%3A%2F%2Faccursed-mountains.me&playlist=btfmORCLh44\" allowfullscreen=\"1\"><\/iframe><\/script><\/div><div class=\"w-video-icon\" style=\"font-size:1.5rem;background:rgba(0,0,0,0.5);color:#fff;\"><\/div><\/div><\/div><\/div><\/div><div class=\"vc_col-sm-6 wpb_column vc_column_container\"><div class=\"vc_column-inner\"><div class=\"wpb_wrapper\">[vc_custom_heading text=&#8221;Kosovo&#8221; font_container=&#8221;tag:h5|text_align:center&#8221; use_theme_fonts=&#8221;yes&#8221;]<div class=\"w-separator size_small\"><\/div><div class=\"w-video align_center ratio_16x9 with_overlay\" style=\"background-image:url(https:\/\/accursed-mountains.me\/wp-content\/uploads\/2021\/08\/3-8.jpg);\"><div class=\"w-video-h\"><script type=\"us-template\/html\"><iframe src=\"\/\/www.youtube.com\/embed\/icdCbNuwRnQ?autoplay=1&controls=0&origin=https%3A%2F%2Faccursed-mountains.me&playlist=icdCbNuwRnQ\" allowfullscreen=\"1\"><\/iframe><\/script><\/div><div class=\"w-video-icon\" style=\"font-size:1.5rem;background:rgba(0,0,0,0.5);color:#fff;\"><\/div><\/div><\/div><\/div><\/div><\/div><\/div><\/div><\/div><\/div><\/div><\/section><section class=\"l-section wpb_row height_medium\"><div class=\"l-section-h i-cf\"><div class=\"g-cols cols_1 laptops-cols_inherit tablets-cols_1 mobiles-cols_1 valign_top\"><div class=\"vc_col-sm-12 wpb_column vc_column_container\"><div class=\"vc_column-inner\"><div class=\"wpb_wrapper\">[vc_custom_heading text=&#8221;DONATORI&#8221; font_container=&#8221;tag:h2|text_align:center&#8221; use_theme_fonts=&#8221;yes&#8221;]<div class=\"w-separator size_large\"><\/div><div class=\"g-cols cols_2 laptops-cols_inherit tablets-cols_1 mobiles-cols_1 valign_middle\"><div class=\"vc_col-sm-6 wpb_column vc_column_container\"><div class=\"vc_column-inner\"><div class=\"wpb_wrapper\"><div class=\"w-image align_right\"><a target=\"_blank\" href=\"https:\/\/europa.eu\/european-union\/index_en\" rel=\"noopener\" aria-label=\"Link\" class=\"w-image-h\"><img loading=\"lazy\" decoding=\"async\" width=\"1024\" height=\"277\" src=\"https:\/\/accursed-mountains.me\/wp-content\/uploads\/2021\/08\/EU-MNE-01-1024x277.png\" class=\"attachment-large size-large\" alt=\"\" srcset=\"https:\/\/accursed-mountains.me\/wp-content\/uploads\/2021\/08\/EU-MNE-01-1024x277.png 1024w, https:\/\/accursed-mountains.me\/wp-content\/uploads\/2021\/08\/EU-MNE-01-300x81.png 300w, https:\/\/accursed-mountains.me\/wp-content\/uploads\/2021\/08\/EU-MNE-01-600x162.png 600w, https:\/\/accursed-mountains.me\/wp-content\/uploads\/2021\/08\/EU-MNE-01.png 1098w\" sizes=\"auto, (max-width: 1024px) 100vw, 1024px\" \/><\/a><\/div><\/div><\/div><\/div><div class=\"vc_col-sm-6 wpb_column vc_column_container\"><div class=\"vc_column-inner\"><div class=\"wpb_wrapper\"><div class=\"w-image align_left\"><a target=\"_blank\" href=\"https:\/\/cbc-mne-kos.org\/\" rel=\"noopener\" aria-label=\"Link\" class=\"w-image-h\"><img loading=\"lazy\" decoding=\"async\" width=\"1024\" height=\"168\" src=\"https:\/\/accursed-mountains.me\/wp-content\/uploads\/2021\/08\/MNE-KOS-_-main-logo-01-1024x168.png\" class=\"attachment-large size-large\" alt=\"\" srcset=\"https:\/\/accursed-mountains.me\/wp-content\/uploads\/2021\/08\/MNE-KOS-_-main-logo-01-1024x168.png 1024w, https:\/\/accursed-mountains.me\/wp-content\/uploads\/2021\/08\/MNE-KOS-_-main-logo-01-300x49.png 300w, https:\/\/accursed-mountains.me\/wp-content\/uploads\/2021\/08\/MNE-KOS-_-main-logo-01-600x99.png 600w\" sizes=\"auto, (max-width: 1024px) 100vw, 1024px\" \/><\/a><\/div><\/div><\/div><\/div><\/div><\/div><\/div><\/div><\/div><\/div><\/section>\n","protected":false},"excerpt":{"rendered":"[vc_custom_heading text=\"PROMOTIVNI VIDEO\" font_container=\"tag:h2|text_align:center\" use_theme_fonts=\"yes\"][vc_custom_heading text=\"Pogledajte kakve vas ljepote o\u010dekuju\" font_container=\"tag:h5|text_align:center\" use_theme_fonts=\"yes\"]Visoki planinski vijenac Prokletije nalazi se na dodiru Dinarskog planinskog sistema i \u0160arskih planina, na granici tri Balkanske zemlje \u2013 Crne Gore, Kosova i Albanije. Prostire se na vi\u0161e od 3500 m2\u00a0povr\u0161ine i 650 km du\u017eine. Prokletije predstavljaju jedan od najzamr\u0161enijih, najnepristupa\u010dnijih ali ujedno...","protected":false},"author":1,"featured_media":0,"parent":0,"menu_order":0,"comment_status":"closed","ping_status":"closed","template":"","meta":{"footnotes":""},"class_list":["post-7704","page","type-page","status-publish","hentry"],"_links":{"self":[{"href":"https:\/\/accursed-mountains.me\/bs\/wp-json\/wp\/v2\/pages\/7704","targetHints":{"allow":["GET"]}}],"collection":[{"href":"https:\/\/accursed-mountains.me\/bs\/wp-json\/wp\/v2\/pages"}],"about":[{"href":"https:\/\/accursed-mountains.me\/bs\/wp-json\/wp\/v2\/types\/page"}],"author":[{"embeddable":true,"href":"https:\/\/accursed-mountains.me\/bs\/wp-json\/wp\/v2\/users\/1"}],"replies":[{"embeddable":true,"href":"https:\/\/accursed-mountains.me\/bs\/wp-json\/wp\/v2\/comments?post=7704"}],"version-history":[{"count":7,"href":"https:\/\/accursed-mountains.me\/bs\/wp-json\/wp\/v2\/pages\/7704\/revisions"}],"predecessor-version":[{"id":9520,"href":"https:\/\/accursed-mountains.me\/bs\/wp-json\/wp\/v2\/pages\/7704\/revisions\/9520"}],"wp:attachment":[{"href":"https:\/\/accursed-mountains.me\/bs\/wp-json\/wp\/v2\/media?parent=7704"}],"curies":[{"name":"wp","href":"https:\/\/api.w.org\/{rel}","templated":true}]}}