{"id":5818,"date":"2021-05-23T12:40:32","date_gmt":"2021-05-23T12:40:32","guid":{"rendered":"http:\/\/accursed-mountains.me\/prokletije-national-park-montenegro\/"},"modified":"2021-07-01T15:06:08","modified_gmt":"2021-07-01T15:06:08","slug":"park-kombetar-bjeshket-e-nemuna-mal-i-zi","status":"publish","type":"page","link":"https:\/\/accursed-mountains.me\/sq\/parqet-kombetare\/park-kombetar-bjeshket-e-nemuna-mal-i-zi\/","title":{"rendered":"Park komb\u00ebtar Bjeshk\u00ebt e Nemuna (Mal i Zi)"},"content":{"rendered":"<section class=\"l-section wpb_row height_medium\"><div class=\"l-section-h i-cf\"><div class=\"g-cols cols_1 laptops-cols_inherit tablets-cols_1 mobiles-cols_1 valign_top\"><div class=\"vc_col-sm-12 wpb_column vc_column_container\"><div class=\"vc_column-inner\"><div class=\"wpb_wrapper\"><div class=\"wpb_text_column\"><div class=\"wpb_wrapper\"><p><span style=\"font-weight: 400;\">Parku komb\u00ebtar Bjeshk\u00ebt e Nemuna \u00ebsht\u00eb parku m\u00eb i ri n\u00eb Mal t\u00eb Zi, por edhe n\u00eb zon\u00ebn e Harkut Dinarik. Zyrtarisht \u00ebsht\u00eb shpallur p\u00ebr park komb\u00ebtar n\u00eb vitin 2009, kryesisht p\u00ebr pasuri t\u00eb flor\u00ebs dhe t\u00eb faun\u00ebs q\u00eb k\u00ebt\u00eb zon\u00eb e karakterizon si qend\u00ebr t\u00eb diversitetit t\u00eb bjeshk\u00ebve t\u00eb larta. P\u00ebrve\u00e7 k\u00ebsaj, karakteristikat e Bjeshk\u00ebve t\u00eb Nemuna jan\u00eb edhe relievi specifik dhe pasuria ujore. N\u00eb k\u00ebt\u00eb kuptim, ve\u00e7ohen liqenet akullnajore: Hrid, Visitorit, Ropsit, Tatarit, Bjellaj\u00eb, liqeni i vog\u00ebl n\u00eb Maj\u00ebn e Podgojs, liqeni i vog\u00ebl n\u00eb Treskavc, Kolindar, si dhe rrjedhat ujore t\u00eb vogla dhe t\u00eb m\u00ebdha, p\u00ebrrenjt\u00eb dhe burimet e ujit t\u00eb pijsh\u00ebm dhe ujit mineral, lumenjt\u00eb, uj\u00ebrat n\u00ebntok\u00ebsore dhe b\u00ebrrakat bjeshkore. Relievi i Bjeshk\u00ebve t\u00eb Nemuna \u00ebsht\u00eb i dh\u00ebmb\u00ebzuar, me kreshta t\u00eb shumta, gryka, shpata t\u00eb pjerr\u00ebta, lugina t\u00eb lumenjve t\u00eb tipit alpin dhe me fenomene natyrore t\u00eb tjera.\u00a0<\/span><\/p>\n<p><span style=\"font-weight: 400;\">P\u00ebr shkak t\u00eb bukuris\u00eb s\u00eb vet\u00eb, paqasshm\u00ebris\u00eb, biodiversitetit t\u00eb pasur, Parku komb\u00ebtar <\/span><span style=\"font-weight: 400;\">Bjeshk\u00ebt e Nemuna shnd\u00ebrrohet n\u00eb destinacionin e preferuar p\u00ebr nj\u00eb num\u00ebr gjith\u00eb e m\u00eb t\u00eb madh t\u00eb turist\u00ebve, adhuruesve t\u00eb natyr\u00ebs, posa\u00e7\u00ebrisht t\u00eb alpinist\u00ebve. Destinacioni i preferuar dhe pik\u00ebnisja p\u00ebr t\u00eb gjitha shtigjet e sh\u00ebnuara n\u00eb park jan\u00eb dy lugina t\u00eb gjera, me korniz\u00eb prej majave t\u00eb bjeshk\u00ebve \u2013 G\u00ebrbaj\u00eb dhe Ropojana. Pamjet dhe panoramat me t\u00eb ilat mund t\u00eb k\u00ebnaqeni kur t\u00eb arrini majat m\u00eb t\u00eb larta t\u00eb Bjeshk\u00ebve t\u00eb Nemuna thjesht jan\u00eb mbres\u00ebl\u00ebn\u00ebse. Shtigjet bjeshkore m\u00eb t\u00eb popullarizuara \u00e7ojn\u00eb deri tek Vollushnica (1879 m), Talijanja (2056 m) dhe Popadia (2057 m). Nga ana tjet\u00ebr, shtigjet sfiduese dhe t\u00ebrheq\u00ebse \u00e7ojn\u00eb deri tek majat m\u00eb t\u00eb larta t\u00eb Bjeshk\u00ebve t\u00eb Nemuna n\u00eb Mal t\u00eb Zi, si\u00e7 jan\u00eb Kollata e Keqe, Karanfili dhe O\u00e7njak. Po ashtu, gjat\u00eb vizit\u00ebs s\u00eb Parkut komb\u00ebtar, nuk duhet ta lini pa e vizituar Liqenin Hrid, uj\u00ebvar\u00ebn Grle, Synin Skakavica, q\u00eb ve\u00e7ohen si vendet t\u00eb cilat turist\u00ebt i vizitojn\u00eb m\u00eb s\u00eb shumti.\u00a0<\/span><\/p>\n<p><span style=\"font-weight: 400;\">Kur b\u00ebhet fjal\u00eb p\u00ebr pasurin\u00eb e biodiversitetit, fakti q\u00eb l\u00ebn\u00eb p\u00ebrshtypje \u00ebsht\u00eb se n\u00eb PK Bjeshk\u00ebt e Nemuna ka m\u00eb shum\u00eb se 2000 specie t\u00eb ndryshme bimore, q\u00eb \u00ebsht\u00eb gjysma e numrit t\u00eb p\u00ebrgjithsh\u00ebm t\u00eb flor\u00ebs n\u00eb Mal t\u00eb Zi dhe gati nj\u00eb e pesta e gjith\u00eb flor\u00ebs ballkanike. Parku komb\u00ebtar \u00ebsht\u00eb i pasur me pyje, dhe gati gjysma e tyre e kan\u00eb karakterin e pyllit t\u00eb lasht\u00eb t\u00eb paprekur. Po ashtu, n\u00eb Bjeshk\u00ebt e Nemuna \u00ebsht\u00eb regjistruar nj\u00eb num\u00ebr i madh i endemive q\u00eb p\u00ebrb\u00ebjn\u00eb nj\u00eb pjes\u00eb t\u00eb konsiderueshme t\u00eb flor\u00ebs endemike t\u00eb Gadishullit Ballkanik.\u00a0<\/span><\/p>\n<p><span style=\"font-weight: 400;\">Bota shtazore po ashtu \u00ebsht\u00eb e llojllojshme. Parku komb\u00ebtar <\/span><span style=\"font-weight: 400;\">Bjeshk\u00ebt e Nemuna dallohet si qendra m\u00eb e r\u00ebnd\u00ebsishme e diversitetit t\u00eb herpetofaun\u00ebs. Kur b\u00ebhet fjal\u00eb p\u00ebr ornitofaun\u00ebn, n\u00eb k\u00ebt\u00eb zon\u00eb jan\u00eb regjistruar mbi 180 lloje t\u00eb shpend\u00ebve, gj\u00eb q\u00eb Bjeshk\u00ebt e Nemuna i b\u00ebn\u00eb masiv bjeshkor me ornitofaun\u00eb m\u00eb t\u00eb pasur n\u00eb Mal t\u00eb Zi, dhe jo vet\u00ebm, por edhe m\u00eb gjer\u00eb. T\u00ebrheq v\u00ebmendjen edhe fakti q\u00eb n\u00eb k\u00ebt\u00eb zon\u00eb \u00ebsht\u00eb regjistruar prania e llojeve t\u00eb cenuara dhe t\u00eb mbrojtura t\u00eb gjitar\u00ebve. N\u00eb pyjet e Bjeshk\u00ebve t\u00eb Nemuna mund t\u00eb hasni: lepurin, ujkun, ariun, derrin e eg\u00ebr, dhin\u00eb e eg\u00ebr, kaprollen. Habitatet e tyre jan\u00eb zonat e bjeshk\u00ebve t\u00eb larta, luginat Ropojan\u00eb dhe G\u00ebrbaj\u00eb, komplekset pyjore, liqenet dhe lumenjt\u00eb bjeshkore.\u00a0<\/span><\/p>\n<p><span style=\"font-weight: 400;\">N\u00eb territorin e parkut ndodhen edhe rezervatet e natyr\u00ebs, respektivisht zonat me vlera t\u00eb jasht\u00ebzakonshme natyrore q\u00eb e meritojn\u00eb v\u00ebmendjen e posa\u00e7me floristike dhe ambientale-estetike \u2013 Liqeni Hrid dhe Vollushnica.\u00a0<\/span><\/p>\n<\/div><\/div><div class=\"w-separator size_small\"><\/div><div class=\"w-grid type_masonry layout_gallery_default cols_6 with_isotope with_css_animation\" id=\"us_grid_1\" data-filterable=\"true\"><style>#us_grid_1 .w-grid-item{padding:5px}#us_grid_1 .w-grid-list{margin:-5px -5px 5px}.w-grid + #us_grid_1 .w-grid-list{margin-top:5px}@media (max-width:1199px){#us_grid_1 .w-grid-item{width:33.3333%}}@media (max-width:899px){#us_grid_1 .w-grid-item{width:50.0000%}}@media (max-width:599px){#us_grid_1 .w-grid-list{margin:0}#us_grid_1 .w-grid-item{width:100.0000%;padding:0;margin-bottom:5px}}.layout_gallery_default .w-grid-item-h{}<\/style><div class=\"w-grid-list\">\t<article class=\"w-grid-item animate_fade off_autostart post-5150 attachment type-attachment status-inherit hentry\" data-id=\"5150\" style=\"animation-delay:0s\">\r\n\t\t<div class=\"w-grid-item-h\">\r\n\t\t\t\t\t\t\t<a class=\"w-grid-item-anchor\" href=\"https:\/\/accursed-mountains.me\/wp-content\/uploads\/2021\/06\/PENTAX-K-5-20-05-2012-12-07-47.jpg\" ref=\"magnificPopupGrid\" title=\"GREBAJE VALLEY\"><\/a>\r\n\t\t\t\t\t\t<div class=\"w-post-elm post_image usg_post_image_1 stretched\"><img loading=\"lazy\" decoding=\"async\" width=\"600\" height=\"600\" src=\"https:\/\/accursed-mountains.me\/wp-content\/uploads\/2021\/06\/PENTAX-K-5-20-05-2012-12-07-47-600x600.jpg\" class=\"attachment-us_600_600_crop size-us_600_600_crop\" alt=\"\" \/><\/div>\t\t<\/div>\r\n\t<\/article>\r\n\t<article class=\"w-grid-item animate_fade off_autostart post-5094 attachment type-attachment status-inherit hentry\" data-id=\"5094\" style=\"animation-delay:0.1s\">\r\n\t\t<div class=\"w-grid-item-h\">\r\n\t\t\t\t\t\t\t<a class=\"w-grid-item-anchor\" href=\"https:\/\/accursed-mountains.me\/wp-content\/uploads\/2021\/06\/ropojanska-dolina-scaled.jpg\" ref=\"magnificPopupGrid\" title=\"Ropojana Valley\"><\/a>\r\n\t\t\t\t\t\t<div class=\"w-post-elm post_image usg_post_image_1 stretched\"><img loading=\"lazy\" decoding=\"async\" width=\"600\" height=\"600\" src=\"https:\/\/accursed-mountains.me\/wp-content\/uploads\/2021\/06\/ropojanska-dolina-600x600.jpg\" class=\"attachment-us_600_600_crop size-us_600_600_crop\" alt=\"\" \/><\/div>\t\t<\/div>\r\n\t<\/article>\r\n\t<article class=\"w-grid-item animate_fade off_autostart post-4802 attachment type-attachment status-inherit hentry\" data-id=\"4802\" style=\"animation-delay:0.2s\">\r\n\t\t<div class=\"w-grid-item-h\">\r\n\t\t\t\t\t\t\t<a class=\"w-grid-item-anchor\" href=\"https:\/\/accursed-mountains.me\/wp-content\/uploads\/2021\/05\/IMG_2205-scaled.jpg\" ref=\"magnificPopupGrid\" title=\"IMG_2205\"><\/a>\r\n\t\t\t\t\t\t<div class=\"w-post-elm post_image usg_post_image_1 stretched\"><img loading=\"lazy\" decoding=\"async\" width=\"600\" height=\"600\" src=\"https:\/\/accursed-mountains.me\/wp-content\/uploads\/2021\/05\/IMG_2205-600x600.jpg\" class=\"attachment-us_600_600_crop size-us_600_600_crop\" alt=\"\" \/><\/div>\t\t<\/div>\r\n\t<\/article>\r\n\t<article class=\"w-grid-item animate_fade off_autostart post-4940 attachment type-attachment status-inherit hentry\" data-id=\"4940\" style=\"animation-delay:0.3s\">\r\n\t\t<div class=\"w-grid-item-h\">\r\n\t\t\t\t\t\t\t<a class=\"w-grid-item-anchor\" href=\"https:\/\/accursed-mountains.me\/wp-content\/uploads\/2021\/06\/Hridsko-Vodenica-Pentax-K-5-25.09.2011-16-53-28-scaled.jpg\" ref=\"magnificPopupGrid\" title=\"Hridsko Lake &#8211; Montenegro\"><\/a>\r\n\t\t\t\t\t\t<div class=\"w-post-elm post_image usg_post_image_1 stretched\"><img loading=\"lazy\" decoding=\"async\" width=\"600\" height=\"600\" src=\"https:\/\/accursed-mountains.me\/wp-content\/uploads\/2021\/06\/Hridsko-Vodenica-Pentax-K-5-25.09.2011-16-53-28-600x600.jpg\" class=\"attachment-us_600_600_crop size-us_600_600_crop\" alt=\"\" \/><\/div>\t\t<\/div>\r\n\t<\/article>\r\n\t<article class=\"w-grid-item animate_fade off_autostart post-4936 attachment type-attachment status-inherit hentry\" data-id=\"4936\" style=\"animation-delay:0.4s\">\r\n\t\t<div class=\"w-grid-item-h\">\r\n\t\t\t\t\t\t\t<a class=\"w-grid-item-anchor\" href=\"https:\/\/accursed-mountains.me\/wp-content\/uploads\/2021\/06\/Hridsko-Vodenica-Pentax-K-5-25.09.2011-15-47-48-scaled.jpg\" ref=\"magnificPopupGrid\" title=\"Hridsko Lake &#8211; Montenegro\"><\/a>\r\n\t\t\t\t\t\t<div class=\"w-post-elm post_image usg_post_image_1 stretched\"><img loading=\"lazy\" decoding=\"async\" width=\"600\" height=\"600\" src=\"https:\/\/accursed-mountains.me\/wp-content\/uploads\/2021\/06\/Hridsko-Vodenica-Pentax-K-5-25.09.2011-15-47-48-600x600.jpg\" class=\"attachment-us_600_600_crop size-us_600_600_crop\" alt=\"\" \/><\/div>\t\t<\/div>\r\n\t<\/article>\r\n\t<article class=\"w-grid-item animate_fade off_autostart post-4948 attachment type-attachment status-inherit hentry\" data-id=\"4948\" style=\"animation-delay:0.5s\">\r\n\t\t<div class=\"w-grid-item-h\">\r\n\t\t\t\t\t\t\t<a class=\"w-grid-item-anchor\" href=\"https:\/\/accursed-mountains.me\/wp-content\/uploads\/2021\/06\/Hridsko-Vodenica-Pentax-K-5-25.09.2011-16-44-14-scaled.jpg\" ref=\"magnificPopupGrid\" title=\"Hridsko Lake &#8211; Montenegro\"><\/a>\r\n\t\t\t\t\t\t<div class=\"w-post-elm post_image usg_post_image_1 stretched\"><img loading=\"lazy\" decoding=\"async\" width=\"600\" height=\"600\" src=\"https:\/\/accursed-mountains.me\/wp-content\/uploads\/2021\/06\/Hridsko-Vodenica-Pentax-K-5-25.09.2011-16-44-14-600x600.jpg\" class=\"attachment-us_600_600_crop size-us_600_600_crop\" alt=\"\" \/><\/div>\t\t<\/div>\r\n\t<\/article>\r\n<\/div><div class=\"w-grid-preloader\"><div class=\"g-preloader type_1\">\r\n\t<div><\/div>\r\n<\/div>\r\n<\/div>\t\t<div class=\"g-loadmore \">\r\n\t\t\t<div class=\"g-preloader type_1\">\r\n\t\t\t\t<div><\/div>\r\n\t\t\t<\/div>\r\n\t\t\t<a class=\"w-btn us-btn-style_1\" href=\"javascript:void(0)\">\r\n\t\t\t\t<span class=\"w-btn-label\">Load More<\/span>\r\n\t\t\t<\/a>\r\n\t\t<\/div>\r\n\t\t\t<div class=\"w-grid-json hidden\" onclick='return {&quot;action&quot;:&quot;us_ajax_grid&quot;,&quot;ajax_url&quot;:&quot;https:\\\/\\\/accursed-mountains.me\\\/wp-admin\\\/admin-ajax.php&quot;,&quot;infinite_scroll&quot;:true,&quot;max_num_pages&quot;:2,&quot;pagination&quot;:&quot;ajax&quot;,&quot;permalink_url&quot;:&quot;https:\\\/\\\/accursed-mountains.me\\\/sq\\\/wp-json\\\/wp\\\/v2\\\/pages\\\/5818\\\/&quot;,&quot;template_vars&quot;:{&quot;columns&quot;:&quot;6&quot;,&quot;exclude_items&quot;:&quot;none&quot;,&quot;img_size&quot;:&quot;default&quot;,&quot;ignore_items_size&quot;:false,&quot;items_layout&quot;:&quot;gallery_default&quot;,&quot;items_offset&quot;:&quot;1&quot;,&quot;load_animation&quot;:&quot;fade&quot;,&quot;overriding_link&quot;:&quot;popup_post_image&quot;,&quot;post_id&quot;:5818,&quot;query_args&quot;:{&quot;post_type&quot;:[&quot;attachment&quot;],&quot;post__in&quot;:[&quot;3702&quot;,&quot;3684&quot;,&quot;3536&quot;,&quot;4495&quot;,&quot;4491&quot;,&quot;4533&quot;,&quot;4044&quot;,&quot;4030&quot;,&quot;4029&quot;,&quot;3967&quot;,&quot;3694&quot;,&quot;3690&quot;],&quot;post_status&quot;:&quot;inherit&quot;,&quot;post_mime_type&quot;:&quot;image&quot;,&quot;posts_per_page&quot;:&quot;6&quot;},&quot;orderby_query_args&quot;:{&quot;orderby&quot;:&quot;RAND(2110062979)&quot;},&quot;type&quot;:&quot;masonry&quot;,&quot;us_grid_ajax_index&quot;:1,&quot;us_grid_filter_params&quot;:null,&quot;us_grid_index&quot;:1,&quot;_us_grid_post_type&quot;:&quot;attachment&quot;,&quot;lang&quot;:&quot;sq&quot;}}'><\/div>\r\n\t<\/div><\/div><\/div><\/div><\/div><\/div><\/section>\n","protected":false},"excerpt":{"rendered":"","protected":false},"author":1,"featured_media":4958,"parent":5868,"menu_order":0,"comment_status":"closed","ping_status":"closed","template":"","meta":{"footnotes":""},"class_list":["post-5818","page","type-page","status-publish","has-post-thumbnail","hentry"],"_links":{"self":[{"href":"https:\/\/accursed-mountains.me\/sq\/wp-json\/wp\/v2\/pages\/5818","targetHints":{"allow":["GET"]}}],"collection":[{"href":"https:\/\/accursed-mountains.me\/sq\/wp-json\/wp\/v2\/pages"}],"about":[{"href":"https:\/\/accursed-mountains.me\/sq\/wp-json\/wp\/v2\/types\/page"}],"author":[{"embeddable":true,"href":"https:\/\/accursed-mountains.me\/sq\/wp-json\/wp\/v2\/users\/1"}],"replies":[{"embeddable":true,"href":"https:\/\/accursed-mountains.me\/sq\/wp-json\/wp\/v2\/comments?post=5818"}],"version-history":[{"count":3,"href":"https:\/\/accursed-mountains.me\/sq\/wp-json\/wp\/v2\/pages\/5818\/revisions"}],"predecessor-version":[{"id":5821,"href":"https:\/\/accursed-mountains.me\/sq\/wp-json\/wp\/v2\/pages\/5818\/revisions\/5821"}],"up":[{"embeddable":true,"href":"https:\/\/accursed-mountains.me\/sq\/wp-json\/wp\/v2\/pages\/5868"}],"wp:featuredmedia":[{"embeddable":true,"href":"https:\/\/accursed-mountains.me\/sq\/wp-json\/wp\/v2\/media\/4958"}],"wp:attachment":[{"href":"https:\/\/accursed-mountains.me\/sq\/wp-json\/wp\/v2\/media?parent=5818"}],"curies":[{"name":"wp","href":"https:\/\/api.w.org\/{rel}","templated":true}]}}