{"id":5828,"date":"2021-05-23T12:08:32","date_gmt":"2021-05-23T12:08:32","guid":{"rendered":"http:\/\/accursed-mountains.me\/rreth-malit\/geographical-characteristics\/"},"modified":"2021-07-01T15:13:38","modified_gmt":"2021-07-01T15:13:38","slug":"karakteristikat-gjeografike","status":"publish","type":"page","link":"https:\/\/accursed-mountains.me\/sq\/lidhur-me-bjeshket\/karakteristikat-gjeografike\/","title":{"rendered":"Karakteristikat gjeografike"},"content":{"rendered":"<section class=\"l-section wpb_row height_medium\"><div class=\"l-section-h i-cf\"><div class=\"g-cols cols_1 laptops-cols_inherit tablets-cols_1 mobiles-cols_1 valign_top\"><div class=\"vc_col-sm-12 wpb_column vc_column_container\"><div class=\"vc_column-inner\"><div class=\"wpb_wrapper\"><div class=\"wpb_text_column\"><div class=\"wpb_wrapper\"><p><span style=\"font-weight: 400;\">Vargmali i lart\u00eb i Bjeshk\u00ebve t\u00eb Nemuna ndodhet n\u00eb pjes\u00ebn ku takohen sistemi i bjeshk\u00ebve t\u00eb Alpeve Dinarike dhe Bjeshk\u00ebve t\u00eb Sharrit, n\u00eb kufirin e tre vendeve ballkanike \u2013 Malit t\u00eb Zi, Kosov\u00ebs dhe Shqip\u00ebris\u00eb. Shtrihet n\u00eb sip\u00ebrfaqe prej mbi 3500km<\/span><span style=\"font-weight: 400;\">2 <\/span><span style=\"font-weight: 400;\">me gjat\u00ebsi prej 650 km. Bjeshk\u00ebt e Nemuna paraqesin nj\u00eb nga masivet m\u00eb t\u00eb nd\u00ebrlikuara, m\u00eb t\u00eb pa-qasshme, por nj\u00ebkoh\u00ebsisht edhe nj\u00eb nga masivet bjeshkore m\u00eb t\u00eb bukura t\u00eb Gadishullit t\u00eb Ballkanit. P\u00ebrb\u00ebhet nga 40 vargje bjeshkore q\u00eb g\u00ebrshetohen dhe nd\u00ebrthuren, duke e plot\u00ebsuar hap\u00ebsir\u00ebn midis rrafshit t\u00eb Zetes n\u00eb jug, lugin\u00ebs s\u00eb Drinit n\u00eb lindje, rrafshit t\u00eb Dukagjinit n\u00eb veri dhe rrafshit t\u00eb Plav\u00ebs-Gucis\u00eb dhe lugin\u00ebs s\u00eb Ibrit t\u00eb Sip\u00ebrm n\u00eb per\u00ebndim.\u00a0<\/span><\/p>\n<p><span style=\"font-weight: 400;\">Gjeografi i famsh\u00ebm Jovan Cvijiq n\u00eb vitin 1913 i ka p\u00ebrshkruar Bjeshk\u00ebt e Nemuna si nj\u00eb eg\u00ebrsi q\u00eb t\u00eb sjell\u00eb shungullime dhe frik\u00eb. Studiuesi i par\u00eb evropian q\u00eb e ka vizituar k\u00ebt\u00eb zon\u00eb ka qen\u00eb gjeologu austriak Ami Bou\u00e9, i cili e ka p\u00ebrshkruar k\u00ebt\u00eb zon\u00eb si \u201cAlpet e Evrop\u00ebs Jugore\u201d. Pik\u00ebrisht p\u00ebr peizazhe t\u00eb veta shk\u00ebmbore, t\u00eb natyr\u00ebs s\u00eb eg\u00ebr dhe shum\u00eb t\u00eb v\u00ebshtir\u00eb p\u00ebr ta qasur, por edhe p\u00ebr maja t\u00eb mprehta dhe me dh\u00ebmb\u00ebza, Bjeshk\u00ebt e Nemuna e kan\u00eb marr\u00eb emrin q\u00eb p\u00ebrshkruan pam\u00ebshir\u00ebn e k\u00ebtij masivi bjeshkor dhe jet\u00ebn e v\u00ebshtir\u00eb t\u00eb njeriut i cili jeton n\u00eb af\u00ebrsi t\u00eb tij. Nga ana tjet\u00ebr, p\u00ebrshtypja vizuale t\u00eb cil\u00ebn e merrni gjat\u00eb takimit t\u00eb par\u00eb me Bjeshk\u00ebt e Nemuna shum\u00eb shpejt shnd\u00ebrrohet n\u00eb njohje mbi bukurit\u00eb natyrore t\u00eb k\u00ebsaj zone, liqet magjepse, kullotat dhe pyjet e k\u00ebtyre vendeve. Pozita gjeografike e Bjeshk\u00ebve t\u00eb Nemuna dhe lidhshm\u00ebria po thuaj se mjaft e dob\u00ebt p\u00ebrmes akseve rrugore me vende p\u00ebrreth, kan\u00eb ndikuar q\u00eb kjo bjeshk\u00eb ende t\u00eb jet\u00eb shum\u00eb interesante dhe nj\u00eb burim i pashtersh\u00ebm i studimeve t\u00eb natyr\u00ebs s\u00eb paprekur, me t\u00ebrheq\u00ebsi t\u00eb posa\u00e7me p\u00ebr adhuruesit e natyr\u00ebs dhe t\u00eb alpinizmit, p\u00ebr njer\u00ebzit me shpirt aventurist.\u00a0<\/span><\/p>\n<p><span style=\"font-weight: 400;\">Vendin kryesor n\u00eb k\u00ebt\u00eb masiv bjeshkor e z\u00ebn\u00eb Bogi\u00e7a me kreshta t\u00eb veta t\u00eb larta, ku ngrit\u00ebt edhe maja m\u00eb e lart\u00eb \u2013 Maja e Jezerc\u00ebs (2694 mlm, n\u00eb Shqip\u00ebri). N\u00eb drejtim t\u00eb jugut, kreshtat bjeshkore shnd\u00ebrrohen n\u00eb vargmale q\u00eb t\u00eb pand\u00ebrprera ulen drejt Liqenit t\u00eb Shkodr\u00ebs. N\u00eb veri, Bjeshk\u00ebt e Nemuna ndahen n\u00eb dy bedena bjeshkore q\u00eb nga tre an\u00ebt e p\u00ebrfshijn\u00eb Rrafshin e Dukagjinit. Tri maja m\u00eb t\u00eb larta n\u00eb masivit t\u00eb Bjeshk\u00ebve t\u00eb Nemuna n\u00eb Mal t\u00eb Zi jan\u00eb Kolata e Keqe, 2534 mlm, Maja e Kolates 2528 mlm dhe Maja e Rosit 2524 mlm, Maja e Gjeravic\u00ebs 2656 mlm, Maja e Marjashit 2530 mlm dhe Maja e Rop\u00ebs 2505 mlm. N\u00eb pamje t\u00eb sotme t\u00eb Bjeshk\u00ebve t\u00eb Nemuna, gjurm\u00ebt m\u00eb t\u00eb thella i ka l\u00ebn\u00eb formimi i akullnajave. Dikur akullnajat m\u00eb t\u00eb m\u00ebdha kan\u00eb l\u00ebvizur nga kreshtat qendrore t\u00eb Bjeshk\u00ebve t\u00eb Nemuna, n\u00ebp\u00ebr luginat e Vermoshit, Grn\u00e7arit, dhe basenit Plav\u00eb-Guci, kurse sot akullnaja t\u00eb p\u00ebrhershme n\u00eb Bjeshk\u00eb t\u00eb Nemuna nuk ka. Me i madhi prej tyre, gjat\u00ebsie 35 km, ka pas fundin e vet\u00eb n\u00eb vendin ku sot ndodhet Liqeni i Plav\u00ebs \u2013 liqeni m\u00eb i madh akullnajor n\u00eb Ballkan.\u00a0<\/span><\/p>\n<\/div><\/div><div class=\"w-separator size_small\"><\/div><div class=\"w-grid type_masonry layout_gallery_default cols_6 with_isotope with_css_animation\" id=\"us_grid_1\" data-filterable=\"true\"><style>#us_grid_1 .w-grid-item{padding:5px}#us_grid_1 .w-grid-list{margin:-5px -5px 5px}.w-grid + #us_grid_1 .w-grid-list{margin-top:5px}@media (max-width:1199px){#us_grid_1 .w-grid-item{width:33.3333%}}@media (max-width:899px){#us_grid_1 .w-grid-item{width:50.0000%}}@media (max-width:599px){#us_grid_1 .w-grid-list{margin:0}#us_grid_1 .w-grid-item{width:100.0000%;padding:0;margin-bottom:5px}}.layout_gallery_default .w-grid-item-h{}<\/style><div class=\"w-grid-list\">\t<article class=\"w-grid-item animate_fade off_autostart post-5608 attachment type-attachment status-inherit hentry\" data-id=\"5608\" style=\"animation-delay:0s\">\r\n\t\t<div class=\"w-grid-item-h\">\r\n\t\t\t\t\t\t\t<a class=\"w-grid-item-anchor\" href=\"https:\/\/accursed-mountains.me\/wp-content\/uploads\/2021\/06\/Dolina-Ropojane-2-photo-Igor-Stojovic-scaled.jpg\" ref=\"magnificPopupGrid\" title=\"Dolina Ropojane 2, photo Igor Stojovi\u0107\"><\/a>\r\n\t\t\t\t\t\t<div class=\"w-post-elm post_image usg_post_image_1 stretched\"><img loading=\"lazy\" decoding=\"async\" width=\"600\" height=\"600\" src=\"https:\/\/accursed-mountains.me\/wp-content\/uploads\/2021\/06\/Dolina-Ropojane-2-photo-Igor-Stojovic-600x600.jpg\" class=\"attachment-us_600_600_crop size-us_600_600_crop\" alt=\"\" \/><\/div>\t\t<\/div>\r\n\t<\/article>\r\n\t<article class=\"w-grid-item animate_fade off_autostart post-5610 attachment type-attachment status-inherit hentry\" data-id=\"5610\" style=\"animation-delay:0.1s\">\r\n\t\t<div class=\"w-grid-item-h\">\r\n\t\t\t\t\t\t\t<a class=\"w-grid-item-anchor\" href=\"https:\/\/accursed-mountains.me\/wp-content\/uploads\/2021\/06\/Dolina-Ropojane-photo-Igor-Stojovic-scaled.jpg\" ref=\"magnificPopupGrid\" title=\"Dolina Ropojane, photo Igor Stojovi\u0107\"><\/a>\r\n\t\t\t\t\t\t<div class=\"w-post-elm post_image usg_post_image_1 stretched\"><img loading=\"lazy\" decoding=\"async\" width=\"600\" height=\"600\" src=\"https:\/\/accursed-mountains.me\/wp-content\/uploads\/2021\/06\/Dolina-Ropojane-photo-Igor-Stojovic-600x600.jpg\" class=\"attachment-us_600_600_crop size-us_600_600_crop\" alt=\"\" \/><\/div>\t\t<\/div>\r\n\t<\/article>\r\n\t<article class=\"w-grid-item animate_fade off_autostart post-5146 attachment type-attachment status-inherit hentry\" data-id=\"5146\" style=\"animation-delay:0.2s\">\r\n\t\t<div class=\"w-grid-item-h\">\r\n\t\t\t\t\t\t\t<a class=\"w-grid-item-anchor\" href=\"https:\/\/accursed-mountains.me\/wp-content\/uploads\/2021\/06\/PENTAX-K-5-12-05-2012-16-37-15.jpg\" ref=\"magnificPopupGrid\" title=\"PENTAX K-5 12-05-2012 16-37-15\"><\/a>\r\n\t\t\t\t\t\t<div class=\"w-post-elm post_image usg_post_image_1 stretched\"><img loading=\"lazy\" decoding=\"async\" width=\"600\" height=\"600\" src=\"https:\/\/accursed-mountains.me\/wp-content\/uploads\/2021\/06\/PENTAX-K-5-12-05-2012-16-37-15-600x600.jpg\" class=\"attachment-us_600_600_crop size-us_600_600_crop\" alt=\"\" \/><\/div>\t\t<\/div>\r\n\t<\/article>\r\n\t<article class=\"w-grid-item animate_fade off_autostart post-5154 attachment type-attachment status-inherit hentry\" data-id=\"5154\" style=\"animation-delay:0.3s\">\r\n\t\t<div class=\"w-grid-item-h\">\r\n\t\t\t\t\t\t\t<a class=\"w-grid-item-anchor\" href=\"https:\/\/accursed-mountains.me\/wp-content\/uploads\/2021\/06\/PENTAX-K20D-14-05-2011-12-31-27-scaled.jpg\" ref=\"magnificPopupGrid\" title=\"GREBAJE VALLEY\"><\/a>\r\n\t\t\t\t\t\t<div class=\"w-post-elm post_image usg_post_image_1 stretched\"><img loading=\"lazy\" decoding=\"async\" width=\"600\" height=\"600\" src=\"https:\/\/accursed-mountains.me\/wp-content\/uploads\/2021\/06\/PENTAX-K20D-14-05-2011-12-31-27-600x600.jpg\" class=\"attachment-us_600_600_crop size-us_600_600_crop\" alt=\"\" \/><\/div>\t\t<\/div>\r\n\t<\/article>\r\n\t<article class=\"w-grid-item animate_fade off_autostart post-5568 attachment type-attachment status-inherit hentry\" data-id=\"5568\" style=\"animation-delay:0.4s\">\r\n\t\t<div class=\"w-grid-item-h\">\r\n\t\t\t\t\t\t\t<a class=\"w-grid-item-anchor\" href=\"https:\/\/accursed-mountains.me\/wp-content\/uploads\/2021\/06\/Katun-Roads-7.jpg\" ref=\"magnificPopupGrid\" title=\"Katun Roads (7)\"><\/a>\r\n\t\t\t\t\t\t<div class=\"w-post-elm post_image usg_post_image_1 stretched\"><img loading=\"lazy\" decoding=\"async\" width=\"600\" height=\"600\" src=\"https:\/\/accursed-mountains.me\/wp-content\/uploads\/2021\/06\/Katun-Roads-7-600x600.jpg\" class=\"attachment-us_600_600_crop size-us_600_600_crop\" alt=\"\" \/><\/div>\t\t<\/div>\r\n\t<\/article>\r\n\t<article class=\"w-grid-item animate_fade off_autostart post-5576 attachment type-attachment status-inherit hentry\" data-id=\"5576\" style=\"animation-delay:0.5s\">\r\n\t\t<div class=\"w-grid-item-h\">\r\n\t\t\t\t\t\t\t<a class=\"w-grid-item-anchor\" href=\"https:\/\/accursed-mountains.me\/wp-content\/uploads\/2021\/06\/Katun-Roads-11.jpg\" ref=\"magnificPopupGrid\" title=\"Katun Roads (11)\"><\/a>\r\n\t\t\t\t\t\t<div class=\"w-post-elm post_image usg_post_image_1 stretched\"><img loading=\"lazy\" decoding=\"async\" width=\"600\" height=\"600\" src=\"https:\/\/accursed-mountains.me\/wp-content\/uploads\/2021\/06\/Katun-Roads-11-600x600.jpg\" class=\"attachment-us_600_600_crop size-us_600_600_crop\" alt=\"\" \/><\/div>\t\t<\/div>\r\n\t<\/article>\r\n\t<article class=\"w-grid-item animate_fade off_autostart post-5158 attachment type-attachment status-inherit hentry\" data-id=\"5158\" style=\"animation-delay:0.6s\">\r\n\t\t<div class=\"w-grid-item-h\">\r\n\t\t\t\t\t\t\t<a class=\"w-grid-item-anchor\" href=\"https:\/\/accursed-mountains.me\/wp-content\/uploads\/2021\/06\/plavsko-2-scaled.jpg\" ref=\"magnificPopupGrid\" title=\"plavsko (2)\"><\/a>\r\n\t\t\t\t\t\t<div class=\"w-post-elm post_image usg_post_image_1 stretched\"><img loading=\"lazy\" decoding=\"async\" width=\"600\" height=\"600\" src=\"https:\/\/accursed-mountains.me\/wp-content\/uploads\/2021\/06\/plavsko-2-600x600.jpg\" class=\"attachment-us_600_600_crop size-us_600_600_crop\" alt=\"\" \/><\/div>\t\t<\/div>\r\n\t<\/article>\r\n\t<article class=\"w-grid-item animate_fade off_autostart post-5572 attachment type-attachment status-inherit hentry\" data-id=\"5572\" style=\"animation-delay:0.7s\">\r\n\t\t<div class=\"w-grid-item-h\">\r\n\t\t\t\t\t\t\t<a class=\"w-grid-item-anchor\" href=\"https:\/\/accursed-mountains.me\/wp-content\/uploads\/2021\/06\/Katun-Roads-9.jpg\" ref=\"magnificPopupGrid\" title=\"Katun Roads (9)\"><\/a>\r\n\t\t\t\t\t\t<div class=\"w-post-elm post_image usg_post_image_1 stretched\"><img loading=\"lazy\" decoding=\"async\" width=\"600\" height=\"600\" src=\"https:\/\/accursed-mountains.me\/wp-content\/uploads\/2021\/06\/Katun-Roads-9-600x600.jpg\" class=\"attachment-us_600_600_crop size-us_600_600_crop\" alt=\"\" \/><\/div>\t\t<\/div>\r\n\t<\/article>\r\n\t<article class=\"w-grid-item animate_fade off_autostart post-5614 attachment type-attachment status-inherit hentry\" data-id=\"5614\" style=\"animation-delay:0.8s\">\r\n\t\t<div class=\"w-grid-item-h\">\r\n\t\t\t\t\t\t\t<a class=\"w-grid-item-anchor\" href=\"https:\/\/accursed-mountains.me\/wp-content\/uploads\/2021\/06\/Popadija-Talijanka-2-photo-Igor-Stojovic-scaled.jpg\" ref=\"magnificPopupGrid\" title=\"Popadija, Talijanka 2 photo Igor Stojovi\u0107\"><\/a>\r\n\t\t\t\t\t\t<div class=\"w-post-elm post_image usg_post_image_1 stretched\"><img loading=\"lazy\" decoding=\"async\" width=\"600\" height=\"600\" src=\"https:\/\/accursed-mountains.me\/wp-content\/uploads\/2021\/06\/Popadija-Talijanka-2-photo-Igor-Stojovic-600x600.jpg\" class=\"attachment-us_600_600_crop size-us_600_600_crop\" alt=\"\" \/><\/div>\t\t<\/div>\r\n\t<\/article>\r\n\t<article class=\"w-grid-item animate_fade off_autostart post-5616 attachment type-attachment status-inherit hentry\" data-id=\"5616\" style=\"animation-delay:0.9s\">\r\n\t\t<div class=\"w-grid-item-h\">\r\n\t\t\t\t\t\t\t<a class=\"w-grid-item-anchor\" href=\"https:\/\/accursed-mountains.me\/wp-content\/uploads\/2021\/06\/Popadija-Talijanka-photo-Igor-Stojovic-scaled.jpg\" ref=\"magnificPopupGrid\" title=\"Popadija, Talijanka, photo Igor Stojovi\u0107\"><\/a>\r\n\t\t\t\t\t\t<div class=\"w-post-elm post_image usg_post_image_1 stretched\"><img loading=\"lazy\" decoding=\"async\" width=\"600\" height=\"600\" src=\"https:\/\/accursed-mountains.me\/wp-content\/uploads\/2021\/06\/Popadija-Talijanka-photo-Igor-Stojovic-600x600.jpg\" class=\"attachment-us_600_600_crop size-us_600_600_crop\" alt=\"\" \/><\/div>\t\t<\/div>\r\n\t<\/article>\r\n\t<article class=\"w-grid-item animate_fade off_autostart post-5606 attachment type-attachment status-inherit hentry\" data-id=\"5606\" style=\"animation-delay:1s\">\r\n\t\t<div class=\"w-grid-item-h\">\r\n\t\t\t\t\t\t\t<a class=\"w-grid-item-anchor\" href=\"https:\/\/accursed-mountains.me\/wp-content\/uploads\/2021\/06\/Dolina-Grebaje-photo-Igor-Stojovic-scaled.jpg\" ref=\"magnificPopupGrid\" title=\"Dolina Grebaje, photo Igor Stojovi\u0107\"><\/a>\r\n\t\t\t\t\t\t<div class=\"w-post-elm post_image usg_post_image_1 stretched\"><img loading=\"lazy\" decoding=\"async\" width=\"600\" height=\"600\" src=\"https:\/\/accursed-mountains.me\/wp-content\/uploads\/2021\/06\/Dolina-Grebaje-photo-Igor-Stojovic-600x600.jpg\" class=\"attachment-us_600_600_crop size-us_600_600_crop\" alt=\"\" \/><\/div>\t\t<\/div>\r\n\t<\/article>\r\n\t<article class=\"w-grid-item animate_fade off_autostart post-5612 attachment type-attachment status-inherit hentry\" data-id=\"5612\" style=\"animation-delay:1.1s\">\r\n\t\t<div class=\"w-grid-item-h\">\r\n\t\t\t\t\t\t\t<a class=\"w-grid-item-anchor\" href=\"https:\/\/accursed-mountains.me\/wp-content\/uploads\/2021\/06\/Hridsko-jezero-photo-Igor-Stojovic-1-scaled.jpg\" ref=\"magnificPopupGrid\" title=\"Hridsko jezero, photo Igor Stojovi\u0107\"><\/a>\r\n\t\t\t\t\t\t<div class=\"w-post-elm post_image usg_post_image_1 stretched\"><img loading=\"lazy\" decoding=\"async\" width=\"600\" height=\"600\" src=\"https:\/\/accursed-mountains.me\/wp-content\/uploads\/2021\/06\/Hridsko-jezero-photo-Igor-Stojovic-1-600x600.jpg\" class=\"attachment-us_600_600_crop size-us_600_600_crop\" alt=\"\" \/><\/div>\t\t<\/div>\r\n\t<\/article>\r\n<\/div><div class=\"w-grid-preloader\"><div class=\"g-preloader type_1\">\r\n\t<div><\/div>\r\n<\/div>\r\n<\/div>\t<div class=\"w-grid-json hidden\" onclick='return {&quot;action&quot;:&quot;us_ajax_grid&quot;,&quot;ajax_url&quot;:&quot;https:\\\/\\\/accursed-mountains.me\\\/wp-admin\\\/admin-ajax.php&quot;,&quot;infinite_scroll&quot;:0,&quot;max_num_pages&quot;:1,&quot;pagination&quot;:&quot;infinite&quot;,&quot;permalink_url&quot;:&quot;https:\\\/\\\/accursed-mountains.me\\\/sq\\\/wp-json\\\/wp\\\/v2\\\/pages\\\/5828\\\/&quot;,&quot;template_vars&quot;:{&quot;columns&quot;:&quot;6&quot;,&quot;exclude_items&quot;:&quot;none&quot;,&quot;img_size&quot;:&quot;default&quot;,&quot;ignore_items_size&quot;:false,&quot;items_layout&quot;:&quot;gallery_default&quot;,&quot;items_offset&quot;:&quot;1&quot;,&quot;load_animation&quot;:&quot;fade&quot;,&quot;overriding_link&quot;:&quot;popup_post_image&quot;,&quot;post_id&quot;:5828,&quot;query_args&quot;:{&quot;post_type&quot;:[&quot;attachment&quot;],&quot;post__in&quot;:[&quot;4490&quot;,&quot;4491&quot;,&quot;4492&quot;,&quot;4493&quot;,&quot;4494&quot;,&quot;4495&quot;,&quot;4460&quot;,&quot;4458&quot;,&quot;4456&quot;,&quot;4028&quot;,&quot;4032&quot;,&quot;4034&quot;],&quot;post_status&quot;:&quot;inherit&quot;,&quot;post_mime_type&quot;:&quot;image&quot;,&quot;posts_per_page&quot;:&quot;12&quot;},&quot;orderby_query_args&quot;:{&quot;orderby&quot;:&quot;RAND(1212499455)&quot;},&quot;type&quot;:&quot;masonry&quot;,&quot;us_grid_ajax_index&quot;:1,&quot;us_grid_filter_params&quot;:null,&quot;us_grid_index&quot;:1,&quot;_us_grid_post_type&quot;:&quot;attachment&quot;,&quot;lang&quot;:&quot;sq&quot;}}'><\/div>\r\n\t<\/div><\/div><\/div><\/div><\/div><\/div><\/section>\n","protected":false},"excerpt":{"rendered":"","protected":false},"author":1,"featured_media":5616,"parent":5824,"menu_order":0,"comment_status":"closed","ping_status":"closed","template":"","meta":{"footnotes":""},"class_list":["post-5828","page","type-page","status-publish","has-post-thumbnail","hentry"],"_links":{"self":[{"href":"https:\/\/accursed-mountains.me\/sq\/wp-json\/wp\/v2\/pages\/5828","targetHints":{"allow":["GET"]}}],"collection":[{"href":"https:\/\/accursed-mountains.me\/sq\/wp-json\/wp\/v2\/pages"}],"about":[{"href":"https:\/\/accursed-mountains.me\/sq\/wp-json\/wp\/v2\/types\/page"}],"author":[{"embeddable":true,"href":"https:\/\/accursed-mountains.me\/sq\/wp-json\/wp\/v2\/users\/1"}],"replies":[{"embeddable":true,"href":"https:\/\/accursed-mountains.me\/sq\/wp-json\/wp\/v2\/comments?post=5828"}],"version-history":[{"count":3,"href":"https:\/\/accursed-mountains.me\/sq\/wp-json\/wp\/v2\/pages\/5828\/revisions"}],"predecessor-version":[{"id":5831,"href":"https:\/\/accursed-mountains.me\/sq\/wp-json\/wp\/v2\/pages\/5828\/revisions\/5831"}],"up":[{"embeddable":true,"href":"https:\/\/accursed-mountains.me\/sq\/wp-json\/wp\/v2\/pages\/5824"}],"wp:featuredmedia":[{"embeddable":true,"href":"https:\/\/accursed-mountains.me\/sq\/wp-json\/wp\/v2\/media\/5616"}],"wp:attachment":[{"href":"https:\/\/accursed-mountains.me\/sq\/wp-json\/wp\/v2\/media?parent=5828"}],"curies":[{"name":"wp","href":"https:\/\/api.w.org\/{rel}","templated":true}]}}