{"id":5864,"date":"2021-05-23T13:00:37","date_gmt":"2021-05-23T13:00:37","guid":{"rendered":"http:\/\/accursed-mountains.me\/np-bjeshket-e-nemuna-kosovo\/"},"modified":"2021-07-01T15:49:58","modified_gmt":"2021-07-01T15:49:58","slug":"park-kombetar-bjeshket-e-nemuna-kosove","status":"publish","type":"page","link":"https:\/\/accursed-mountains.me\/sq\/parqet-kombetare\/park-kombetar-bjeshket-e-nemuna-kosove\/","title":{"rendered":"Park komb\u00ebtar Bjeshk\u00ebt e Nemuna (Kosov\u00eb)"},"content":{"rendered":"<section class=\"l-section wpb_row height_medium\"><div class=\"l-section-h i-cf\"><div class=\"g-cols cols_1 laptops-cols_inherit tablets-cols_1 mobiles-cols_1 valign_top\"><div class=\"vc_col-sm-12 wpb_column vc_column_container\"><div class=\"vc_column-inner\"><div class=\"wpb_wrapper\"><div class=\"wpb_text_column\"><div class=\"wpb_wrapper\"><p><span style=\"font-weight: 400;\">Bjeshk\u00ebt e Nemuna n\u00eb Kosov\u00eb shtrihen n\u00eb drejtim veri-jug, n\u00eb gjat\u00ebsi prej 50 km dhe gjer\u00ebsi 26 km. N\u00eb an\u00ebn e Kosov\u00ebs ngrit\u00ebn drejt fundit t\u00eb rrafshit (500-600 m) dhe arrijn\u00eb lart\u00ebsin\u00eb mbidetare prej mbi 2000 m, me lugina t\u00eb thella t\u00eb lumenjve Lum\u00ebbardhi dhe Erenik deri n\u00eb kufirin jugor me lumin Drin.\u00a0<\/span><\/p>\n<p><span style=\"font-weight: 400;\">Masivi bjeshkor i Bjeshk\u00ebve t\u00eb Nemuna p\u00ebrbehet nga tri pjes\u00eb:<\/span><\/p>\n<p><span style=\"font-weight: 400;\">Pjes\u00ebn veriore e p\u00ebrb\u00ebjn\u00eb bjeshk\u00ebt q\u00eb ndodh\u00ebn n\u00eb veri dhe verilindje t\u00eb Lum\u00ebbardhit, nga Peja, q\u00eb fillojn\u00eb nga Mali i That\u00eb mbi Rrafshin e Dukagjinit dhe Mokna. Nga Mokna, ky vargmal shkon n\u00eb jugper\u00ebndim deh shkon deri tek Maja e Re (1812m), dhe nga k\u00ebtu shtrihet n\u00eb per\u00ebndim p\u00ebrmes Maja Shiqimi (2155m) deri tek Zleb, me maje Rusolia (2381m). K\u00ebtij grupit t\u00eb bjeshk\u00ebve, mandej ka per\u00ebndimi, i takojn\u00eb edhe Shtedimi (2272 m), Hajla (2400 m), Mali Shishka, me Maj\u00ebn e Hasanit (1871 m), Mali i Begut me maj\u00ebn e Velekut (2015 m) dhe Pokleni (1376 m) .<\/span><\/p>\n<p><span style=\"font-weight: 400;\">Pjes\u00ebn qendrore e p\u00ebrb\u00ebjn\u00eb bjeshk\u00ebt midis Lum\u00ebbardhit, Koprivnikut me Maj\u00ebn \u00c7vrlen (2460m), Bjashka e Strellcit me maj\u00ebn Strellc (2377m), Qafa e Nekut dhe Mylishevci. Mandej n\u00eb per\u00ebndim, kjo pjes\u00eb i takon bjeshk\u00ebve t\u00eb Lum\u00ebbardhit me maj\u00ebn Guri i Kuq (2522 m), Malet Nexhinat (2341 m) dhe Plaku (2426 m).<\/span><\/p>\n<p><span style=\"font-weight: 400;\">Pjesa jugore shtrihet n\u00eb jugper\u00ebndim nga Lum\u00ebbardhi n\u00eb De\u00e7an dhe p\u00ebrbehet nga malet De\u00e7an, Vokshi (1641 m), Junik me maje Rrasa e Zogut (2296 m), Gjeravic\u00eb (2656 m), Bogi\u00e7evic\u00eb (2103 m) Maja e Rop\u00ebs (2505 m), Maja e Qenit (2406 m) dhe Marjashi (2530 m).<\/span><\/p>\n<p><span style=\"font-weight: 400;\">Parku komb\u00ebtar \u201cBjeshk\u00ebt e Nemuna\u201d i karakterizon prania e 1000 specieve bimore relikte, endemo-relikte dhe endemike autoktone t\u00eb Ballkanit dhe t\u00eb Evrop\u00ebs, duke p\u00ebrjashtuar myshqet, likenet dhe k\u00ebrpudhat.\u00a0<\/span><\/p>\n<p><span style=\"font-weight: 400;\">Brenda zonave alpine dhe sub-alpine ndodhen 33 specie endemike, 6 specie sub-endemike, 128 specie endemike t\u00eb Ballkanit, t\u00eb cilat kan\u00eb vler\u00ebn shkencore, ekonomike dhe mjek\u00ebsore. N\u00eb territorin e Kosov\u00ebs jan\u00eb regjistruar gjithsej 26 specie endemike nga t\u00eb cilat n\u00eb territorin e parkut mund t\u00eb gjejm\u00eb 11. Lloje endemike t\u00eb Ballkanit jan\u00eb 18. N\u00eb baz\u00eb t\u00eb Librit t\u00eb Kuq t\u00eb flor\u00ebs vaskulare t\u00eb Republik\u00ebs s\u00eb Kosov\u00ebs, 126 specie jan\u00eb t\u00eb cenuara, kurse 6 specie jan\u00eb n\u00eb List\u00ebn e Kuqe t\u00eb Evrop\u00ebs s\u00eb UNESCO-s, Nju Jork, 1991.\u00a0<\/span><\/p>\n<p><span style=\"font-weight: 400;\">P\u00ebr sa i p\u00ebrket pasuris\u00eb s\u00eb flor\u00ebs, Parku komb\u00ebtar Bjeshk\u00ebt e Nemuna i karakterizon edhe pasuria e faun\u00ebs, me lloje endemike dhe relikte. Fauna p\u00ebrb\u00ebhet nga: 8 lloje t\u00eb peshkut, 13 lloje t\u00eb amfibeve, 10 lloje t\u00eb zvarranik\u00ebsh, 148 lloje t\u00eb shpend\u00ebve, 37 lloje t\u00eb gjitar\u00ebve, si dhe 129 lloje t\u00eb fluturave vet\u00ebm nga rendi Lepidoptera. Deri sot jan\u00eb v\u00ebrejtur 148 lloje t\u00eb shpend\u00ebve, por konsiderohet se jan\u00eb mbi 200 lloje me r\u00ebnd\u00ebsi nd\u00ebrkomb\u00ebtare dhe prandaj Bjeshk\u00ebt e Nemuna jan\u00eb identifikuar edhe n\u00eb List\u00ebn nd\u00ebrkomb\u00ebtare t\u00eb IBA-s.\u00a0<\/span><\/p>\n<p><b>Liqeni<\/b> <b>Gjeravica<\/b><\/p>\n<p><span style=\"font-weight: 400;\">Liqeni Gjeravica ndodhet n\u00eb maj\u00ebn e Gjeravic\u00ebs, n\u00eb rreth 220 m t\u00eb lart\u00ebsis\u00eb mbidetare. Ka form\u00ebn e dh\u00ebmbit dhe \u00ebsht\u00eb burimi i lumit Erenik q\u00eb ulet n\u00eb Rrafshin e Dukagjinit n\u00eb per\u00ebndim t\u00eb Kosov\u00ebs. Liqeni \u00ebsht\u00eb i njohur p\u00ebr salamandrat q\u00eb ushqehen me insekte q\u00eb fluturojn\u00eb mbi sip\u00ebrfaqen e ujit t\u00eb liqenit, liqenit q\u00eb ka thell\u00ebsin\u00eb maksimale prej 3.8 metra dhe q\u00eb e ka sip\u00ebrfaqen prej 2 hektar\u00ebve.\u00a0<\/span><\/p>\n<\/div><\/div><div class=\"w-separator size_small\"><\/div><div class=\"w-grid type_masonry layout_gallery_default cols_6 with_isotope with_css_animation\" id=\"us_grid_1\" data-filterable=\"true\"><style>#us_grid_1 .w-grid-item{padding:5px}#us_grid_1 .w-grid-list{margin:-5px -5px 5px}.w-grid + #us_grid_1 .w-grid-list{margin-top:5px}@media (max-width:1199px){#us_grid_1 .w-grid-item{width:33.3333%}}@media (max-width:899px){#us_grid_1 .w-grid-item{width:50.0000%}}@media (max-width:599px){#us_grid_1 .w-grid-list{margin:0}#us_grid_1 .w-grid-item{width:100.0000%;padding:0;margin-bottom:5px}}.layout_gallery_default .w-grid-item-h{}<\/style><div class=\"w-grid-list\">\t<article class=\"w-grid-item animate_fade off_autostart post-5486 attachment type-attachment status-inherit hentry\" data-id=\"5486\" style=\"animation-delay:0s\">\r\n\t\t<div class=\"w-grid-item-h\">\r\n\t\t\t\t\t\t\t<a class=\"w-grid-item-anchor\" href=\"https:\/\/accursed-mountains.me\/wp-content\/uploads\/2021\/06\/North-to-West-22.jpg\" ref=\"magnificPopupGrid\" title=\"North to West\"><\/a>\r\n\t\t\t\t\t\t<div class=\"w-post-elm post_image usg_post_image_1 stretched\"><img loading=\"lazy\" decoding=\"async\" width=\"600\" height=\"600\" src=\"https:\/\/accursed-mountains.me\/wp-content\/uploads\/2021\/06\/North-to-West-22-600x600.jpg\" class=\"attachment-us_600_600_crop size-us_600_600_crop\" alt=\"\" \/><\/div>\t\t<\/div>\r\n\t<\/article>\r\n\t<article class=\"w-grid-item animate_fade off_autostart post-5360 attachment type-attachment status-inherit hentry\" data-id=\"5360\" style=\"animation-delay:0.1s\">\r\n\t\t<div class=\"w-grid-item-h\">\r\n\t\t\t\t\t\t\t<a class=\"w-grid-item-anchor\" href=\"https:\/\/accursed-mountains.me\/wp-content\/uploads\/2021\/06\/DSC_5673-scaled.jpg\" ref=\"magnificPopupGrid\" title=\"South to West\"><\/a>\r\n\t\t\t\t\t\t<div class=\"w-post-elm post_image usg_post_image_1 stretched\"><img loading=\"lazy\" decoding=\"async\" width=\"600\" height=\"600\" src=\"https:\/\/accursed-mountains.me\/wp-content\/uploads\/2021\/06\/DSC_5673-600x600.jpg\" class=\"attachment-us_600_600_crop size-us_600_600_crop\" alt=\"\" \/><\/div>\t\t<\/div>\r\n\t<\/article>\r\n\t<article class=\"w-grid-item animate_fade off_autostart post-5358 attachment type-attachment status-inherit hentry\" data-id=\"5358\" style=\"animation-delay:0.2s\">\r\n\t\t<div class=\"w-grid-item-h\">\r\n\t\t\t\t\t\t\t<a class=\"w-grid-item-anchor\" href=\"https:\/\/accursed-mountains.me\/wp-content\/uploads\/2021\/06\/DSC_5661-scaled.jpg\" ref=\"magnificPopupGrid\" title=\"South to West\"><\/a>\r\n\t\t\t\t\t\t<div class=\"w-post-elm post_image usg_post_image_1 stretched\"><img loading=\"lazy\" decoding=\"async\" width=\"600\" height=\"600\" src=\"https:\/\/accursed-mountains.me\/wp-content\/uploads\/2021\/06\/DSC_5661-600x600.jpg\" class=\"attachment-us_600_600_crop size-us_600_600_crop\" alt=\"\" \/><\/div>\t\t<\/div>\r\n\t<\/article>\r\n\t<article class=\"w-grid-item animate_fade off_autostart post-5554 attachment type-attachment status-inherit hentry\" data-id=\"5554\" style=\"animation-delay:0.3s\">\r\n\t\t<div class=\"w-grid-item-h\">\r\n\t\t\t\t\t\t\t<a class=\"w-grid-item-anchor\" href=\"https:\/\/accursed-mountains.me\/wp-content\/uploads\/2021\/06\/North-to-West-56-scaled.jpg\" ref=\"magnificPopupGrid\" title=\"North to West (56)\"><\/a>\r\n\t\t\t\t\t\t<div class=\"w-post-elm post_image usg_post_image_1 stretched\"><img loading=\"lazy\" decoding=\"async\" width=\"600\" height=\"600\" src=\"https:\/\/accursed-mountains.me\/wp-content\/uploads\/2021\/06\/North-to-West-56-600x600.jpg\" class=\"attachment-us_600_600_crop size-us_600_600_crop\" alt=\"\" \/><\/div>\t\t<\/div>\r\n\t<\/article>\r\n\t<article class=\"w-grid-item animate_fade off_autostart post-5348 attachment type-attachment status-inherit hentry\" data-id=\"5348\" style=\"animation-delay:0.4s\">\r\n\t\t<div class=\"w-grid-item-h\">\r\n\t\t\t\t\t\t\t<a class=\"w-grid-item-anchor\" href=\"https:\/\/accursed-mountains.me\/wp-content\/uploads\/2021\/06\/DJI_0230-scaled.jpg\" ref=\"magnificPopupGrid\" title=\"North to West\"><\/a>\r\n\t\t\t\t\t\t<div class=\"w-post-elm post_image usg_post_image_1 stretched\"><img loading=\"lazy\" decoding=\"async\" width=\"600\" height=\"600\" src=\"https:\/\/accursed-mountains.me\/wp-content\/uploads\/2021\/06\/DJI_0230-600x600.jpg\" class=\"attachment-us_600_600_crop size-us_600_600_crop\" alt=\"\" \/><\/div>\t\t<\/div>\r\n\t<\/article>\r\n\t<article class=\"w-grid-item animate_fade off_autostart post-5372 attachment type-attachment status-inherit hentry\" data-id=\"5372\" style=\"animation-delay:0.5s\">\r\n\t\t<div class=\"w-grid-item-h\">\r\n\t\t\t\t\t\t\t<a class=\"w-grid-item-anchor\" href=\"https:\/\/accursed-mountains.me\/wp-content\/uploads\/2021\/06\/DSC_5871-scaled.jpg\" ref=\"magnificPopupGrid\" title=\"South to West\"><\/a>\r\n\t\t\t\t\t\t<div class=\"w-post-elm post_image usg_post_image_1 stretched\"><img loading=\"lazy\" decoding=\"async\" width=\"600\" height=\"600\" src=\"https:\/\/accursed-mountains.me\/wp-content\/uploads\/2021\/06\/DSC_5871-600x600.jpg\" class=\"attachment-us_600_600_crop size-us_600_600_crop\" alt=\"\" \/><\/div>\t\t<\/div>\r\n\t<\/article>\r\n<\/div><div class=\"w-grid-preloader\"><div class=\"g-preloader type_1\">\r\n\t<div><\/div>\r\n<\/div>\r\n<\/div>\t\t<div class=\"g-loadmore \">\r\n\t\t\t<div class=\"g-preloader type_1\">\r\n\t\t\t\t<div><\/div>\r\n\t\t\t<\/div>\r\n\t\t\t<a class=\"w-btn us-btn-style_1\" href=\"javascript:void(0)\">\r\n\t\t\t\t<span class=\"w-btn-label\">Load More<\/span>\r\n\t\t\t<\/a>\r\n\t\t<\/div>\r\n\t\t\t<div class=\"w-grid-json hidden\" onclick='return {&quot;action&quot;:&quot;us_ajax_grid&quot;,&quot;ajax_url&quot;:&quot;https:\\\/\\\/accursed-mountains.me\\\/wp-admin\\\/admin-ajax.php&quot;,&quot;infinite_scroll&quot;:true,&quot;max_num_pages&quot;:2,&quot;pagination&quot;:&quot;ajax&quot;,&quot;permalink_url&quot;:&quot;https:\\\/\\\/accursed-mountains.me\\\/sq\\\/wp-json\\\/wp\\\/v2\\\/pages\\\/5864\\\/&quot;,&quot;template_vars&quot;:{&quot;columns&quot;:&quot;6&quot;,&quot;exclude_items&quot;:&quot;none&quot;,&quot;img_size&quot;:&quot;default&quot;,&quot;ignore_items_size&quot;:false,&quot;items_layout&quot;:&quot;gallery_default&quot;,&quot;items_offset&quot;:&quot;1&quot;,&quot;load_animation&quot;:&quot;fade&quot;,&quot;overriding_link&quot;:&quot;popup_post_image&quot;,&quot;post_id&quot;:5864,&quot;query_args&quot;:{&quot;post_type&quot;:[&quot;attachment&quot;],&quot;post__in&quot;:[&quot;4402&quot;,&quot;4397&quot;,&quot;4385&quot;,&quot;4438&quot;,&quot;4350&quot;,&quot;4342&quot;,&quot;4343&quot;,&quot;4336&quot;,&quot;4337&quot;,&quot;4331&quot;,&quot;4349&quot;,&quot;4366&quot;],&quot;post_status&quot;:&quot;inherit&quot;,&quot;post_mime_type&quot;:&quot;image&quot;,&quot;posts_per_page&quot;:&quot;6&quot;},&quot;orderby_query_args&quot;:{&quot;orderby&quot;:&quot;RAND(172460881)&quot;},&quot;type&quot;:&quot;masonry&quot;,&quot;us_grid_ajax_index&quot;:1,&quot;us_grid_filter_params&quot;:null,&quot;us_grid_index&quot;:1,&quot;_us_grid_post_type&quot;:&quot;attachment&quot;,&quot;lang&quot;:&quot;sq&quot;}}'><\/div>\r\n\t<\/div><\/div><\/div><\/div><\/div><\/div><\/section>\n","protected":false},"excerpt":{"rendered":"","protected":false},"author":1,"featured_media":5366,"parent":5868,"menu_order":0,"comment_status":"closed","ping_status":"closed","template":"","meta":{"footnotes":""},"class_list":["post-5864","page","type-page","status-publish","has-post-thumbnail","hentry"],"_links":{"self":[{"href":"https:\/\/accursed-mountains.me\/sq\/wp-json\/wp\/v2\/pages\/5864","targetHints":{"allow":["GET"]}}],"collection":[{"href":"https:\/\/accursed-mountains.me\/sq\/wp-json\/wp\/v2\/pages"}],"about":[{"href":"https:\/\/accursed-mountains.me\/sq\/wp-json\/wp\/v2\/types\/page"}],"author":[{"embeddable":true,"href":"https:\/\/accursed-mountains.me\/sq\/wp-json\/wp\/v2\/users\/1"}],"replies":[{"embeddable":true,"href":"https:\/\/accursed-mountains.me\/sq\/wp-json\/wp\/v2\/comments?post=5864"}],"version-history":[{"count":3,"href":"https:\/\/accursed-mountains.me\/sq\/wp-json\/wp\/v2\/pages\/5864\/revisions"}],"predecessor-version":[{"id":5867,"href":"https:\/\/accursed-mountains.me\/sq\/wp-json\/wp\/v2\/pages\/5864\/revisions\/5867"}],"up":[{"embeddable":true,"href":"https:\/\/accursed-mountains.me\/sq\/wp-json\/wp\/v2\/pages\/5868"}],"wp:featuredmedia":[{"embeddable":true,"href":"https:\/\/accursed-mountains.me\/sq\/wp-json\/wp\/v2\/media\/5366"}],"wp:attachment":[{"href":"https:\/\/accursed-mountains.me\/sq\/wp-json\/wp\/v2\/media?parent=5864"}],"curies":[{"name":"wp","href":"https:\/\/api.w.org\/{rel}","templated":true}]}}