{"id":5875,"date":"2021-05-21T10:41:03","date_gmt":"2021-05-21T10:41:03","guid":{"rendered":"http:\/\/accursed-mountains.me\/hiking-routes\/"},"modified":"2021-08-18T09:11:53","modified_gmt":"2021-08-18T09:11:53","slug":"shtigjet-e-ecjes","status":"publish","type":"page","link":"https:\/\/accursed-mountains.me\/sq\/oferta-e-aktiviteteve-ne-natyre\/shtigjet-e-ecjes\/","title":{"rendered":"Shtigjet e Ecjes"},"content":{"rendered":"<section class=\"l-section wpb_row height_medium color_alternate with_shape\"><div class=\"l-section-shape type_triangle-2 pos_bottom\" style=\"height:4vw;\"><svg xmlns=\"http:\/\/www.w3.org\/2000\/svg\" viewBox=\"0 0 64 8\" preserveAspectRatio=\"none\" width=\"100%\" height=\"100%\">\r\n\t<path fill=\"currentColor\" d=\"M64 8 L0 8 L0 0 L48 7.9 L64 0 Z\"\/>\r\n<\/svg><\/div><div class=\"l-section-h i-cf\"><div class=\"g-cols cols_1 laptops-cols_inherit tablets-cols_1 mobiles-cols_1 valign_top\"><div class=\"vc_col-sm-12 wpb_column vc_column_container\"><div class=\"vc_column-inner\"><div class=\"wpb_wrapper\"><div class=\"wpb_text_column\"><div class=\"wpb_wrapper\"><p><span style=\"font-weight: 400;\">\u00cbsht\u00eb e v\u00ebrtetuar se ecja malore ul stresin, pastron mendjen dhe p\u00ebrmir\u00ebson cil\u00ebsin\u00eb e gjumit &#8211; p\u00ebrgjith\u00ebsisht na b\u00ebn m\u00eb t\u00eb lumtur &#8211; dhe jan\u00eb t\u00eb shumt\u00eb ata q\u00eb kan\u00eb d\u00ebshmuar se ecja malore u ka ndihmuar ta rigjejn\u00eb vetveten dhe m\u00ebm\u00ebn natyr\u00eb. Dhe m\u00ebma natyr\u00eb \u00ebsht\u00eb treguar m\u00eb shum\u00eb se bujare me k\u00ebt\u00eb rajon p\u00ebr sa i p\u00ebrket mund\u00ebsive p\u00ebr ecje malore. N\u00eb ueb faqen ton\u00eb, mund t\u00eb zgjidhni opsione t\u00eb ndryshme, nga shtigjet e njohura, por paksa sfiduese t\u00eb Via Dinarica dhe Peaks of the Balkans, deri tek shtigjet m\u00eb pak t\u00eb v\u00ebshtira, por sidoqoft\u00eb shum\u00eb t\u00eb bukura, si dhe shtigje t\u00eb reja p\u00ebr ecje malore t\u00eb zhvilluara nga ky projekt.\u00a0<\/span><span style=\"font-weight: 400;\">\u00a0<\/span><b>VINI RE<\/b><span style=\"font-weight: 400;\">: Ju lutemi t\u2019i lexoni me kujdes p\u00ebrshkrimet e t\u00eb gjitha shtigjeve dhe t\u00eb zgjidhni at\u00eb q\u00eb p\u00ebrve\u00e7se ju p\u00eblqen u p\u00ebrshtatet edhe aft\u00ebsive tuaja fizike. <\/span><\/p>\n<\/div><\/div><div class=\"w-separator size_medium with_line width_default thick_1 style_solid color_border align_center\"><div class=\"w-separator-h\"><\/div><\/div><div class=\"w-grid type_grid layout_3807 cols_3 valign_center overflow_hidden with_filters with_css_animation\" id=\"us_grid_1\"><style>#us_grid_1 .w-grid-item{padding:1.5rem}#us_grid_1 .w-grid-list{margin:1.5rem -1.5rem}.w-grid + #us_grid_1 .w-grid-list{margin-top:1.5rem}@media (max-width:899px){#us_grid_1 .w-grid-item{width:50.0000%}}@media (max-width:599px){#us_grid_1 .w-grid-list{margin:0}#us_grid_1 .w-grid-item{width:100.0000%;padding:0;margin-bottom:1.5rem}}.layout_3807 .w-grid-item-h{background:#333;border-radius:0.6rem;z-index:3;box-shadow:0 0.03rem 0.06rem rgba(0,0,0,0.1),0 0.10rem 0.30rem rgba(0,0,0,0.1);transition-duration:0.3s}.no-touch .layout_3807 .w-grid-item-h:hover{box-shadow:0 0.12rem 0.24rem rgba(0,0,0,0.1),0 0.40rem 1.20rem rgba(0,0,0,0.15);z-index:4}.layout_3807 .usg_post_image_1{transition-duration:0.3s;transform-origin:50% 50%;transform:scale(1) translate(0%,0%)}.layout_3807 .w-grid-item-h:hover .usg_post_image_1{transform:scale(1.15) translate(0%,0%);opacity:0.7}.layout_3807 .usg_vwrapper_1{position:absolute!important;right:0!important;bottom:0!important;left:0!important;background:linear-gradient(transparent,rgba(30,30,30,0.8))!important;padding:15% 7% 7% 7%!important}.layout_3807 .usg_post_taxonomy_1{font-weight:700!important;text-transform:uppercase!important;font-size:9px!important;margin-bottom:0.5rem!important}.layout_3807 .usg_post_title_1{color:#ffffff!important;font-weight:700!important;font-size:1.2rem!important}<\/style><div class=\"g-filters style_2 align_center\"><a class=\"g-filters-item active\" href=\"javascript:void(0)\" data-taxonomy=\"*\"><span>All<\/span><\/a><a class=\"g-filters-item\" href=\"javascript:void(0)\" data-taxonomy=\"kosovo-sq\" data-amount=\"10\"><span>Kosov\u00eb<\/span><span class=\"g-filters-item-amount\">10<\/span><\/a><a class=\"g-filters-item\" href=\"javascript:void(0)\" data-taxonomy=\"montenegro-sq\" data-amount=\"5\"><span>Mali i Zi<\/span><span class=\"g-filters-item-amount\">5<\/span><\/a><\/div><div class=\"w-grid-list\" data-filter_taxonomy_name=\"category\" data-filter_default_taxonomies=\"kosovo-sq,montenegro-sq\">\t<article class=\"w-grid-item animate_fade size_1x1 post-7507 post type-post status-publish format-standard has-post-thumbnail hentry category-kosovo-sq\" data-id=\"7507\" style=\"animation-delay:0s\">\r\n\t\t<div class=\"w-grid-item-h\">\r\n\t\t\t\t\t\t<div class=\"w-post-elm post_image usg_post_image_1 stretched\"><a href=\"https:\/\/accursed-mountains.me\/sq\/shtegu-nga-jugu-ne-perendim-2\/\" aria-label=\"Shtegu nga Jugu n\u00eb Per\u00ebndim\"><img decoding=\"async\" width=\"600\" height=\"600\" src=\"https:\/\/accursed-mountains.me\/wp-content\/uploads\/2021\/06\/DSC_5882-600x600.jpg\" class=\"attachment-thumbnail size-thumbnail wp-post-image\" alt=\"\" \/><\/a><\/div><div class=\"w-vwrapper usg_vwrapper_1 align_left valign_top\"><h6 class=\"w-post-elm post_title usg_post_title_1 entry-title color_link_inherit has_text_color\"><a href=\"https:\/\/accursed-mountains.me\/sq\/shtegu-nga-jugu-ne-perendim-2\/\">Shtegu nga Jugu n\u00eb Per\u00ebndim<\/a><\/h6><div class=\"w-post-elm post_taxonomy usg_post_taxonomy_1 style_badge color_link_inherit\"><a class=\"w-btn us-btn-style_badge\" href=\"https:\/\/accursed-mountains.me\/sq\/category\/kosovo-sq\/\"><span class=\"w-btn-label\">Kosov\u00eb<\/span><\/a><\/div><\/div>\t\t<\/div>\r\n\t<\/article>\r\n\t<article class=\"w-grid-item animate_fade size_1x1 post-9366 post type-post status-publish format-standard has-post-thumbnail hentry category-kosovo-sq\" data-id=\"9366\" style=\"animation-delay:0.1s\">\r\n\t\t<div class=\"w-grid-item-h\">\r\n\t\t\t\t\t\t<div class=\"w-post-elm post_image usg_post_image_1 stretched\"><a href=\"https:\/\/accursed-mountains.me\/sq\/shtegu-i-majes-se-cferles\/\" aria-label=\"Shtegu i Maj\u00ebs s\u00eb \u00c7f\u00ebrles\"><img decoding=\"async\" width=\"600\" height=\"600\" src=\"https:\/\/accursed-mountains.me\/wp-content\/uploads\/2021\/05\/hiking-3-600x600.jpg\" class=\"attachment-thumbnail size-thumbnail wp-post-image\" alt=\"\" \/><\/a><\/div><div class=\"w-vwrapper usg_vwrapper_1 align_left valign_top\"><h6 class=\"w-post-elm post_title usg_post_title_1 entry-title color_link_inherit has_text_color\"><a href=\"https:\/\/accursed-mountains.me\/sq\/shtegu-i-majes-se-cferles\/\">Shtegu i Maj\u00ebs s\u00eb \u00c7f\u00ebrles<\/a><\/h6><div class=\"w-post-elm post_taxonomy usg_post_taxonomy_1 style_badge color_link_inherit\"><a class=\"w-btn us-btn-style_badge\" href=\"https:\/\/accursed-mountains.me\/sq\/category\/kosovo-sq\/\"><span class=\"w-btn-label\">Kosov\u00eb<\/span><\/a><\/div><\/div>\t\t<\/div>\r\n\t<\/article>\r\n\t<article class=\"w-grid-item animate_fade size_1x1 post-7573 post type-post status-publish format-standard has-post-thumbnail hentry category-kosovo-sq\" data-id=\"7573\" style=\"animation-delay:0.2s\">\r\n\t\t<div class=\"w-grid-item-h\">\r\n\t\t\t\t\t\t<div class=\"w-post-elm post_image usg_post_image_1 stretched\"><a href=\"https:\/\/accursed-mountains.me\/sq\/shtegu-i-majes-se-gurit-te-kuq\/\" aria-label=\"Shtegu i Maj\u00ebs s\u00eb Gurit t\u00eb Kuq\"><img decoding=\"async\" width=\"600\" height=\"600\" src=\"https:\/\/accursed-mountains.me\/wp-content\/uploads\/2021\/06\/gopr3962-600x600.jpg\" class=\"attachment-thumbnail size-thumbnail wp-post-image\" alt=\"\" \/><\/a><\/div><div class=\"w-vwrapper usg_vwrapper_1 align_left valign_top\"><h6 class=\"w-post-elm post_title usg_post_title_1 entry-title color_link_inherit has_text_color\"><a href=\"https:\/\/accursed-mountains.me\/sq\/shtegu-i-majes-se-gurit-te-kuq\/\">Shtegu i Maj\u00ebs s\u00eb Gurit t\u00eb Kuq<\/a><\/h6><div class=\"w-post-elm post_taxonomy usg_post_taxonomy_1 style_badge color_link_inherit\"><a class=\"w-btn us-btn-style_badge\" href=\"https:\/\/accursed-mountains.me\/sq\/category\/kosovo-sq\/\"><span class=\"w-btn-label\">Kosov\u00eb<\/span><\/a><\/div><\/div>\t\t<\/div>\r\n\t<\/article>\r\n\t<article class=\"w-grid-item animate_fade size_1x1 post-9337 post type-post status-publish format-standard has-post-thumbnail hentry category-kosovo-sq category-montenegro-sq tag-snowshoeing-and-backcountry-skiing-sq\" data-id=\"9337\" style=\"animation-delay:0.3s\">\r\n\t\t<div class=\"w-grid-item-h\">\r\n\t\t\t\t\t\t<div class=\"w-post-elm post_image usg_post_image_1 stretched\"><a href=\"https:\/\/accursed-mountains.me\/sq\/shtegu-per-ecje-me-kepuce-bore-dhe-ski-mz-ks\/\" aria-label=\"Shtegu p\u00ebr ecje me k\u00ebpuc\u00eb bore dhe ski MZ-KS\"><img decoding=\"async\" width=\"600\" height=\"600\" src=\"https:\/\/accursed-mountains.me\/wp-content\/uploads\/2021\/06\/Snowshoeing-3-600x600.jpg\" class=\"attachment-thumbnail size-thumbnail wp-post-image\" alt=\"\" \/><\/a><\/div><div class=\"w-vwrapper usg_vwrapper_1 align_left valign_top\"><h6 class=\"w-post-elm post_title usg_post_title_1 entry-title color_link_inherit has_text_color\"><a href=\"https:\/\/accursed-mountains.me\/sq\/shtegu-per-ecje-me-kepuce-bore-dhe-ski-mz-ks\/\">Shtegu p\u00ebr ecje me k\u00ebpuc\u00eb bore dhe ski MZ-KS<\/a><\/h6><div class=\"w-post-elm post_taxonomy usg_post_taxonomy_1 style_badge color_link_inherit\"><div class=\"w-post-elm-list\"><a class=\"w-btn us-btn-style_badge\" href=\"https:\/\/accursed-mountains.me\/sq\/category\/kosovo-sq\/\"><span class=\"w-btn-label\">Kosov\u00eb<\/span><\/a><a class=\"w-btn us-btn-style_badge\" href=\"https:\/\/accursed-mountains.me\/sq\/category\/montenegro-sq\/\"><span class=\"w-btn-label\">Mali i Zi<\/span><\/a><\/div><\/div><\/div>\t\t<\/div>\r\n\t<\/article>\r\n\t<article class=\"w-grid-item animate_fade size_1x1 post-7533 post type-post status-publish format-standard has-post-thumbnail hentry category-kosovo-sq\" data-id=\"7533\" style=\"animation-delay:0.4s\">\r\n\t\t<div class=\"w-grid-item-h\">\r\n\t\t\t\t\t\t<div class=\"w-post-elm post_image usg_post_image_1 stretched\"><a href=\"https:\/\/accursed-mountains.me\/sq\/shtegu-i-majes-se-hajles\/\" aria-label=\"Shtegu i Maj\u00ebs s\u00eb Hajles\"><img decoding=\"async\" width=\"600\" height=\"600\" src=\"https:\/\/accursed-mountains.me\/wp-content\/uploads\/2021\/05\/IMG_8888-600x600.jpg\" class=\"attachment-thumbnail size-thumbnail wp-post-image\" alt=\"\" \/><\/a><\/div><div class=\"w-vwrapper usg_vwrapper_1 align_left valign_top\"><h6 class=\"w-post-elm post_title usg_post_title_1 entry-title color_link_inherit has_text_color\"><a href=\"https:\/\/accursed-mountains.me\/sq\/shtegu-i-majes-se-hajles\/\">Shtegu i Maj\u00ebs s\u00eb Hajles<\/a><\/h6><div class=\"w-post-elm post_taxonomy usg_post_taxonomy_1 style_badge color_link_inherit\"><a class=\"w-btn us-btn-style_badge\" href=\"https:\/\/accursed-mountains.me\/sq\/category\/kosovo-sq\/\"><span class=\"w-btn-label\">Kosov\u00eb<\/span><\/a><\/div><\/div>\t\t<\/div>\r\n\t<\/article>\r\n\t<article class=\"w-grid-item animate_fade size_1x1 post-7516 post type-post status-publish format-standard has-post-thumbnail hentry category-kosovo-sq category-montenegro-sq tag-cross-border-routes-sq\" data-id=\"7516\" style=\"animation-delay:0.5s\">\r\n\t\t<div class=\"w-grid-item-h\">\r\n\t\t\t\t\t\t<div class=\"w-post-elm post_image usg_post_image_1 stretched\"><a href=\"https:\/\/accursed-mountains.me\/sq\/via-dinarica\/\" aria-label=\"Via Dinarica\"><img decoding=\"async\" width=\"600\" height=\"600\" src=\"https:\/\/accursed-mountains.me\/wp-content\/uploads\/2021\/06\/Via-Dinarica-7-600x600.jpg\" class=\"attachment-thumbnail size-thumbnail wp-post-image\" alt=\"\" \/><\/a><\/div><div class=\"w-vwrapper usg_vwrapper_1 align_left valign_top\"><h6 class=\"w-post-elm post_title usg_post_title_1 entry-title color_link_inherit has_text_color\"><a href=\"https:\/\/accursed-mountains.me\/sq\/via-dinarica\/\">Via Dinarica<\/a><\/h6><div class=\"w-post-elm post_taxonomy usg_post_taxonomy_1 style_badge color_link_inherit\"><div class=\"w-post-elm-list\"><a class=\"w-btn us-btn-style_badge\" href=\"https:\/\/accursed-mountains.me\/sq\/category\/kosovo-sq\/\"><span class=\"w-btn-label\">Kosov\u00eb<\/span><\/a><a class=\"w-btn us-btn-style_badge\" href=\"https:\/\/accursed-mountains.me\/sq\/category\/montenegro-sq\/\"><span class=\"w-btn-label\">Mali i Zi<\/span><\/a><\/div><\/div><\/div>\t\t<\/div>\r\n\t<\/article>\r\n\t<article class=\"w-grid-item animate_fade size_1x1 post-7498 post type-post status-publish format-standard has-post-thumbnail hentry category-kosovo-sq\" data-id=\"7498\" style=\"animation-delay:0s\">\r\n\t\t<div class=\"w-grid-item-h\">\r\n\t\t\t\t\t\t<div class=\"w-post-elm post_image usg_post_image_1 stretched\"><a href=\"https:\/\/accursed-mountains.me\/sq\/shtegu-nga-veriu-ne-perendim-2\/\" aria-label=\"Shtegu nga Veriu n\u00eb Per\u00ebndim\"><img decoding=\"async\" width=\"600\" height=\"600\" src=\"https:\/\/accursed-mountains.me\/wp-content\/uploads\/2021\/06\/North-to-West-8-600x600.jpg\" class=\"attachment-thumbnail size-thumbnail wp-post-image\" alt=\"\" \/><\/a><\/div><div class=\"w-vwrapper usg_vwrapper_1 align_left valign_top\"><h6 class=\"w-post-elm post_title usg_post_title_1 entry-title color_link_inherit has_text_color\"><a href=\"https:\/\/accursed-mountains.me\/sq\/shtegu-nga-veriu-ne-perendim-2\/\">Shtegu nga Veriu n\u00eb Per\u00ebndim<\/a><\/h6><div class=\"w-post-elm post_taxonomy usg_post_taxonomy_1 style_badge color_link_inherit\"><a class=\"w-btn us-btn-style_badge\" href=\"https:\/\/accursed-mountains.me\/sq\/category\/kosovo-sq\/\"><span class=\"w-btn-label\">Kosov\u00eb<\/span><\/a><\/div><\/div>\t\t<\/div>\r\n\t<\/article>\r\n\t<article class=\"w-grid-item animate_fade size_1x1 post-9351 post type-post status-publish format-standard has-post-thumbnail hentry category-kosovo-sq category-montenegro-sq tag-cross-border-routes-sq\" data-id=\"9351\" style=\"animation-delay:0.1s\">\r\n\t\t<div class=\"w-grid-item-h\">\r\n\t\t\t\t\t\t<div class=\"w-post-elm post_image usg_post_image_1 stretched\"><a href=\"https:\/\/accursed-mountains.me\/sq\/majat-e-ballkanit\/\" aria-label=\"Majat e Ballkanit\"><img decoding=\"async\" width=\"600\" height=\"600\" src=\"https:\/\/accursed-mountains.me\/wp-content\/uploads\/2021\/05\/SG106332-600x600.jpg\" class=\"attachment-thumbnail size-thumbnail wp-post-image\" alt=\"\" \/><\/a><\/div><div class=\"w-vwrapper usg_vwrapper_1 align_left valign_top\"><h6 class=\"w-post-elm post_title usg_post_title_1 entry-title color_link_inherit has_text_color\"><a href=\"https:\/\/accursed-mountains.me\/sq\/majat-e-ballkanit\/\">Majat e Ballkanit<\/a><\/h6><div class=\"w-post-elm post_taxonomy usg_post_taxonomy_1 style_badge color_link_inherit\"><div class=\"w-post-elm-list\"><a class=\"w-btn us-btn-style_badge\" href=\"https:\/\/accursed-mountains.me\/sq\/category\/kosovo-sq\/\"><span class=\"w-btn-label\">Kosov\u00eb<\/span><\/a><a class=\"w-btn us-btn-style_badge\" href=\"https:\/\/accursed-mountains.me\/sq\/category\/montenegro-sq\/\"><span class=\"w-btn-label\">Mali i Zi<\/span><\/a><\/div><\/div><\/div>\t\t<\/div>\r\n\t<\/article>\r\n\t<article class=\"w-grid-item animate_fade size_1x1 post-7543 post type-post status-publish format-standard has-post-thumbnail hentry category-kosovo-sq\" data-id=\"7543\" style=\"animation-delay:0.2s\">\r\n\t\t<div class=\"w-grid-item-h\">\r\n\t\t\t\t\t\t<div class=\"w-post-elm post_image usg_post_image_1 stretched\"><a href=\"https:\/\/accursed-mountains.me\/sq\/shtegu-i-majes-se-vjellakut\/\" aria-label=\"Shtegu i Maj\u00ebs s\u00eb Vjellakut\"><img decoding=\"async\" width=\"600\" height=\"600\" src=\"https:\/\/accursed-mountains.me\/wp-content\/uploads\/2021\/05\/shutterstock_157196405-600x600.jpg\" class=\"attachment-thumbnail size-thumbnail wp-post-image\" alt=\"\" \/><\/a><\/div><div class=\"w-vwrapper usg_vwrapper_1 align_left valign_top\"><h6 class=\"w-post-elm post_title usg_post_title_1 entry-title color_link_inherit has_text_color\"><a href=\"https:\/\/accursed-mountains.me\/sq\/shtegu-i-majes-se-vjellakut\/\">Shtegu i Maj\u00ebs s\u00eb Vjellakut<\/a><\/h6><div class=\"w-post-elm post_taxonomy usg_post_taxonomy_1 style_badge color_link_inherit\"><a class=\"w-btn us-btn-style_badge\" href=\"https:\/\/accursed-mountains.me\/sq\/category\/kosovo-sq\/\"><span class=\"w-btn-label\">Kosov\u00eb<\/span><\/a><\/div><\/div>\t\t<\/div>\r\n\t<\/article>\r\n\t<article class=\"w-grid-item animate_fade size_1x1 post-7524 post type-post status-publish format-standard has-post-thumbnail hentry category-montenegro-sq\" data-id=\"7524\" style=\"animation-delay:0.3s\">\r\n\t\t<div class=\"w-grid-item-h\">\r\n\t\t\t\t\t\t<div class=\"w-post-elm post_image usg_post_image_1 stretched\"><a href=\"https:\/\/accursed-mountains.me\/sq\/cakor-babino-polje\/\" aria-label=\"\u00c7akor \u2013 Babino Polje\"><img decoding=\"async\" width=\"600\" height=\"600\" src=\"https:\/\/accursed-mountains.me\/wp-content\/uploads\/2021\/06\/mokra-trip-001-1-600x600.jpg\" class=\"attachment-thumbnail size-thumbnail wp-post-image\" alt=\"\" \/><\/a><\/div><div class=\"w-vwrapper usg_vwrapper_1 align_left valign_top\"><h6 class=\"w-post-elm post_title usg_post_title_1 entry-title color_link_inherit has_text_color\"><a href=\"https:\/\/accursed-mountains.me\/sq\/cakor-babino-polje\/\">\u00c7akor \u2013 Babino Polje<\/a><\/h6><div class=\"w-post-elm post_taxonomy usg_post_taxonomy_1 style_badge color_link_inherit\"><a class=\"w-btn us-btn-style_badge\" href=\"https:\/\/accursed-mountains.me\/sq\/category\/montenegro-sq\/\"><span class=\"w-btn-label\">Mali i Zi<\/span><\/a><\/div><\/div>\t\t<\/div>\r\n\t<\/article>\r\n<\/div><div class=\"w-grid-preloader\"><div class=\"g-preloader type_1\">\r\n\t<div><\/div>\r\n<\/div>\r\n<\/div>\t\t<div class=\"g-loadmore \">\r\n\t\t\t<div class=\"g-preloader type_1\">\r\n\t\t\t\t<div><\/div>\r\n\t\t\t<\/div>\r\n\t\t\t<a class=\"w-btn us-btn-style_1\" href=\"javascript:void(0)\">\r\n\t\t\t\t<span class=\"w-btn-label\">Load More<\/span>\r\n\t\t\t<\/a>\r\n\t\t<\/div>\r\n\t\t\t<div class=\"w-grid-json hidden\" onclick='return {&quot;action&quot;:&quot;us_ajax_grid&quot;,&quot;ajax_url&quot;:&quot;https:\\\/\\\/accursed-mountains.me\\\/wp-admin\\\/admin-ajax.php&quot;,&quot;infinite_scroll&quot;:true,&quot;max_num_pages&quot;:2,&quot;pagination&quot;:&quot;ajax&quot;,&quot;permalink_url&quot;:&quot;https:\\\/\\\/accursed-mountains.me\\\/sq\\\/wp-json\\\/wp\\\/v2\\\/pages\\\/5875\\\/&quot;,&quot;template_vars&quot;:{&quot;columns&quot;:&quot;3&quot;,&quot;exclude_items&quot;:&quot;none&quot;,&quot;img_size&quot;:&quot;default&quot;,&quot;ignore_items_size&quot;:false,&quot;items_layout&quot;:&quot;3807&quot;,&quot;items_offset&quot;:&quot;1&quot;,&quot;load_animation&quot;:&quot;fade&quot;,&quot;overriding_link&quot;:&quot;none&quot;,&quot;post_id&quot;:5875,&quot;query_args&quot;:{&quot;post_type&quot;:[&quot;post&quot;],&quot;tax_query&quot;:[{&quot;taxonomy&quot;:&quot;category&quot;,&quot;field&quot;:&quot;slug&quot;,&quot;terms&quot;:[&quot;kosovo-sq&quot;,&quot;montenegro-sq&quot;]}],&quot;post_status&quot;:[&quot;publish&quot;],&quot;posts_per_page&quot;:&quot;10&quot;},&quot;orderby_query_args&quot;:{&quot;orderby&quot;:&quot;RAND(542594905)&quot;},&quot;type&quot;:&quot;grid&quot;,&quot;us_grid_ajax_index&quot;:1,&quot;us_grid_filter_params&quot;:null,&quot;us_grid_index&quot;:1,&quot;_us_grid_post_type&quot;:&quot;post&quot;,&quot;lang&quot;:&quot;sq&quot;}}'><\/div>\r\n\t<\/div><\/div><\/div><\/div><\/div><\/div><\/section>\n","protected":false},"excerpt":{"rendered":"Ky shteg kalon n\u00ebp\u00ebr kreshta bjeshkore midis Malit t\u00eb Zi dhe Kosov\u00ebs. Majat m\u00eb t\u00eb larta arrijn\u00eb mbi 2400 metra t\u00eb lart\u00ebsis\u00eb mbidetare. Shtegu \u00e7on n\u00ebp\u00ebr zonat e paprekura bjeshkore, duke p\u00ebrfshir\u00eb edhe shtigjet e vjetra blegtorale, liqenet dhe lumenjt\u00eb. N\u00ebp\u00ebr disa pjes\u00eb t\u00eb k\u00ebtij shtegu dikur kan\u00eb udh\u00ebtuar udh\u00ebt e karvan\u00ebve prej Plav\u00ebs deri...","protected":false},"author":1,"featured_media":4770,"parent":9323,"menu_order":0,"comment_status":"closed","ping_status":"closed","template":"","meta":{"footnotes":""},"class_list":["post-5875","page","type-page","status-publish","has-post-thumbnail","hentry"],"_links":{"self":[{"href":"https:\/\/accursed-mountains.me\/sq\/wp-json\/wp\/v2\/pages\/5875","targetHints":{"allow":["GET"]}}],"collection":[{"href":"https:\/\/accursed-mountains.me\/sq\/wp-json\/wp\/v2\/pages"}],"about":[{"href":"https:\/\/accursed-mountains.me\/sq\/wp-json\/wp\/v2\/types\/page"}],"author":[{"embeddable":true,"href":"https:\/\/accursed-mountains.me\/sq\/wp-json\/wp\/v2\/users\/1"}],"replies":[{"embeddable":true,"href":"https:\/\/accursed-mountains.me\/sq\/wp-json\/wp\/v2\/comments?post=5875"}],"version-history":[{"count":6,"href":"https:\/\/accursed-mountains.me\/sq\/wp-json\/wp\/v2\/pages\/5875\/revisions"}],"predecessor-version":[{"id":9331,"href":"https:\/\/accursed-mountains.me\/sq\/wp-json\/wp\/v2\/pages\/5875\/revisions\/9331"}],"up":[{"embeddable":true,"href":"https:\/\/accursed-mountains.me\/sq\/wp-json\/wp\/v2\/pages\/9323"}],"wp:featuredmedia":[{"embeddable":true,"href":"https:\/\/accursed-mountains.me\/sq\/wp-json\/wp\/v2\/media\/4770"}],"wp:attachment":[{"href":"https:\/\/accursed-mountains.me\/sq\/wp-json\/wp\/v2\/media?parent=5875"}],"curies":[{"name":"wp","href":"https:\/\/api.w.org\/{rel}","templated":true}]}}