{"id":6891,"date":"2021-05-23T10:46:53","date_gmt":"2021-05-23T10:46:53","guid":{"rendered":"http:\/\/accursed-mountains.me\/biciklisticke-rute\/"},"modified":"2021-08-18T10:39:10","modified_gmt":"2021-08-18T10:39:10","slug":"shtigjet-e-ciklizmit","status":"publish","type":"page","link":"https:\/\/accursed-mountains.me\/sq\/oferta-e-aktiviteteve-ne-natyre\/shtigjet-e-ciklizmit\/","title":{"rendered":"Shtigjet e \u00c7iklizmit"},"content":{"rendered":"<section class=\"l-section wpb_row height_medium color_alternate with_shape\"><div class=\"l-section-shape type_triangle-2 pos_bottom\" style=\"height:4vw;\"><svg xmlns=\"http:\/\/www.w3.org\/2000\/svg\" viewBox=\"0 0 64 8\" preserveAspectRatio=\"none\" width=\"100%\" height=\"100%\">\r\n\t<path fill=\"currentColor\" d=\"M64 8 L0 8 L0 0 L48 7.9 L64 0 Z\"\/>\r\n<\/svg><\/div><div class=\"l-section-h i-cf\"><div class=\"g-cols cols_1 laptops-cols_inherit tablets-cols_1 mobiles-cols_1 valign_top\"><div class=\"vc_col-sm-12 wpb_column vc_column_container\"><div class=\"vc_column-inner\"><div class=\"wpb_wrapper\"><div class=\"wpb_text_column\"><div class=\"wpb_wrapper\"><p><span style=\"font-weight: 400;\">Edhe bi\u00e7iklizmi \u00ebsht\u00eb kthyer n\u00eb nj\u00eb nga aktivitetet e preferuara fizike dhe n\u00eb dit\u00ebt e sotme jan\u00eb t\u00eb shumt\u00eb ata q\u00eb i planifikojn\u00eb itineraret e tyre t\u00eb udh\u00ebtimit duke ndjekur shtigjet m\u00eb t\u00ebrheq\u00ebse p\u00ebr bi\u00e7ikliz\u00ebm. N\u00eb ueb faqen ton\u00eb do t\u00eb gjeni opsione t\u00eb ndryshme, nga m\u00eb sfidueset deri tek m\u00eb t\u00eb lehtat, por secili shteg do t\u2019ju \u00e7oj\u00eb n\u00ebp\u00ebr peizazhe spektakolare.\u00a0<\/span><\/p>\n<p><b>VINI RE<\/b><span style=\"font-weight: 400;\">: Ju lutemi t\u2019i lexoni me kujdes p\u00ebrshkrimet e t\u00eb gjitha shtigjeve dhe t\u00eb zgjidhni at\u00eb q\u00eb p\u00ebrve\u00e7se ju p\u00eblqen u p\u00ebrshtatet edhe aft\u00ebsive tuaja fizike.<\/span><\/p>\n<\/div><\/div><div class=\"w-separator size_medium with_line width_default thick_1 style_solid color_border align_center\"><div class=\"w-separator-h\"><\/div><\/div><div class=\"w-grid type_grid layout_3807 cols_3 valign_center overflow_hidden with_filters with_css_animation\" id=\"us_grid_1\"><style>#us_grid_1 .w-grid-item{padding:1.5rem}#us_grid_1 .w-grid-list{margin:1.5rem -1.5rem}.w-grid + #us_grid_1 .w-grid-list{margin-top:1.5rem}@media (max-width:899px){#us_grid_1 .w-grid-item{width:50.0000%}}@media (max-width:599px){#us_grid_1 .w-grid-list{margin:0}#us_grid_1 .w-grid-item{width:100.0000%;padding:0;margin-bottom:1.5rem}}.layout_3807 .w-grid-item-h{background:#333;border-radius:0.6rem;z-index:3;box-shadow:0 0.03rem 0.06rem rgba(0,0,0,0.1),0 0.10rem 0.30rem rgba(0,0,0,0.1);transition-duration:0.3s}.no-touch .layout_3807 .w-grid-item-h:hover{box-shadow:0 0.12rem 0.24rem rgba(0,0,0,0.1),0 0.40rem 1.20rem rgba(0,0,0,0.15);z-index:4}.layout_3807 .usg_post_image_1{transition-duration:0.3s;transform-origin:50% 50%;transform:scale(1) translate(0%,0%)}.layout_3807 .w-grid-item-h:hover .usg_post_image_1{transform:scale(1.15) translate(0%,0%);opacity:0.7}.layout_3807 .usg_vwrapper_1{position:absolute!important;right:0!important;bottom:0!important;left:0!important;background:linear-gradient(transparent,rgba(30,30,30,0.8))!important;padding:15% 7% 7% 7%!important}.layout_3807 .usg_post_taxonomy_1{font-weight:700!important;text-transform:uppercase!important;font-size:9px!important;margin-bottom:0.5rem!important}.layout_3807 .usg_post_title_1{color:#ffffff!important;font-weight:700!important;font-size:1.2rem!important}<\/style><div class=\"g-filters style_2 align_center\"><a class=\"g-filters-item active\" href=\"javascript:void(0)\" data-taxonomy=\"*\"><span>All<\/span><\/a><a class=\"g-filters-item\" href=\"javascript:void(0)\" data-taxonomy=\"kosove-br\" data-amount=\"3\"><span>Kosov\u00eb<\/span><span class=\"g-filters-item-amount\">3<\/span><\/a><a class=\"g-filters-item\" href=\"javascript:void(0)\" data-taxonomy=\"mali-i-zi-br\" data-amount=\"25\"><span>Mali i Zi<\/span><span class=\"g-filters-item-amount\">25<\/span><\/a><\/div><div class=\"w-grid-list\" data-filter_taxonomy_name=\"category\" data-filter_default_taxonomies=\"kosove-br,mali-i-zi-br\">\t<article class=\"w-grid-item animate_fade size_1x1 post-6964 post type-post status-publish format-standard has-post-thumbnail hentry category-mali-i-zi-br tag-rruget-e-biking-berane\" data-id=\"6964\" style=\"animation-delay:0s\">\r\n\t\t<div class=\"w-grid-item-h\">\r\n\t\t\t\t\t\t<div class=\"w-post-elm post_image usg_post_image_1 stretched\"><a href=\"https:\/\/accursed-mountains.me\/sq\/ba02-neper-pyjet-turija-dhe-jelovica\/\" aria-label=\"BA02 \u2013 N\u00ebp\u00ebr Pyjet Turija Dhe Jelovica\"><img loading=\"lazy\" decoding=\"async\" width=\"600\" height=\"600\" src=\"https:\/\/accursed-mountains.me\/wp-content\/uploads\/2021\/05\/Bugari-Biking-samsung-SM-G935F-06.07.2016-12_46_53-123-600x600.jpg\" class=\"attachment-thumbnail size-thumbnail wp-post-image\" alt=\"\" \/><\/a><\/div><div class=\"w-vwrapper usg_vwrapper_1 align_left valign_top\"><h6 class=\"w-post-elm post_title usg_post_title_1 entry-title color_link_inherit has_text_color\"><a href=\"https:\/\/accursed-mountains.me\/sq\/ba02-neper-pyjet-turija-dhe-jelovica\/\">BA02 \u2013 N\u00ebp\u00ebr Pyjet Turija Dhe Jelovica<\/a><\/h6><div class=\"w-post-elm post_taxonomy usg_post_taxonomy_1 style_badge color_link_inherit\"><a class=\"w-btn us-btn-style_badge\" href=\"https:\/\/accursed-mountains.me\/sq\/category\/mali-i-zi-br\/\"><span class=\"w-btn-label\">Mali i Zi<\/span><\/a><\/div><\/div>\t\t<\/div>\r\n\t<\/article>\r\n\t<article class=\"w-grid-item animate_fade size_1x1 post-7127 post type-post status-publish format-standard has-post-thumbnail hentry category-mali-i-zi-br tag-rruget-e-biking-berane\" data-id=\"7127\" style=\"animation-delay:0.1s\">\r\n\t\t<div class=\"w-grid-item-h\">\r\n\t\t\t\t\t\t<div class=\"w-post-elm post_image usg_post_image_1 stretched\"><a href=\"https:\/\/accursed-mountains.me\/sq\/ba03-zona-pergjate-fshatrave\/\" aria-label=\"BA03 \u2013 Zona P\u00ebrgjat\u00eb Fshatrave\"><img loading=\"lazy\" decoding=\"async\" width=\"600\" height=\"600\" src=\"https:\/\/accursed-mountains.me\/wp-content\/uploads\/2021\/06\/PENTAX-K-5-08.05.15-18-17-52.dng_-600x600.jpg\" class=\"attachment-thumbnail size-thumbnail wp-post-image\" alt=\"\" \/><\/a><\/div><div class=\"w-vwrapper usg_vwrapper_1 align_left valign_top\"><h6 class=\"w-post-elm post_title usg_post_title_1 entry-title color_link_inherit has_text_color\"><a href=\"https:\/\/accursed-mountains.me\/sq\/ba03-zona-pergjate-fshatrave\/\">BA03 \u2013 Zona P\u00ebrgjat\u00eb Fshatrave<\/a><\/h6><div class=\"w-post-elm post_taxonomy usg_post_taxonomy_1 style_badge color_link_inherit\"><a class=\"w-btn us-btn-style_badge\" href=\"https:\/\/accursed-mountains.me\/sq\/category\/mali-i-zi-br\/\"><span class=\"w-btn-label\">Mali i Zi<\/span><\/a><\/div><\/div>\t\t<\/div>\r\n\t<\/article>\r\n\t<article class=\"w-grid-item animate_fade size_1x1 post-7217 post type-post status-publish format-standard has-post-thumbnail hentry category-mali-i-zi-br tag-rruget-e-biking-berane\" data-id=\"7217\" style=\"animation-delay:0.2s\">\r\n\t\t<div class=\"w-grid-item-h\">\r\n\t\t\t\t\t\t<div class=\"w-post-elm post_image usg_post_image_1 stretched\"><a href=\"https:\/\/accursed-mountains.me\/sq\/ba05-katundet-liqenet-dhe-lartesite\/\" aria-label=\"BA05 \u2013 Katundet, Liqenet Dhe Lart\u00ebsit\u00eb\"><img loading=\"lazy\" decoding=\"async\" width=\"600\" height=\"600\" src=\"https:\/\/accursed-mountains.me\/wp-content\/uploads\/2021\/06\/BA05-10-600x600.jpg\" class=\"attachment-thumbnail size-thumbnail wp-post-image\" alt=\"\" \/><\/a><\/div><div class=\"w-vwrapper usg_vwrapper_1 align_left valign_top\"><h6 class=\"w-post-elm post_title usg_post_title_1 entry-title color_link_inherit has_text_color\"><a href=\"https:\/\/accursed-mountains.me\/sq\/ba05-katundet-liqenet-dhe-lartesite\/\">BA05 \u2013 Katundet, Liqenet Dhe Lart\u00ebsit\u00eb<\/a><\/h6><div class=\"w-post-elm post_taxonomy usg_post_taxonomy_1 style_badge color_link_inherit\"><a class=\"w-btn us-btn-style_badge\" href=\"https:\/\/accursed-mountains.me\/sq\/category\/mali-i-zi-br\/\"><span class=\"w-btn-label\">Mali i Zi<\/span><\/a><\/div><\/div>\t\t<\/div>\r\n\t<\/article>\r\n\t<article class=\"w-grid-item animate_fade size_1x1 post-7355 post type-post status-publish format-standard has-post-thumbnail hentry category-kosove-br\" data-id=\"7355\" style=\"animation-delay:0.3s\">\r\n\t\t<div class=\"w-grid-item-h\">\r\n\t\t\t\t\t\t<div class=\"w-post-elm post_image usg_post_image_1 stretched\"><a href=\"https:\/\/accursed-mountains.me\/sq\/shtegu-nga-veriu-ne-perendim\/\" aria-label=\"Shtegu nga Veriu n\u00eb Per\u00ebndim\"><img loading=\"lazy\" decoding=\"async\" width=\"600\" height=\"600\" src=\"https:\/\/accursed-mountains.me\/wp-content\/uploads\/2021\/06\/Screen-Shot-2021-05-27-at-6.11.26-PM-600x600.png\" class=\"attachment-thumbnail size-thumbnail wp-post-image\" alt=\"\" \/><\/a><\/div><div class=\"w-vwrapper usg_vwrapper_1 align_left valign_top\"><h6 class=\"w-post-elm post_title usg_post_title_1 entry-title color_link_inherit has_text_color\"><a href=\"https:\/\/accursed-mountains.me\/sq\/shtegu-nga-veriu-ne-perendim\/\">Shtegu nga Veriu n\u00eb Per\u00ebndim<\/a><\/h6><div class=\"w-post-elm post_taxonomy usg_post_taxonomy_1 style_badge color_link_inherit\"><a class=\"w-btn us-btn-style_badge\" href=\"https:\/\/accursed-mountains.me\/sq\/category\/kosove-br\/\"><span class=\"w-btn-label\">Kosov\u00eb<\/span><\/a><\/div><\/div>\t\t<\/div>\r\n\t<\/article>\r\n\t<article class=\"w-grid-item animate_fade size_1x1 post-7151 post type-post status-publish format-standard has-post-thumbnail hentry category-mali-i-zi-br tag-rruget-e-biking-gusinje\" data-id=\"7151\" style=\"animation-delay:0.4s\">\r\n\t\t<div class=\"w-grid-item-h\">\r\n\t\t\t\t\t\t<div class=\"w-post-elm post_image usg_post_image_1 stretched\"><a href=\"https:\/\/accursed-mountains.me\/sq\/gu04-gurrat-e-ali-pashes\/\" aria-label=\"GU04 \u2013 Gurrat e Ali Pash\u00ebs\"><img loading=\"lazy\" decoding=\"async\" width=\"600\" height=\"600\" src=\"https:\/\/accursed-mountains.me\/wp-content\/uploads\/2021\/06\/PENTAX-K-1-Mark-II-HD-PENTAX-D-FA-70-210mm-F4-ED-SDM-WR-88-18-01-21-13-53-37-600x600.jpg\" class=\"attachment-thumbnail size-thumbnail wp-post-image\" alt=\"\" \/><\/a><\/div><div class=\"w-vwrapper usg_vwrapper_1 align_left valign_top\"><h6 class=\"w-post-elm post_title usg_post_title_1 entry-title color_link_inherit has_text_color\"><a href=\"https:\/\/accursed-mountains.me\/sq\/gu04-gurrat-e-ali-pashes\/\">GU04 \u2013 Gurrat e Ali Pash\u00ebs<\/a><\/h6><div class=\"w-post-elm post_taxonomy usg_post_taxonomy_1 style_badge color_link_inherit\"><a class=\"w-btn us-btn-style_badge\" href=\"https:\/\/accursed-mountains.me\/sq\/category\/mali-i-zi-br\/\"><span class=\"w-btn-label\">Mali i Zi<\/span><\/a><\/div><\/div>\t\t<\/div>\r\n\t<\/article>\r\n\t<article class=\"w-grid-item animate_fade size_1x1 post-7058 post type-post status-publish format-standard has-post-thumbnail hentry category-mali-i-zi-br tag-rruget-e-biking-rozaje\" data-id=\"7058\" style=\"animation-delay:0.5s\">\r\n\t\t<div class=\"w-grid-item-h\">\r\n\t\t\t\t\t\t<div class=\"w-post-elm post_image usg_post_image_1 stretched\"><a href=\"https:\/\/accursed-mountains.me\/sq\/shtegu-lokal-rozhaje\/\" aria-label=\"Shtegu lokal Rozhaj\u00eb\"><img loading=\"lazy\" decoding=\"async\" width=\"600\" height=\"600\" src=\"https:\/\/accursed-mountains.me\/wp-content\/uploads\/2021\/06\/PENTAX-K-1-Mark-II-HD-PENTAX-D-FA-15-30mm-F2.8-ED-SDM-WR-15-28-04-21-13-08-24-600x600.jpg\" class=\"attachment-thumbnail size-thumbnail wp-post-image\" alt=\"\" \/><\/a><\/div><div class=\"w-vwrapper usg_vwrapper_1 align_left valign_top\"><h6 class=\"w-post-elm post_title usg_post_title_1 entry-title color_link_inherit has_text_color\"><a href=\"https:\/\/accursed-mountains.me\/sq\/shtegu-lokal-rozhaje\/\">Shtegu lokal Rozhaj\u00eb<\/a><\/h6><div class=\"w-post-elm post_taxonomy usg_post_taxonomy_1 style_badge color_link_inherit\"><a class=\"w-btn us-btn-style_badge\" href=\"https:\/\/accursed-mountains.me\/sq\/category\/mali-i-zi-br\/\"><span class=\"w-btn-label\">Mali i Zi<\/span><\/a><\/div><\/div>\t\t<\/div>\r\n\t<\/article>\r\n\t<article class=\"w-grid-item animate_fade size_1x1 post-7050 post type-post status-publish format-standard has-post-thumbnail hentry category-mali-i-zi-br tag-rruget-e-biking-gusinje\" data-id=\"7050\" style=\"animation-delay:0s\">\r\n\t\t<div class=\"w-grid-item-h\">\r\n\t\t\t\t\t\t<div class=\"w-post-elm post_image usg_post_image_1 stretched\"><a href=\"https:\/\/accursed-mountains.me\/sq\/gu03-lugina-ropojan\/\" aria-label=\"GU03 \u2013 Lugina Ropojan\"><img loading=\"lazy\" decoding=\"async\" width=\"600\" height=\"600\" src=\"https:\/\/accursed-mountains.me\/wp-content\/uploads\/2021\/06\/PENTAX-K-1-Mark-II-HD-PENTAX-D-FA-15-30mm-F2.8-ED-SDM-WR-23-19-09-20-15-55-53-600x600.jpg\" class=\"attachment-thumbnail size-thumbnail wp-post-image\" alt=\"\" \/><\/a><\/div><div class=\"w-vwrapper usg_vwrapper_1 align_left valign_top\"><h6 class=\"w-post-elm post_title usg_post_title_1 entry-title color_link_inherit has_text_color\"><a href=\"https:\/\/accursed-mountains.me\/sq\/gu03-lugina-ropojan\/\">GU03 \u2013 Lugina Ropojan<\/a><\/h6><div class=\"w-post-elm post_taxonomy usg_post_taxonomy_1 style_badge color_link_inherit\"><a class=\"w-btn us-btn-style_badge\" href=\"https:\/\/accursed-mountains.me\/sq\/category\/mali-i-zi-br\/\"><span class=\"w-btn-label\">Mali i Zi<\/span><\/a><\/div><\/div>\t\t<\/div>\r\n\t<\/article>\r\n\t<article class=\"w-grid-item animate_fade size_1x1 post-7075 post type-post status-publish format-standard has-post-thumbnail hentry category-mali-i-zi-br tag-rruget-e-biking-andrijevica\" data-id=\"7075\" style=\"animation-delay:0.1s\">\r\n\t\t<div class=\"w-grid-item-h\">\r\n\t\t\t\t\t\t<div class=\"w-post-elm post_image usg_post_image_1 stretched\"><a href=\"https:\/\/accursed-mountains.me\/sq\/an06-kuti\/\" aria-label=\"AN06 \u2013 Kuti\"><img loading=\"lazy\" decoding=\"async\" width=\"600\" height=\"600\" src=\"https:\/\/accursed-mountains.me\/wp-content\/uploads\/2021\/06\/PENTAX-K-5-20.09.14-08-02-47-600x600.jpg\" class=\"attachment-thumbnail size-thumbnail wp-post-image\" alt=\"\" \/><\/a><\/div><div class=\"w-vwrapper usg_vwrapper_1 align_left valign_top\"><h6 class=\"w-post-elm post_title usg_post_title_1 entry-title color_link_inherit has_text_color\"><a href=\"https:\/\/accursed-mountains.me\/sq\/an06-kuti\/\">AN06 \u2013 Kuti<\/a><\/h6><div class=\"w-post-elm post_taxonomy usg_post_taxonomy_1 style_badge color_link_inherit\"><a class=\"w-btn us-btn-style_badge\" href=\"https:\/\/accursed-mountains.me\/sq\/category\/mali-i-zi-br\/\"><span class=\"w-btn-label\">Mali i Zi<\/span><\/a><\/div><\/div>\t\t<\/div>\r\n\t<\/article>\r\n\t<article class=\"w-grid-item animate_fade size_1x1 post-7451 post type-post status-publish format-standard has-post-thumbnail hentry category-kosove-br\" data-id=\"7451\" style=\"animation-delay:0.2s\">\r\n\t\t<div class=\"w-grid-item-h\">\r\n\t\t\t\t\t\t<div class=\"w-post-elm post_image usg_post_image_1 stretched\"><a href=\"https:\/\/accursed-mountains.me\/sq\/shtegu-nga-jugu-ne-perendim\/\" aria-label=\"Shtegu nga Jugu n\u00eb Per\u00ebndim\"><img loading=\"lazy\" decoding=\"async\" width=\"600\" height=\"600\" src=\"https:\/\/accursed-mountains.me\/wp-content\/uploads\/2021\/07\/DB__5691-600x600.jpg\" class=\"attachment-thumbnail size-thumbnail wp-post-image\" alt=\"\" \/><\/a><\/div><div class=\"w-vwrapper usg_vwrapper_1 align_left valign_top\"><h6 class=\"w-post-elm post_title usg_post_title_1 entry-title color_link_inherit has_text_color\"><a href=\"https:\/\/accursed-mountains.me\/sq\/shtegu-nga-jugu-ne-perendim\/\">Shtegu nga Jugu n\u00eb Per\u00ebndim<\/a><\/h6><div class=\"w-post-elm post_taxonomy usg_post_taxonomy_1 style_badge color_link_inherit\"><a class=\"w-btn us-btn-style_badge\" href=\"https:\/\/accursed-mountains.me\/sq\/category\/kosove-br\/\"><span class=\"w-btn-label\">Kosov\u00eb<\/span><\/a><\/div><\/div>\t\t<\/div>\r\n\t<\/article>\r\n\t<article class=\"w-grid-item animate_fade size_1x1 post-7102 post type-post status-publish format-standard has-post-thumbnail hentry category-mali-i-zi-br tag-rruget-e-biking-plav\" data-id=\"7102\" style=\"animation-delay:0.3s\">\r\n\t\t<div class=\"w-grid-item-h\">\r\n\t\t\t\t\t\t<div class=\"w-post-elm post_image usg_post_image_1 stretched\"><a href=\"https:\/\/accursed-mountains.me\/sq\/pl02-kofilaca\/\" aria-label=\"PL02 \u2013 Kofila\u00e7a\"><img loading=\"lazy\" decoding=\"async\" width=\"600\" height=\"600\" src=\"https:\/\/accursed-mountains.me\/wp-content\/uploads\/2021\/06\/PENTAX-K-1-Mark-II-Sigma-70-300mm-F4-5.6-Macro-70-14-06-20-14-04-25-600x600.jpg\" class=\"attachment-thumbnail size-thumbnail wp-post-image\" alt=\"\" \/><\/a><\/div><div class=\"w-vwrapper usg_vwrapper_1 align_left valign_top\"><h6 class=\"w-post-elm post_title usg_post_title_1 entry-title color_link_inherit has_text_color\"><a href=\"https:\/\/accursed-mountains.me\/sq\/pl02-kofilaca\/\">PL02 \u2013 Kofila\u00e7a<\/a><\/h6><div class=\"w-post-elm post_taxonomy usg_post_taxonomy_1 style_badge color_link_inherit\"><a class=\"w-btn us-btn-style_badge\" href=\"https:\/\/accursed-mountains.me\/sq\/category\/mali-i-zi-br\/\"><span class=\"w-btn-label\">Mali i Zi<\/span><\/a><\/div><\/div>\t\t<\/div>\r\n\t<\/article>\r\n<\/div><div class=\"w-grid-preloader\"><div class=\"g-preloader type_1\">\r\n\t<div><\/div>\r\n<\/div>\r\n<\/div>\t\t<div class=\"g-loadmore \">\r\n\t\t\t<div class=\"g-preloader type_1\">\r\n\t\t\t\t<div><\/div>\r\n\t\t\t<\/div>\r\n\t\t\t<a class=\"w-btn us-btn-style_1\" href=\"javascript:void(0)\">\r\n\t\t\t\t<span class=\"w-btn-label\">Load More<\/span>\r\n\t\t\t<\/a>\r\n\t\t<\/div>\r\n\t\t\t<div class=\"w-grid-json hidden\" onclick='return {&quot;action&quot;:&quot;us_ajax_grid&quot;,&quot;ajax_url&quot;:&quot;https:\\\/\\\/accursed-mountains.me\\\/wp-admin\\\/admin-ajax.php&quot;,&quot;infinite_scroll&quot;:true,&quot;max_num_pages&quot;:3,&quot;pagination&quot;:&quot;ajax&quot;,&quot;permalink_url&quot;:&quot;https:\\\/\\\/accursed-mountains.me\\\/sq\\\/wp-json\\\/wp\\\/v2\\\/pages\\\/6891\\\/&quot;,&quot;template_vars&quot;:{&quot;columns&quot;:&quot;3&quot;,&quot;exclude_items&quot;:&quot;none&quot;,&quot;img_size&quot;:&quot;default&quot;,&quot;ignore_items_size&quot;:false,&quot;items_layout&quot;:&quot;3807&quot;,&quot;items_offset&quot;:&quot;1&quot;,&quot;load_animation&quot;:&quot;fade&quot;,&quot;overriding_link&quot;:&quot;none&quot;,&quot;post_id&quot;:6891,&quot;query_args&quot;:{&quot;post_type&quot;:[&quot;post&quot;],&quot;tax_query&quot;:[{&quot;taxonomy&quot;:&quot;category&quot;,&quot;field&quot;:&quot;slug&quot;,&quot;terms&quot;:[&quot;kosove-br&quot;,&quot;mali-i-zi-br&quot;]}],&quot;post_status&quot;:[&quot;publish&quot;],&quot;posts_per_page&quot;:&quot;10&quot;},&quot;orderby_query_args&quot;:{&quot;orderby&quot;:&quot;RAND(1562071110)&quot;},&quot;type&quot;:&quot;grid&quot;,&quot;us_grid_ajax_index&quot;:1,&quot;us_grid_filter_params&quot;:null,&quot;us_grid_index&quot;:1,&quot;_us_grid_post_type&quot;:&quot;post&quot;,&quot;lang&quot;:&quot;sq&quot;}}'><\/div>\r\n\t<\/div><\/div><\/div><\/div><\/div><\/div><\/section>\n","protected":false},"excerpt":{"rendered":"Nj\u00eb turne shum\u00eb i bukur i cili magjeps me larmin\u00eb e peizazheve p\u00ebrmes t\u00eb cilave kalon, k\u00ebshtu q\u00eb gjendet di\u00e7ka edhe p\u00ebr m\u00eb nazelinjt\u00eb &#8211; hap\u00ebsira t\u00eb hapura me pamje t\u00eb larg\u00ebt, livadhe t\u00eb hijshme t\u00eb mbuluara me depozita t\u00eb trasha qet\u00ebsie, nj\u00eb paqe pyjore e thell\u00eb dhe gjithmon\u00eb m\u00eb misterioze. [vc_custom_heading text=\"FOTO NGA RRUGA\"...","protected":false},"author":1,"featured_media":5248,"parent":9323,"menu_order":0,"comment_status":"closed","ping_status":"closed","template":"","meta":{"footnotes":""},"class_list":["post-6891","page","type-page","status-publish","has-post-thumbnail","hentry"],"_links":{"self":[{"href":"https:\/\/accursed-mountains.me\/sq\/wp-json\/wp\/v2\/pages\/6891","targetHints":{"allow":["GET"]}}],"collection":[{"href":"https:\/\/accursed-mountains.me\/sq\/wp-json\/wp\/v2\/pages"}],"about":[{"href":"https:\/\/accursed-mountains.me\/sq\/wp-json\/wp\/v2\/types\/page"}],"author":[{"embeddable":true,"href":"https:\/\/accursed-mountains.me\/sq\/wp-json\/wp\/v2\/users\/1"}],"replies":[{"embeddable":true,"href":"https:\/\/accursed-mountains.me\/sq\/wp-json\/wp\/v2\/comments?post=6891"}],"version-history":[{"count":4,"href":"https:\/\/accursed-mountains.me\/sq\/wp-json\/wp\/v2\/pages\/6891\/revisions"}],"predecessor-version":[{"id":9383,"href":"https:\/\/accursed-mountains.me\/sq\/wp-json\/wp\/v2\/pages\/6891\/revisions\/9383"}],"up":[{"embeddable":true,"href":"https:\/\/accursed-mountains.me\/sq\/wp-json\/wp\/v2\/pages\/9323"}],"wp:featuredmedia":[{"embeddable":true,"href":"https:\/\/accursed-mountains.me\/sq\/wp-json\/wp\/v2\/media\/5248"}],"wp:attachment":[{"href":"https:\/\/accursed-mountains.me\/sq\/wp-json\/wp\/v2\/media?parent=6891"}],"curies":[{"name":"wp","href":"https:\/\/api.w.org\/{rel}","templated":true}]}}