{"id":9154,"date":"2021-06-30T07:39:15","date_gmt":"2021-06-30T07:39:15","guid":{"rendered":"http:\/\/accursed-mountains.me\/important\/"},"modified":"2023-05-09T08:58:40","modified_gmt":"2023-05-09T08:58:40","slug":"me-rendesi-procedurat-nderkufitare","status":"publish","type":"page","link":"https:\/\/accursed-mountains.me\/sq\/me-rendesi-procedurat-nderkufitare\/","title":{"rendered":"Me r\u00ebnd\u00ebsi \u2013 Procedurat Nd\u00ebrkufitare"},"content":{"rendered":"<p>Meq\u00eb k\u00ebto shtigje malore kalojn\u00eb n\u00ebp\u00ebr nj\u00eb zon\u00eb nd\u00ebrkufitare, zon\u00eb kjo pa ndonj\u00eb kalim kufitar zyrtar, bjeshkatar\u00ebt q\u00eb planifikojn\u00eb ta kalojn\u00eb kufirin k\u00ebtu duhet ta informojn\u00eb policin\u00eb kufitare paraprakisht. Procedura \u00ebsht\u00eb si vijon:<\/p>\n<h2>N\u00eb Mal t\u00eb Zi:<\/h2>\n<ul>\n<li>Hyrjen dhe daljen e grupit t\u00eb bjeshkatar\u00ebve nga Mali i Zi duhet ta raportoni n\u00eb policin\u00eb kufitare n\u00eb k\u00ebt\u00eb email: <a href=\"mailto:igpplav@t-com.me\">igpplav@t-com.me<\/a>. Telefoni p\u00ebr kontaktim: + 382 67 469 710<\/li>\n<li>Duhet ta merrni nj\u00eb formular aplikimi, i cili duhet t\u00eb plot\u00ebsohet me informatat p\u00ebr an\u00ebtar\u00ebt, dhe udh\u00ebheq\u00ebsin e grupit t\u00eb bjeshkatar\u00ebve.<\/li>\n<li>Duhet ta paguani nj\u00eb tarif\u00eb prej 5 euro p\u00ebr person n\u00eb llogarin\u00eb e policis\u00eb kufitare: 840-00000000000080-82, numri i referenc\u00ebs: 30204-13-006-100000.<\/li>\n<li>Rekomandohet q\u00eb k\u00ebrkes\u00ebn p\u00ebr formular ta b\u00ebni dhe tarif\u00ebn e kalimit t\u00eb kufirit ta paguani tri jav\u00eb m\u00eb par\u00eb, por \u00ebsht\u00eb e mundur q\u00eb hyrja e grupit t\u00eb pranohet edhe me ndonj\u00eb njoftim m\u00eb t\u00eb shkurt\u00ebr.<\/li>\n<\/ul>\n<h2>N\u00eb Kosov\u00eb:<\/h2>\n<ul>\n<li>N\u00ebse hyni n\u00eb Kosov\u00eb nga Mali i Zi apo anasjelltas, duhet ta informoni policin\u00eb kufitare t\u00eb Kosov\u00ebs<\/li>\n<li>Policin\u00eb duhet t\u00eb informoni p\u00ebr kalimin e planifikuar t\u00eb pakt\u00ebn 10 dit\u00eb m\u00eb par\u00eb n\u00eb k\u00ebt\u00eb email: <a href=\"mailto:ragip.bunjaku@kosovopolice.com\">bunjaku@kosovopolice.com<\/a>, dhe CC tek <a href=\"mailto:samedin.mehmeti@kosovopolice.com\">samedin.mehmeti@kosovopolice.com<\/a> dhe <a href=\"mailto:nexhmi.krasniqi@kosovopolice.com\">nexhmi.krasniqi@kosovopolice.com<\/a>. Do ta merrni nj\u00eb formular aplikimi, i cili duhet t\u00eb plot\u00ebsohet me informatat p\u00ebr an\u00ebtar\u00ebt, si dhe udh\u00ebheq\u00ebsin e grupit t\u00eb bjeshkatar\u00ebve.<\/li>\n<li>Formulari i plot\u00ebsuar i aplikimit, i n\u00ebnshkruar dhe i vulosur, s\u00eb bashku me nj\u00eb kopje t\u00eb skanuar t\u00eb faqeve t\u00eb para t\u00eb pasaportave t\u00eb bjeshkatar\u00ebve, dhe udh\u00ebrr\u00ebfyesi duhet t&#8217;i kthehen policis\u00eb s\u00eb Kosov\u00ebs.<\/li>\n<\/ul>\n<p>Nuk \u00ebsht\u00eb e nevojshme q\u00eb policis\u00eb s\u00eb Kosov\u00ebs t&#8217;i paguani ndonj\u00eb tarif\u00eb p\u00ebr kalimin e kufirit<\/p>\n<h2>N\u00eb Shqip\u00ebri:<\/h2>\n<ul>\n<li>N\u00ebse d\u00ebshironi t\u00eb hyni n\u00eb Shqip\u00ebri apo anasjelltas, duhet t\u00eb merrni nj\u00eb aprovim nga policia kufitare.<\/li>\n<li>Hyrjen dhe daljen e grupit duhet ta raportoni n\u00eb k\u00ebt\u00eb email: <a href=\"mailto:ndreke.zyle@asp.gov.al\">zyle@asp.gov.al<\/a><\/li>\n<li>Duhet ta plot\u00ebsoni formularin e aplikimit p\u00ebr an\u00ebtar\u00ebt dhe udh\u00ebheq\u00ebsin e grupit t\u00eb bjeshkatar\u00ebve.<\/li>\n<\/ul>\n<p>Hyrja dhe dalja duhet t\u00eb raportohen 15 dit\u00eb m\u00eb par\u00eb.<\/p>\n","protected":false},"excerpt":{"rendered":"<p>Meq\u00eb k\u00ebto shtigje malore kalojn\u00eb n\u00ebp\u00ebr nj\u00eb zon\u00eb nd\u00ebrkufitare, zon\u00eb kjo pa ndonj\u00eb kalim kufitar zyrtar, bjeshkatar\u00ebt q\u00eb planifikojn\u00eb ta kalojn\u00eb kufirin k\u00ebtu duhet ta informojn\u00eb policin\u00eb kufitare paraprakisht. Procedura \u00ebsht\u00eb si vijon: N\u00eb Mal t\u00eb Zi: Hyrjen dhe daljen e grupit t\u00eb bjeshkatar\u00ebve nga Mali i Zi duhet ta raportoni n\u00eb policin\u00eb kufitare n\u00eb&#8230;<\/p>\n","protected":false},"author":1,"featured_media":5494,"parent":0,"menu_order":0,"comment_status":"closed","ping_status":"closed","template":"","meta":{"footnotes":""},"class_list":["post-9154","page","type-page","status-publish","has-post-thumbnail","hentry"],"_links":{"self":[{"href":"https:\/\/accursed-mountains.me\/sq\/wp-json\/wp\/v2\/pages\/9154","targetHints":{"allow":["GET"]}}],"collection":[{"href":"https:\/\/accursed-mountains.me\/sq\/wp-json\/wp\/v2\/pages"}],"about":[{"href":"https:\/\/accursed-mountains.me\/sq\/wp-json\/wp\/v2\/types\/page"}],"author":[{"embeddable":true,"href":"https:\/\/accursed-mountains.me\/sq\/wp-json\/wp\/v2\/users\/1"}],"replies":[{"embeddable":true,"href":"https:\/\/accursed-mountains.me\/sq\/wp-json\/wp\/v2\/comments?post=9154"}],"version-history":[{"count":5,"href":"https:\/\/accursed-mountains.me\/sq\/wp-json\/wp\/v2\/pages\/9154\/revisions"}],"predecessor-version":[{"id":9672,"href":"https:\/\/accursed-mountains.me\/sq\/wp-json\/wp\/v2\/pages\/9154\/revisions\/9672"}],"wp:featuredmedia":[{"embeddable":true,"href":"https:\/\/accursed-mountains.me\/sq\/wp-json\/wp\/v2\/media\/5494"}],"wp:attachment":[{"href":"https:\/\/accursed-mountains.me\/sq\/wp-json\/wp\/v2\/media?parent=9154"}],"curies":[{"name":"wp","href":"https:\/\/api.w.org\/{rel}","templated":true}]}}