{"id":9431,"date":"2021-06-29T17:50:32","date_gmt":"2021-06-29T17:50:32","guid":{"rendered":"http:\/\/accursed-mountains.me\/oferta-e-aktiviteteve-ne-natyre\/itinerer\/"},"modified":"2021-08-18T12:02:17","modified_gmt":"2021-08-18T12:02:17","slug":"itinerari","status":"publish","type":"page","link":"https:\/\/accursed-mountains.me\/sq\/oferta-e-aktiviteteve-ne-natyre\/itinerari\/","title":{"rendered":"Itinerari"},"content":{"rendered":"<section class=\"l-section wpb_row height_medium color_alternate with_shape\"><div class=\"l-section-shape type_triangle-2 pos_bottom\" style=\"height:4vw;\"><svg xmlns=\"http:\/\/www.w3.org\/2000\/svg\" viewBox=\"0 0 64 8\" preserveAspectRatio=\"none\" width=\"100%\" height=\"100%\">\r\n\t<path fill=\"currentColor\" d=\"M64 8 L0 8 L0 0 L48 7.9 L64 0 Z\"\/>\r\n<\/svg><\/div><div class=\"l-section-h i-cf\"><div class=\"g-cols cols_1 laptops-cols_inherit tablets-cols_1 mobiles-cols_1 valign_top\"><div class=\"vc_col-sm-12 wpb_column vc_column_container\"><div class=\"vc_column-inner\"><div class=\"wpb_wrapper\"><div class=\"w-separator size_medium with_line width_default thick_1 style_solid color_border align_center\"><div class=\"w-separator-h\"><\/div><\/div><div class=\"w-grid type_grid layout_3807 cols_3 overflow_hidden with_css_animation\" id=\"us_grid_1\" data-filterable=\"true\"><style>#us_grid_1 .w-grid-item{padding:1.5rem}#us_grid_1 .w-grid-list{margin:-1.5rem -1.5rem 1.5rem}.w-grid + #us_grid_1 .w-grid-list{margin-top:1.5rem}@media (max-width:899px){#us_grid_1 .w-grid-item{width:50.0000%}}@media (max-width:599px){#us_grid_1 .w-grid-list{margin:0}#us_grid_1 .w-grid-item{width:100.0000%;padding:0;margin-bottom:1.5rem}}.layout_3807 .w-grid-item-h{background:#333;border-radius:0.6rem;z-index:3;box-shadow:0 0.03rem 0.06rem rgba(0,0,0,0.1),0 0.10rem 0.30rem rgba(0,0,0,0.1);transition-duration:0.3s}.no-touch .layout_3807 .w-grid-item-h:hover{box-shadow:0 0.12rem 0.24rem rgba(0,0,0,0.1),0 0.40rem 1.20rem rgba(0,0,0,0.15);z-index:4}.layout_3807 .usg_post_image_1{transition-duration:0.3s;transform-origin:50% 50%;transform:scale(1) translate(0%,0%)}.layout_3807 .w-grid-item-h:hover .usg_post_image_1{transform:scale(1.15) translate(0%,0%);opacity:0.7}.layout_3807 .usg_vwrapper_1{position:absolute!important;right:0!important;bottom:0!important;left:0!important;background:linear-gradient(transparent,rgba(30,30,30,0.8))!important;padding:15% 7% 7% 7%!important}.layout_3807 .usg_post_taxonomy_1{font-weight:700!important;text-transform:uppercase!important;font-size:9px!important;margin-bottom:0.5rem!important}.layout_3807 .usg_post_title_1{color:#ffffff!important;font-weight:700!important;font-size:1.2rem!important}<\/style><div class=\"w-grid-list\">\t<article class=\"w-grid-item animate_fade size_1x1 post-9418 post type-post status-publish format-standard has-post-thumbnail hentry category-itinerary-sq tag-cross-border-routes-sq\" data-id=\"9418\" style=\"animation-delay:0s\">\r\n\t\t<div class=\"w-grid-item-h\">\r\n\t\t\t\t\t\t<div class=\"w-post-elm post_image usg_post_image_1 stretched\"><a href=\"https:\/\/accursed-mountains.me\/sq\/udhepershkrim-njeditor-bjeshket-e-nemuna-mali-i-zi-dhe-kosova\/\" aria-label=\"Udh\u00ebp\u00ebrshkrim nj\u00ebditor: Bjeshk\u00ebt e Nemuna  Mali i Zi dhe Kosova\"><img loading=\"lazy\" decoding=\"async\" width=\"600\" height=\"600\" src=\"https:\/\/accursed-mountains.me\/wp-content\/uploads\/2021\/05\/shutterstock_1354905986-600x600.jpg\" class=\"attachment-thumbnail size-thumbnail wp-post-image\" alt=\"\" \/><\/a><\/div><div class=\"w-vwrapper usg_vwrapper_1 align_left valign_top\"><h6 class=\"w-post-elm post_title usg_post_title_1 entry-title color_link_inherit has_text_color\"><a href=\"https:\/\/accursed-mountains.me\/sq\/udhepershkrim-njeditor-bjeshket-e-nemuna-mali-i-zi-dhe-kosova\/\">Udh\u00ebp\u00ebrshkrim nj\u00ebditor: Bjeshk\u00ebt e Nemuna  Mali i Zi dhe Kosova<\/a><\/h6><div class=\"w-post-elm post_taxonomy usg_post_taxonomy_1 style_badge color_link_inherit\"><a class=\"w-btn us-btn-style_badge\" href=\"https:\/\/accursed-mountains.me\/sq\/category\/itinerary-sq\/\"><span class=\"w-btn-label\">Itinerary<\/span><\/a><\/div><\/div>\t\t<\/div>\r\n\t<\/article>\r\n\t<article class=\"w-grid-item animate_fade size_1x1 post-9427 post type-post status-publish format-standard has-post-thumbnail hentry category-itinerary-sq tag-cross-border-routes-sq\" data-id=\"9427\" style=\"animation-delay:0.1s\">\r\n\t\t<div class=\"w-grid-item-h\">\r\n\t\t\t\t\t\t<div class=\"w-post-elm post_image usg_post_image_1 stretched\"><a href=\"https:\/\/accursed-mountains.me\/sq\/udhepershkrim-njejavor-bjeshket-e-nemuna-mali-i-zi-dhe-kosova\/\" aria-label=\"Udh\u00ebp\u00ebrshkrim nj\u00ebjavor: Bjeshk\u00ebt e Nemuna  Mali i Zi dhe Kosova\"><img loading=\"lazy\" decoding=\"async\" width=\"600\" height=\"600\" src=\"https:\/\/accursed-mountains.me\/wp-content\/uploads\/2021\/06\/PENTAX-K-5-20-05-2012-12-07-47-600x600.jpg\" class=\"attachment-thumbnail size-thumbnail wp-post-image\" alt=\"\" \/><\/a><\/div><div class=\"w-vwrapper usg_vwrapper_1 align_left valign_top\"><h6 class=\"w-post-elm post_title usg_post_title_1 entry-title color_link_inherit has_text_color\"><a href=\"https:\/\/accursed-mountains.me\/sq\/udhepershkrim-njejavor-bjeshket-e-nemuna-mali-i-zi-dhe-kosova\/\">Udh\u00ebp\u00ebrshkrim nj\u00ebjavor: Bjeshk\u00ebt e Nemuna  Mali i Zi dhe Kosova<\/a><\/h6><div class=\"w-post-elm post_taxonomy usg_post_taxonomy_1 style_badge color_link_inherit\"><a class=\"w-btn us-btn-style_badge\" href=\"https:\/\/accursed-mountains.me\/sq\/category\/itinerary-sq\/\"><span class=\"w-btn-label\">Itinerary<\/span><\/a><\/div><\/div>\t\t<\/div>\r\n\t<\/article>\r\n\t<article class=\"w-grid-item animate_fade size_1x1 post-9423 post type-post status-publish format-standard has-post-thumbnail hentry category-itinerary-sq tag-cross-border-routes-sq\" data-id=\"9423\" style=\"animation-delay:0.2s\">\r\n\t\t<div class=\"w-grid-item-h\">\r\n\t\t\t\t\t\t<div class=\"w-post-elm post_image usg_post_image_1 stretched\"><a href=\"https:\/\/accursed-mountains.me\/sq\/udhepershkrim-kater-ditor-bjeshket-e-nemuna-mali-i-zi-dhe-kosova\/\" aria-label=\"Udh\u00ebp\u00ebrshkrim kat\u00ebr-ditor: Bjeshk\u00ebt e Nemuna  Mali i Zi dhe Kosova\"><img loading=\"lazy\" decoding=\"async\" width=\"600\" height=\"600\" src=\"https:\/\/accursed-mountains.me\/wp-content\/uploads\/2021\/06\/PENTAX-K20D-14-05-2011-12-31-27-600x600.jpg\" class=\"attachment-thumbnail size-thumbnail wp-post-image\" alt=\"\" \/><\/a><\/div><div class=\"w-vwrapper usg_vwrapper_1 align_left valign_top\"><h6 class=\"w-post-elm post_title usg_post_title_1 entry-title color_link_inherit has_text_color\"><a href=\"https:\/\/accursed-mountains.me\/sq\/udhepershkrim-kater-ditor-bjeshket-e-nemuna-mali-i-zi-dhe-kosova\/\">Udh\u00ebp\u00ebrshkrim kat\u00ebr-ditor: Bjeshk\u00ebt e Nemuna  Mali i Zi dhe Kosova<\/a><\/h6><div class=\"w-post-elm post_taxonomy usg_post_taxonomy_1 style_badge color_link_inherit\"><a class=\"w-btn us-btn-style_badge\" href=\"https:\/\/accursed-mountains.me\/sq\/category\/itinerary-sq\/\"><span class=\"w-btn-label\">Itinerary<\/span><\/a><\/div><\/div>\t\t<\/div>\r\n\t<\/article>\r\n<\/div><div class=\"w-grid-preloader\"><div class=\"g-preloader type_1\">\r\n\t<div><\/div>\r\n<\/div>\r\n<\/div>\t<div class=\"w-grid-json hidden\" onclick='return {&quot;action&quot;:&quot;us_ajax_grid&quot;,&quot;ajax_url&quot;:&quot;https:\\\/\\\/accursed-mountains.me\\\/wp-admin\\\/admin-ajax.php&quot;,&quot;infinite_scroll&quot;:0,&quot;max_num_pages&quot;:1,&quot;pagination&quot;:&quot;infinite&quot;,&quot;permalink_url&quot;:&quot;https:\\\/\\\/accursed-mountains.me\\\/sq\\\/wp-json\\\/wp\\\/v2\\\/pages\\\/9431\\\/&quot;,&quot;template_vars&quot;:{&quot;columns&quot;:&quot;3&quot;,&quot;exclude_items&quot;:&quot;none&quot;,&quot;img_size&quot;:&quot;default&quot;,&quot;ignore_items_size&quot;:false,&quot;items_layout&quot;:&quot;3807&quot;,&quot;items_offset&quot;:&quot;1&quot;,&quot;load_animation&quot;:&quot;fade&quot;,&quot;overriding_link&quot;:&quot;none&quot;,&quot;post_id&quot;:9431,&quot;query_args&quot;:{&quot;post_type&quot;:[&quot;post&quot;],&quot;tax_query&quot;:[{&quot;taxonomy&quot;:&quot;category&quot;,&quot;field&quot;:&quot;slug&quot;,&quot;terms&quot;:[&quot;itinerary-sq&quot;]}],&quot;post_status&quot;:[&quot;publish&quot;],&quot;posts_per_page&quot;:&quot;10&quot;},&quot;orderby_query_args&quot;:{&quot;orderby&quot;:&quot;RAND(187335272)&quot;},&quot;type&quot;:&quot;grid&quot;,&quot;us_grid_ajax_index&quot;:1,&quot;us_grid_filter_params&quot;:null,&quot;us_grid_index&quot;:1,&quot;_us_grid_post_type&quot;:&quot;post&quot;,&quot;lang&quot;:&quot;sq&quot;}}'><\/div>\r\n\t<\/div><\/div><\/div><\/div><\/div><\/div><\/section>\n","protected":false},"excerpt":{"rendered":"Vizita n\u00eb zon\u00ebn e Bjeshk\u00ebve t\u00eb Nemuna do t\u055aju k\u00ebnaq\u00eb n\u00eb shum\u00eb m\u00ebnyra. Peizazhi spektakolar bjeshkor, ngjitjet emocionuese dhe rutat tjera bjeshkore shum\u00eb t\u00eb bukura jan\u00eb t\u00eb qasshme njer\u00ebzve t\u00eb gjitha grupmoshave, aft\u00ebsive dhe q\u00ebndrimeve. Ka shum\u00eb monumente historike dhe vendbanime t\u00eb vjetra magjepse q\u00eb mund t\u00eb hulumtoni. Nga aspekti kulturo-historik, kjo zon\u00eb \u00ebsht\u00eb nj\u00eb...","protected":false},"author":1,"featured_media":5174,"parent":9323,"menu_order":0,"comment_status":"closed","ping_status":"closed","template":"","meta":{"footnotes":""},"class_list":["post-9431","page","type-page","status-publish","has-post-thumbnail","hentry"],"_links":{"self":[{"href":"https:\/\/accursed-mountains.me\/sq\/wp-json\/wp\/v2\/pages\/9431","targetHints":{"allow":["GET"]}}],"collection":[{"href":"https:\/\/accursed-mountains.me\/sq\/wp-json\/wp\/v2\/pages"}],"about":[{"href":"https:\/\/accursed-mountains.me\/sq\/wp-json\/wp\/v2\/types\/page"}],"author":[{"embeddable":true,"href":"https:\/\/accursed-mountains.me\/sq\/wp-json\/wp\/v2\/users\/1"}],"replies":[{"embeddable":true,"href":"https:\/\/accursed-mountains.me\/sq\/wp-json\/wp\/v2\/comments?post=9431"}],"version-history":[{"count":2,"href":"https:\/\/accursed-mountains.me\/sq\/wp-json\/wp\/v2\/pages\/9431\/revisions"}],"predecessor-version":[{"id":9433,"href":"https:\/\/accursed-mountains.me\/sq\/wp-json\/wp\/v2\/pages\/9431\/revisions\/9433"}],"up":[{"embeddable":true,"href":"https:\/\/accursed-mountains.me\/sq\/wp-json\/wp\/v2\/pages\/9323"}],"wp:featuredmedia":[{"embeddable":true,"href":"https:\/\/accursed-mountains.me\/sq\/wp-json\/wp\/v2\/media\/5174"}],"wp:attachment":[{"href":"https:\/\/accursed-mountains.me\/sq\/wp-json\/wp\/v2\/media?parent=9431"}],"curies":[{"name":"wp","href":"https:\/\/api.w.org\/{rel}","templated":true}]}}