{"id":9457,"date":"2021-05-23T10:49:53","date_gmt":"2021-05-23T10:49:53","guid":{"rendered":"http:\/\/accursed-mountains.me\/oferta-e-aktiviteteve-ne-natyre\/penjanje-na-stijenama\/"},"modified":"2021-08-18T12:40:17","modified_gmt":"2021-08-18T12:40:17","slug":"ngjitja-ne-shkembinj","status":"publish","type":"page","link":"https:\/\/accursed-mountains.me\/sq\/oferta-e-aktiviteteve-ne-natyre\/ngjitja-ne-shkembinj\/","title":{"rendered":"Ngjitja n\u00eb Shk\u00ebmbinj"},"content":{"rendered":"<section class=\"l-section wpb_row height_medium color_alternate with_shape\"><div class=\"l-section-shape type_triangle-2 pos_bottom\" style=\"height:4vw;\"><svg xmlns=\"http:\/\/www.w3.org\/2000\/svg\" viewBox=\"0 0 64 8\" preserveAspectRatio=\"none\" width=\"100%\" height=\"100%\">\r\n\t<path fill=\"currentColor\" d=\"M64 8 L0 8 L0 0 L48 7.9 L64 0 Z\"\/>\r\n<\/svg><\/div><div class=\"l-section-h i-cf\"><div class=\"g-cols cols_1 laptops-cols_inherit tablets-cols_1 mobiles-cols_1 valign_top\"><div class=\"vc_col-sm-12 wpb_column vc_column_container\"><div class=\"vc_column-inner\"><div class=\"wpb_wrapper\"><div class=\"wpb_text_column\"><div class=\"wpb_wrapper\"><p><span style=\"font-weight: 400;\">Me emrin q\u00eb mbajn\u00eb, Bjeshk\u00ebt e Namuna mund t\u2019ju shtyjn\u00eb t\u00eb hiqni dor\u00eb nga ngjitja n\u00eb shk\u00ebmbinj. Ve\u00e7se e v\u00ebrteta \u00ebsht\u00eb se k\u00ebto male ofrojn\u00eb shum\u00eb mund\u00ebsi p\u00ebr ngjitje. N\u00ebse jeni adhurues i ngjitjes n\u00eb shk\u00ebmb, ky terren i pamat\u00eb malor ofron disa zona p\u00ebr k\u00ebt\u00eb aktivitet. N\u00eb ueb faqen ton\u00eb mund t\u00eb zgjidhni mes opsioneve t\u00eb ndryshme dhe do t\u00eb gjeni informata t\u00eb dobishme n\u00eb lidhje me akomodimin, instruktor\u00ebt dhe pajisjet q\u00eb ofrohen n\u00eb af\u00ebrsi. <\/span><b>VINI RE<\/b><span style=\"font-weight: 400;\">: Ju lutemi t\u2019i lexoni me kujdes p\u00ebrshkrimet e t\u00eb gjitha lokacioneve dhe t\u00eb zgjidhni at\u00eb q\u00eb p\u00ebrve\u00e7se ju p\u00eblqen u p\u00ebrshtatet edhe aft\u00ebsive tuaja fizike. <\/span><\/p>\n<\/div><\/div><div class=\"w-separator size_medium with_line width_default thick_1 style_solid color_border align_center\"><div class=\"w-separator-h\"><\/div><\/div><div class=\"w-grid type_grid layout_3807 cols_3 valign_center overflow_hidden with_filters with_css_animation\" id=\"us_grid_1\"><style>#us_grid_1 .w-grid-item{padding:1.5rem}#us_grid_1 .w-grid-list{margin:1.5rem -1.5rem}.w-grid + #us_grid_1 .w-grid-list{margin-top:1.5rem}@media (max-width:899px){#us_grid_1 .w-grid-item{width:50.0000%}}@media (max-width:599px){#us_grid_1 .w-grid-list{margin:0}#us_grid_1 .w-grid-item{width:100.0000%;padding:0;margin-bottom:1.5rem}}.layout_3807 .w-grid-item-h{background:#333;border-radius:0.6rem;z-index:3;box-shadow:0 0.03rem 0.06rem rgba(0,0,0,0.1),0 0.10rem 0.30rem rgba(0,0,0,0.1);transition-duration:0.3s}.no-touch .layout_3807 .w-grid-item-h:hover{box-shadow:0 0.12rem 0.24rem rgba(0,0,0,0.1),0 0.40rem 1.20rem rgba(0,0,0,0.15);z-index:4}.layout_3807 .usg_post_image_1{transition-duration:0.3s;transform-origin:50% 50%;transform:scale(1) translate(0%,0%)}.layout_3807 .w-grid-item-h:hover .usg_post_image_1{transform:scale(1.15) translate(0%,0%);opacity:0.7}.layout_3807 .usg_vwrapper_1{position:absolute!important;right:0!important;bottom:0!important;left:0!important;background:linear-gradient(transparent,rgba(30,30,30,0.8))!important;padding:15% 7% 7% 7%!important}.layout_3807 .usg_post_taxonomy_1{font-weight:700!important;text-transform:uppercase!important;font-size:9px!important;margin-bottom:0.5rem!important}.layout_3807 .usg_post_title_1{color:#ffffff!important;font-weight:700!important;font-size:1.2rem!important}<\/style><div class=\"g-filters style_2 align_center\"><a class=\"g-filters-item active\" href=\"javascript:void(0)\" data-taxonomy=\"*\"><span>All<\/span><\/a><a class=\"g-filters-item\" href=\"javascript:void(0)\" data-taxonomy=\"kosovo-rock-climbing-sq\" data-amount=\"1\"><span>Kosov\u00eb<\/span><span class=\"g-filters-item-amount\">1<\/span><\/a><a class=\"g-filters-item\" href=\"javascript:void(0)\" data-taxonomy=\"montenegro-rock-climbing-sq\" data-amount=\"1\"><span>Mali i Zi<\/span><span class=\"g-filters-item-amount\">1<\/span><\/a><\/div><div class=\"w-grid-list\" data-filter_taxonomy_name=\"category\" data-filter_default_taxonomies=\"kosovo-rock-climbing-sq,montenegro-rock-climbing-sq\">\t<article class=\"w-grid-item animate_fade size_1x1 post-9453 post type-post status-publish format-standard has-post-thumbnail hentry category-montenegro-rock-climbing-sq tag-rock-climbing-in-berane-sq\" data-id=\"9453\" style=\"animation-delay:0s\">\r\n\t\t<div class=\"w-grid-item-h\">\r\n\t\t\t\t\t\t<div class=\"w-post-elm post_image usg_post_image_1 stretched\"><a href=\"https:\/\/accursed-mountains.me\/sq\/ngjitja-ne-shkembinj-ne-berane-gusinje\/\" aria-label=\"Ngjitja n\u00eb shk\u00ebmbinj n\u00eb Berane &#8211; Gusinje\"><img loading=\"lazy\" decoding=\"async\" width=\"600\" height=\"600\" src=\"https:\/\/accursed-mountains.me\/wp-content\/uploads\/2021\/06\/outdoor-mountain-rope-girl-sport-adventure-773208-pxhere.com_-600x600.jpg\" class=\"attachment-thumbnail size-thumbnail wp-post-image\" alt=\"\" \/><\/a><\/div><div class=\"w-vwrapper usg_vwrapper_1 align_left valign_top\"><h6 class=\"w-post-elm post_title usg_post_title_1 entry-title color_link_inherit has_text_color\"><a href=\"https:\/\/accursed-mountains.me\/sq\/ngjitja-ne-shkembinj-ne-berane-gusinje\/\">Ngjitja n\u00eb shk\u00ebmbinj n\u00eb Berane &#8211; Gusinje<\/a><\/h6><div class=\"w-post-elm post_taxonomy usg_post_taxonomy_1 style_badge color_link_inherit\"><a class=\"w-btn us-btn-style_badge\" href=\"https:\/\/accursed-mountains.me\/sq\/category\/montenegro-rock-climbing-sq\/\"><span class=\"w-btn-label\">Mali i Zi<\/span><\/a><\/div><\/div>\t\t<\/div>\r\n\t<\/article>\r\n\t<article class=\"w-grid-item animate_fade size_1x1 post-9435 post type-post status-publish format-standard has-post-thumbnail hentry category-kosovo-rock-climbing-sq category-uncategorized-sq\" data-id=\"9435\" style=\"animation-delay:0.1s\">\r\n\t\t<div class=\"w-grid-item-h\">\r\n\t\t\t\t\t\t<div class=\"w-post-elm post_image usg_post_image_1 stretched\"><a href=\"https:\/\/accursed-mountains.me\/sq\/vija-e-reja-te-ngjitjes-ne-shkembinj-ne-bjeshket-e-nemuna\/\" aria-label=\"Vija e Reja t\u00eb Ngjitjes n\u00eb Shk\u00ebmbinj n\u00eb Bjeshk\u00ebt e Nemuna\"><img loading=\"lazy\" decoding=\"async\" width=\"600\" height=\"600\" src=\"https:\/\/accursed-mountains.me\/wp-content\/uploads\/2021\/06\/New-Rock-climbing-site-2-600x600.jpg\" class=\"attachment-thumbnail size-thumbnail wp-post-image\" alt=\"\" \/><\/a><\/div><div class=\"w-vwrapper usg_vwrapper_1 align_left valign_top\"><h6 class=\"w-post-elm post_title usg_post_title_1 entry-title color_link_inherit has_text_color\"><a href=\"https:\/\/accursed-mountains.me\/sq\/vija-e-reja-te-ngjitjes-ne-shkembinj-ne-bjeshket-e-nemuna\/\">Vija e Reja t\u00eb Ngjitjes n\u00eb Shk\u00ebmbinj n\u00eb Bjeshk\u00ebt e Nemuna<\/a><\/h6><div class=\"w-post-elm post_taxonomy usg_post_taxonomy_1 style_badge color_link_inherit\"><div class=\"w-post-elm-list\"><a class=\"w-btn us-btn-style_badge\" href=\"https:\/\/accursed-mountains.me\/sq\/category\/kosovo-rock-climbing-sq\/\"><span class=\"w-btn-label\">Kosov\u00eb<\/span><\/a><a class=\"w-btn us-btn-style_badge\" href=\"https:\/\/accursed-mountains.me\/sq\/category\/uncategorized-sq\/\"><span class=\"w-btn-label\">Uncategorized @sq<\/span><\/a><\/div><\/div><\/div>\t\t<\/div>\r\n\t<\/article>\r\n<\/div><div class=\"w-grid-preloader\"><div class=\"g-preloader type_1\">\r\n\t<div><\/div>\r\n<\/div>\r\n<\/div>\t<div class=\"w-grid-json hidden\" onclick='return {&quot;action&quot;:&quot;us_ajax_grid&quot;,&quot;ajax_url&quot;:&quot;https:\\\/\\\/accursed-mountains.me\\\/wp-admin\\\/admin-ajax.php&quot;,&quot;infinite_scroll&quot;:0,&quot;max_num_pages&quot;:1,&quot;pagination&quot;:&quot;infinite&quot;,&quot;permalink_url&quot;:&quot;https:\\\/\\\/accursed-mountains.me\\\/sq\\\/wp-json\\\/wp\\\/v2\\\/pages\\\/9457\\\/&quot;,&quot;template_vars&quot;:{&quot;columns&quot;:&quot;3&quot;,&quot;exclude_items&quot;:&quot;none&quot;,&quot;img_size&quot;:&quot;default&quot;,&quot;ignore_items_size&quot;:false,&quot;items_layout&quot;:&quot;3807&quot;,&quot;items_offset&quot;:&quot;1&quot;,&quot;load_animation&quot;:&quot;fade&quot;,&quot;overriding_link&quot;:&quot;none&quot;,&quot;post_id&quot;:9457,&quot;query_args&quot;:{&quot;post_type&quot;:[&quot;post&quot;],&quot;tax_query&quot;:[{&quot;taxonomy&quot;:&quot;category&quot;,&quot;field&quot;:&quot;slug&quot;,&quot;terms&quot;:[&quot;kosovo-rock-climbing-sq&quot;,&quot;montenegro-rock-climbing-sq&quot;]}],&quot;post_status&quot;:[&quot;publish&quot;],&quot;posts_per_page&quot;:&quot;10&quot;},&quot;orderby_query_args&quot;:{&quot;orderby&quot;:&quot;RAND(1450322835)&quot;},&quot;type&quot;:&quot;grid&quot;,&quot;us_grid_ajax_index&quot;:1,&quot;us_grid_filter_params&quot;:null,&quot;us_grid_index&quot;:1,&quot;_us_grid_post_type&quot;:&quot;post&quot;,&quot;lang&quot;:&quot;sq&quot;}}'><\/div>\r\n\t<\/div><\/div><\/div><\/div><\/div><\/div><\/section>\n","protected":false},"excerpt":{"rendered":"Ngjitja n\u00eb shk\u00ebmbinj \u00ebsht\u00eb nj\u00eb vler\u00eb e shtuar sa i p\u00ebrket turizmit s\u00eb aventur\u00ebs n\u00eb trev\u00ebn malore t\u00eb Rugov\u00ebs. \u00cbsht\u00eb Gryka e Rugov\u00ebs parajsa e cila ofron kushte t\u00eb jasht\u00ebzakonshme p\u00ebr ngjitje n\u00eb shk\u00ebmbinj. Shk\u00ebmbinjt\u00eb t\u00eb cilat ngrit\u00ebn deri n\u00eb 1000 m p\u00ebrgjat\u00eb 12 km t\u00eb k\u00ebsaj gryk\u00eb jan\u00eb potenciali m\u00eb i madh i cili...","protected":false},"author":1,"featured_media":5332,"parent":9323,"menu_order":0,"comment_status":"closed","ping_status":"closed","template":"","meta":{"footnotes":""},"class_list":["post-9457","page","type-page","status-publish","has-post-thumbnail","hentry"],"_links":{"self":[{"href":"https:\/\/accursed-mountains.me\/sq\/wp-json\/wp\/v2\/pages\/9457","targetHints":{"allow":["GET"]}}],"collection":[{"href":"https:\/\/accursed-mountains.me\/sq\/wp-json\/wp\/v2\/pages"}],"about":[{"href":"https:\/\/accursed-mountains.me\/sq\/wp-json\/wp\/v2\/types\/page"}],"author":[{"embeddable":true,"href":"https:\/\/accursed-mountains.me\/sq\/wp-json\/wp\/v2\/users\/1"}],"replies":[{"embeddable":true,"href":"https:\/\/accursed-mountains.me\/sq\/wp-json\/wp\/v2\/comments?post=9457"}],"version-history":[{"count":3,"href":"https:\/\/accursed-mountains.me\/sq\/wp-json\/wp\/v2\/pages\/9457\/revisions"}],"predecessor-version":[{"id":9460,"href":"https:\/\/accursed-mountains.me\/sq\/wp-json\/wp\/v2\/pages\/9457\/revisions\/9460"}],"up":[{"embeddable":true,"href":"https:\/\/accursed-mountains.me\/sq\/wp-json\/wp\/v2\/pages\/9323"}],"wp:featuredmedia":[{"embeddable":true,"href":"https:\/\/accursed-mountains.me\/sq\/wp-json\/wp\/v2\/media\/5332"}],"wp:attachment":[{"href":"https:\/\/accursed-mountains.me\/sq\/wp-json\/wp\/v2\/media?parent=9457"}],"curies":[{"name":"wp","href":"https:\/\/api.w.org\/{rel}","templated":true}]}}